{"id":37551,"date":"2025-10-15T12:36:46","date_gmt":"2025-10-15T10:36:46","guid":{"rendered":"https:\/\/serverdedicato.lovenailsrivenditore.com\/?product=yoshi-yacth-e-yoyo-n-204-red-carpet-6ml"},"modified":"2026-04-20T13:36:27","modified_gmt":"2026-04-20T11:36:27","slug":"yoshi-yacth-e-yoyo-n-204-red-carpet-6ml","status":"publish","type":"product","link":"https:\/\/serverdedicato.lovenailsrivenditore.com\/?product=yoshi-yacth-e-yoyo-n-204-red-carpet-6ml","title":{"rendered":"YOSHI &#8211; YACTH E YOYO n.204 &#8211; RED CARPET &#8211; 6ml"},"content":{"rendered":"<p>Lo yacht e Yoyo di YOSHI \u00e8 un insieme di tonalit\u00e0 eleganti e sofisticate che catturano perfettamente l&#8217;atmosfera di una lussuosa vacanza in yacht. Ispirata ai momenti di relax, ai tramonti e al glamour lussuoso, questa collezione \u00e8 l&#8217;essenza della classe e della libert\u00e0. Perfetto per chi vuole godere sia dell&#8217;eleganza che della libert\u00e0 durante i momenti speciali.<\/p>\n","protected":false},"excerpt":{"rendered":"<p>Lo yacht e Yoyo di YOSHI \u00e8 un insieme di tonalit\u00e0 eleganti e sofisticate che catturano perfettamente l&#8217;atmosfera di una lussuosa vacanza in yacht. Ispirata ai momenti di relax, ai tramonti e al glamour lussuoso, questa collezione \u00e8 l&#8217;essenza della classe e della libert\u00e0. Perfetto per chi vuole godere sia dell&#8217;eleganza che della libert\u00e0 durante i momenti speciali.<\/p>\n","protected":false},"featured_media":37552,"comment_status":"closed","ping_status":"open","template":"","meta":[],"product_brand":[],"product_cat":[24,2796,83,89,2795],"product_tag":[469,61,275],"class_list":{"0":"post-37551","1":"product","2":"type-product","3":"status-publish","4":"has-post-thumbnail","6":"product_cat-colori","7":"product_cat-colori-semipermanenti","8":"product_cat-semipermanenti","9":"product_cat-super-saldi-di-gennaio","10":"product_cat-yoshi","11":"product_tag-elegante","12":"product_tag-pink","13":"product_tag-rosa","15":"first","16":"instock","17":"shipping-taxable","18":"purchasable","19":"product-type-simple"},"_links":{"self":[{"href":"https:\/\/serverdedicato.lovenailsrivenditore.com\/index.php?rest_route=\/wp\/v2\/product\/37551","targetHints":{"allow":["GET"]}}],"collection":[{"href":"https:\/\/serverdedicato.lovenailsrivenditore.com\/index.php?rest_route=\/wp\/v2\/product"}],"about":[{"href":"https:\/\/serverdedicato.lovenailsrivenditore.com\/index.php?rest_route=\/wp\/v2\/types\/product"}],"replies":[{"embeddable":true,"href":"https:\/\/serverdedicato.lovenailsrivenditore.com\/index.php?rest_route=%2Fwp%2Fv2%2Fcomments&post=37551"}],"wp:featuredmedia":[{"embeddable":true,"href":"https:\/\/serverdedicato.lovenailsrivenditore.com\/index.php?rest_route=\/wp\/v2\/media\/37552"}],"wp:attachment":[{"href":"https:\/\/serverdedicato.lovenailsrivenditore.com\/index.php?rest_route=%2Fwp%2Fv2%2Fmedia&parent=37551"}],"wp:term":[{"taxonomy":"product_brand","embeddable":true,"href":"https:\/\/serverdedicato.lovenailsrivenditore.com\/index.php?rest_route=%2Fwp%2Fv2%2Fproduct_brand&post=37551"},{"taxonomy":"product_cat","embeddable":true,"href":"https:\/\/serverdedicato.lovenailsrivenditore.com\/index.php?rest_route=%2Fwp%2Fv2%2Fproduct_cat&post=37551"},{"taxonomy":"product_tag","embeddable":true,"href":"https:\/\/serverdedicato.lovenailsrivenditore.com\/index.php?rest_route=%2Fwp%2Fv2%2Fproduct_tag&post=37551"}],"curies":[{"name":"wp","href":"https:\/\/api.w.org\/{rel}","templated":true}]}}