{"id":37611,"date":"2025-10-15T14:31:00","date_gmt":"2025-10-15T12:31:00","guid":{"rendered":"https:\/\/serverdedicato.lovenailsrivenditore.com\/?product=yoshi-holly-holiday-n-626-silent-night-6ml"},"modified":"2026-04-20T13:37:19","modified_gmt":"2026-04-20T11:37:19","slug":"yoshi-holly-holiday-n-626-silent-night-6ml","status":"publish","type":"product","link":"https:\/\/serverdedicato.lovenailsrivenditore.com\/?product=yoshi-holly-holiday-n-626-silent-night-6ml","title":{"rendered":"YOSHI &#8211; HOLLY HOLIDAY n.626 &#8211; SILENT NIGHT &#8211; 6ml"},"content":{"rendered":"<p>Lascia che la collezione &#8220;Holly Holiday&#8221; ti trasporti nel cuore delle festivit\u00e0 natalizie.<\/p>\n<p>Ispirato ai tradizionali colori natalizi, combina il rosso intenso, il verde, l&#8217;argento e l&#8217;oro con l&#8217;accattivante scintillio dei glitter. Ogni tonalit\u00e0 \u00e8 come un pezzo di una storia di Natale, piena di magia, calore e nostalgia. Questa collezione illuminer\u00e0 i tuoi outfit per le feste di Natale, le riunioni di famiglia e le serate all&#8217;albero di Natale.<\/p>\n","protected":false},"excerpt":{"rendered":"<p>Lascia che la collezione &#8220;Holly Holiday&#8221; ti trasporti nel cuore delle festivit\u00e0 natalizie.<\/p>\n<p>Ispirato ai tradizionali colori natalizi, combina il rosso intenso, il verde, l&#8217;argento e l&#8217;oro con l&#8217;accattivante scintillio dei glitter. Ogni tonalit\u00e0 \u00e8 come un pezzo di una storia di Natale, piena di magia, calore e nostalgia. Questa collezione illuminer\u00e0 i tuoi outfit per le feste di Natale, le riunioni di famiglia e le serate all&#8217;albero di Natale<\/p>\n","protected":false},"featured_media":37612,"comment_status":"closed","ping_status":"open","template":"","meta":[],"product_brand":[],"product_cat":[24,2796,83,2795],"product_tag":[807,350,3054],"class_list":{"0":"post-37611","1":"product","2":"type-product","3":"status-publish","4":"has-post-thumbnail","6":"product_cat-colori","7":"product_cat-colori-semipermanenti","8":"product_cat-semipermanenti","9":"product_cat-yoshi","10":"product_tag-christmas","11":"product_tag-glitter","12":"product_tag-holiday","14":"first","15":"instock","16":"shipping-taxable","17":"purchasable","18":"product-type-simple"},"_links":{"self":[{"href":"https:\/\/serverdedicato.lovenailsrivenditore.com\/index.php?rest_route=\/wp\/v2\/product\/37611","targetHints":{"allow":["GET"]}}],"collection":[{"href":"https:\/\/serverdedicato.lovenailsrivenditore.com\/index.php?rest_route=\/wp\/v2\/product"}],"about":[{"href":"https:\/\/serverdedicato.lovenailsrivenditore.com\/index.php?rest_route=\/wp\/v2\/types\/product"}],"replies":[{"embeddable":true,"href":"https:\/\/serverdedicato.lovenailsrivenditore.com\/index.php?rest_route=%2Fwp%2Fv2%2Fcomments&post=37611"}],"wp:featuredmedia":[{"embeddable":true,"href":"https:\/\/serverdedicato.lovenailsrivenditore.com\/index.php?rest_route=\/wp\/v2\/media\/37612"}],"wp:attachment":[{"href":"https:\/\/serverdedicato.lovenailsrivenditore.com\/index.php?rest_route=%2Fwp%2Fv2%2Fmedia&parent=37611"}],"wp:term":[{"taxonomy":"product_brand","embeddable":true,"href":"https:\/\/serverdedicato.lovenailsrivenditore.com\/index.php?rest_route=%2Fwp%2Fv2%2Fproduct_brand&post=37611"},{"taxonomy":"product_cat","embeddable":true,"href":"https:\/\/serverdedicato.lovenailsrivenditore.com\/index.php?rest_route=%2Fwp%2Fv2%2Fproduct_cat&post=37611"},{"taxonomy":"product_tag","embeddable":true,"href":"https:\/\/serverdedicato.lovenailsrivenditore.com\/index.php?rest_route=%2Fwp%2Fv2%2Fproduct_tag&post=37611"}],"curies":[{"name":"wp","href":"https:\/\/api.w.org\/{rel}","templated":true}]}}