{"id":37756,"date":"2025-10-18T08:45:43","date_gmt":"2025-10-18T06:45:43","guid":{"rendered":"https:\/\/serverdedicato.lovenailsrivenditore.com\/?product=stylistic-fresa-portatile-f1"},"modified":"2026-04-20T13:40:34","modified_gmt":"2026-04-20T11:40:34","slug":"stylistic-fresa-portatile-f1","status":"publish","type":"product","link":"https:\/\/serverdedicato.lovenailsrivenditore.com\/?product=stylistic-fresa-portatile-f1","title":{"rendered":"STYLISTIC &#8211; FRESA PORTATILE &#8211; F1"},"content":{"rendered":"<p>Scopri la\u00a0<strong>fresatrice per unghie a batteria<\/strong>\u00a0<strong>Stylistic<\/strong>, un dispositivo creato per gli stilisti che apprezzano la mobilit\u00e0, il comfort di lavoro e la facilit\u00e0 d&#8217;uso. La fresatrice portatile Stylistic consente\u00a0<strong>di sviluppare cuticole, preparare la lamina ungueale e rimuovere la massa ibrida, gel e acrilica.<\/strong><\/p>\n<p>Consente di lavorare a velocit\u00e0\u00a0<strong>fino a 35.000 giri al minuto<\/strong>, con una regolazione fluida e la possibilit\u00e0 di cambiare il senso di rotazione, avanti e indietro. Grazie alla batteria integrata da 2&#215;2000 mAh, il dispositivo\u00a0<strong>pu\u00f2 funzionare ininterrottamente fino a 8 ore con una singola carica<\/strong>, mantenendo un funzionamento estremamente silenzioso.\u00a0<strong>Il design compatto e la clip da cintura<\/strong>\u00a0rendono la fresatrice comoda per il lavoro mobile e il chiaro display LCD consente di leggere rapidamente le impostazioni.<\/p>\n<p><strong>La base nera<\/strong>\u00a0del dispositivo, in combinazione con\u00a0<strong>l&#8217;acciaio e l&#8217;impugnatura viola,<\/strong>\u00a0crea un look elegante e moderno.\u00a0<strong>L&#8217;impugnatura solida e robusta<\/strong>\u00a0garantisce precisione e comfort anche durante le lunghe sessioni di styling. Adatto a frese standard con un diametro del gambo di 2,35 mm.<\/p>\n<p><strong>\u00a0<\/strong><\/p>\n<p><strong>Caratteristiche principali:<\/strong><\/p>\n<ul>\n<li>Fino a\u00a0<strong>35.000 giri\/min<\/strong>: il numero di giri regolabile all&#8217;infinito ti d\u00e0 il pieno controllo del tuo lavoro;<\/li>\n<li><strong>Rotazione avanti e indietro;<\/strong><\/li>\n<li><strong>Wireless e portatile<\/strong>: ideale per il lavoro mobile;<\/li>\n<li>Fino\u00a0<strong>a 8 ore di funzionamento<\/strong>\u00a0con una singola carica &#8211;\u00a0<strong>2 batterie da 2000 mAh;<\/strong><\/li>\n<li><strong>Funzionamento silenzioso<\/strong>\u00a0\u2013 elevato comfort di utilizzo senza rumori fastidiosi;<\/li>\n<li><strong>Display LCD<\/strong>\u00a0\u2013 anteprima rapida dei parametri operativi;<\/li>\n<li><strong>Design compatto<\/strong>\u00a0&#8211; risparmio di spazio sulla stazione;<\/li>\n<li><strong>Clip da cintura<\/strong>\u00a0\u2013 comodo da usare in movimento;<\/li>\n<li>Adatto a\u00a0<strong>frese standard con un diametro del gambo di 2,35 mm;<\/strong><\/li>\n<li><strong>Potenza: 20W.<\/strong><\/li>\n<\/ul>\n<p><strong>AVVERTENZE<\/strong><\/p>\n<ul>\n<li><strong>Prima di utilizzare la fresatrice, leggere il manuale, l&#8217;apparecchio deve essere utilizzato solo come previsto.\u00a0<\/strong>Un uso corretto e corretto secondo le raccomandazioni prolungher\u00e0 la vita del dispositivo.<\/li>\n<li><strong>Indossare sempre occhiali di sicurezza e una maschera quando si lavora con la fresatrice.<\/strong><\/li>\n<li>Prima di iniziare il lavoro, assicurarsi che la fresa montata sia posizionata correttamente nella testa e fissata correttamente. L&#8217;utilizzo della fresatrice con una fresa non protetta o danneggiata pu\u00f2 causare danni alla macchina o causare lesioni.<\/li>\n<li>Non utilizzare il router se l&#8217;apparecchio o uno qualsiasi dei cavi sono danneggiati.<\/li>\n<li><strong>Non utilizzare la fresatrice mentre l&#8217;apparecchio \u00e8 in carica.<\/strong><\/li>\n<li>Non utilizzare il router con damp\/mani bagnate.<\/li>\n<li>L&#8217;apparecchio \u00e8 destinato all&#8217;uso interno, non deve essere utilizzato all&#8217;aperto.<\/li>\n<li>Non conservare o utilizzare il dispositivo a temperature elevate, umidit\u00e0 elevata o in un luogo con forte luce solare.<\/li>\n<li><strong>TENERE FUORI DALLA PORTATA DEI BAMBINI.<\/strong>\u00a0L&#8217;apparecchio pu\u00f2 contenere piccole parti che rappresentano un rischio di soffocamento per i bambini. Tenere i piccoli oggetti fuori dalla portata dei bambini. Il dispositivo e i suoi accessori non sono giocattoli. Non darli ai bambini per giocarci, poich\u00e9 potrebbero danneggiare se stessi o gli altri o danneggiare l&#8217;apparecchio. Tenere l&#8217;apparecchio, tutte le sue parti e gli accessori fuori dalla portata dei bambini.<\/li>\n<\/ul>\n<p><strong>PRECAUZIONI<\/strong><\/p>\n<ul>\n<li>Per garantire un funzionamento senza problemi del dispositivo, lavorare con la fresatrice in modalit\u00e0 intermittente.<\/li>\n<li>Prima della procedura, controllare il dispositivo (distanza, vibrazione, suono e temperatura) a distanza di sicurezza dal cliente.<\/li>\n<li>Se il dispositivo non \u00e8 stato utilizzato per pi\u00f9 di 3 mesi, assicurarsi che la batteria sia carica almeno al 30% prima dell&#8217;uso.<\/li>\n<li>Non lasciare che la base o l&#8217;impugnatura del router si surriscaldino.<\/li>\n<li>Proteggere il dispositivo dal contatto con polvere, acqua e altri liquidi.<\/li>\n<li>Lo smontaggio o la modifica del dispositivo da parte propria invalider\u00e0 la garanzia. Il produttore\/distributore non si assume alcuna responsabilit\u00e0 per il funzionamento corretto e sicuro del dispositivo e la sua integrit\u00e0 \u00e8 compromessa dall&#8217;utente.<\/li>\n<\/ul>\n","protected":false},"excerpt":{"rendered":"<p>Scopri la\u00a0<strong>fresatrice per unghie a batteria<\/strong>\u00a0<strong>Stylistic<\/strong>, un dispositivo creato per gli stilisti che apprezzano la mobilit\u00e0, il comfort di lavoro e la facilit\u00e0 d&#8217;uso. La fresatrice portatile Stylistic consente\u00a0<strong>di sviluppare cuticole, preparare la lamina ungueale e rimuovere la massa ibrida, gel e acrilica.<\/strong><\/p>\n<p>Consente di lavorare a velocit\u00e0\u00a0<strong>fino a 35.000 giri al minuto<\/strong>, con una regolazione fluida e la possibilit\u00e0 di cambiare il senso di rotazione, avanti e indietro. Grazie alla batteria integrata da 2&#215;2000 mAh, il dispositivo\u00a0<strong>pu\u00f2 funzionare ininterrottamente fino a 8 ore con una singola carica<\/strong>, mantenendo un funzionamento estremamente silenzioso.\u00a0<strong>Il design compatto e la clip da cintura<\/strong>\u00a0rendono la fresatrice comoda per il lavoro mobile e il chiaro display LCD consente di leggere rapidamente le impostazioni.<\/p>\n<p><strong>La base nera<\/strong>\u00a0del dispositivo, in combinazione con\u00a0<strong>l&#8217;acciaio e l&#8217;impugnatura viola,<\/strong>\u00a0crea un look elegante e moderno.\u00a0<strong>L&#8217;impugnatura solida e robusta<\/strong>\u00a0garantisce precisione e comfort anche durante le lunghe sessioni di styling. Adatto a frese standard con un diametro del gambo di 2,35 mm.<\/p>\n","protected":false},"featured_media":37757,"comment_status":"closed","ping_status":"open","template":"","meta":[],"product_brand":[],"product_cat":[147,148],"product_tag":[175,1678],"class_list":{"0":"post-37756","1":"product","2":"type-product","3":"status-publish","4":"has-post-thumbnail","6":"product_cat-apparecchiature","7":"product_cat-micromotori-e-accessori","8":"product_tag-fresa","9":"product_tag-fresa-portatile","11":"first","12":"instock","13":"shipping-taxable","14":"purchasable","15":"product-type-simple"},"_links":{"self":[{"href":"https:\/\/serverdedicato.lovenailsrivenditore.com\/index.php?rest_route=\/wp\/v2\/product\/37756","targetHints":{"allow":["GET"]}}],"collection":[{"href":"https:\/\/serverdedicato.lovenailsrivenditore.com\/index.php?rest_route=\/wp\/v2\/product"}],"about":[{"href":"https:\/\/serverdedicato.lovenailsrivenditore.com\/index.php?rest_route=\/wp\/v2\/types\/product"}],"replies":[{"embeddable":true,"href":"https:\/\/serverdedicato.lovenailsrivenditore.com\/index.php?rest_route=%2Fwp%2Fv2%2Fcomments&post=37756"}],"wp:featuredmedia":[{"embeddable":true,"href":"https:\/\/serverdedicato.lovenailsrivenditore.com\/index.php?rest_route=\/wp\/v2\/media\/37757"}],"wp:attachment":[{"href":"https:\/\/serverdedicato.lovenailsrivenditore.com\/index.php?rest_route=%2Fwp%2Fv2%2Fmedia&parent=37756"}],"wp:term":[{"taxonomy":"product_brand","embeddable":true,"href":"https:\/\/serverdedicato.lovenailsrivenditore.com\/index.php?rest_route=%2Fwp%2Fv2%2Fproduct_brand&post=37756"},{"taxonomy":"product_cat","embeddable":true,"href":"https:\/\/serverdedicato.lovenailsrivenditore.com\/index.php?rest_route=%2Fwp%2Fv2%2Fproduct_cat&post=37756"},{"taxonomy":"product_tag","embeddable":true,"href":"https:\/\/serverdedicato.lovenailsrivenditore.com\/index.php?rest_route=%2Fwp%2Fv2%2Fproduct_tag&post=37756"}],"curies":[{"name":"wp","href":"https:\/\/api.w.org\/{rel}","templated":true}]}}