{"id":38114,"date":"2025-10-21T12:20:43","date_gmt":"2025-10-21T10:20:43","guid":{"rendered":"https:\/\/serverdedicato.lovenailsrivenditore.com\/?product=saga-stamping-paint-n-08-8ml"},"modified":"2026-04-20T13:46:44","modified_gmt":"2026-04-20T11:46:44","slug":"saga-stamping-paint-n-08-8ml","status":"publish","type":"product","link":"https:\/\/serverdedicato.lovenailsrivenditore.com\/?product=saga-stamping-paint-n-08-8ml","title":{"rendered":"SAGA &#8211; STAMPING PAINT n.08 &#8211; 8ml"},"content":{"rendered":"<p>Stamping Saga Professional \u00e8 uno smalto progettato per il disegno a stamping di qualsiasi livello di complessit\u00e0.<\/p>\n<p>Contiene un&#8217;alta concentrazione di pigmento colorato per motivi vivaci e contrastanti.<\/p>\n<p>Ha una consistenza ottimale che consente di riempire completamente i dettagli e gli elementi pi\u00f9 piccoli sulle affinch\u00e9 il motivo venga trasferito completamente e appaia completo.<\/p>\n<p>La palette contiene tutti i colori pi\u00f9 popolari, cos\u00ec il professionista potr\u00e0 lavorare e sperimentare facilmente e con piacere e il risultato sar\u00e0 sempre soddisfacente.<\/p>\n","protected":false},"excerpt":{"rendered":"<p>Stamping Saga Professional \u00e8 uno smalto progettato per il disegno a stamping di qualsiasi livello di complessit\u00e0.<\/p>\n<p>Contiene un&#8217;alta concentrazione di pigmento colorato per motivi vivaci e contrastanti.<\/p>\n<p>Ha una consistenza ottimale che consente di riempire completamente i dettagli e gli elementi pi\u00f9 piccoli sulle affinch\u00e9 il motivo venga trasferito completamente e appaia completo.<\/p>\n<p>La palette contiene tutti i colori pi\u00f9 popolari, cos\u00ec il professionista potr\u00e0 lavorare e sperimentare facilmente e con piacere e il risultato sar\u00e0 sempre soddisfacente.<\/p>\n","protected":false},"featured_media":38115,"comment_status":"closed","ping_status":"open","template":"","meta":[],"product_brand":[],"product_cat":[3071,2836],"product_tag":[3072,414,1191],"class_list":{"0":"post-38114","1":"product","2":"type-product","3":"status-publish","4":"has-post-thumbnail","6":"product_cat-colori-art","7":"product_cat-saga-professional","8":"product_tag-colori-stamping","9":"product_tag-stamping","10":"product_tag-timbro","12":"first","13":"instock","14":"shipping-taxable","15":"purchasable","16":"product-type-simple"},"_links":{"self":[{"href":"https:\/\/serverdedicato.lovenailsrivenditore.com\/index.php?rest_route=\/wp\/v2\/product\/38114","targetHints":{"allow":["GET"]}}],"collection":[{"href":"https:\/\/serverdedicato.lovenailsrivenditore.com\/index.php?rest_route=\/wp\/v2\/product"}],"about":[{"href":"https:\/\/serverdedicato.lovenailsrivenditore.com\/index.php?rest_route=\/wp\/v2\/types\/product"}],"replies":[{"embeddable":true,"href":"https:\/\/serverdedicato.lovenailsrivenditore.com\/index.php?rest_route=%2Fwp%2Fv2%2Fcomments&post=38114"}],"wp:featuredmedia":[{"embeddable":true,"href":"https:\/\/serverdedicato.lovenailsrivenditore.com\/index.php?rest_route=\/wp\/v2\/media\/38115"}],"wp:attachment":[{"href":"https:\/\/serverdedicato.lovenailsrivenditore.com\/index.php?rest_route=%2Fwp%2Fv2%2Fmedia&parent=38114"}],"wp:term":[{"taxonomy":"product_brand","embeddable":true,"href":"https:\/\/serverdedicato.lovenailsrivenditore.com\/index.php?rest_route=%2Fwp%2Fv2%2Fproduct_brand&post=38114"},{"taxonomy":"product_cat","embeddable":true,"href":"https:\/\/serverdedicato.lovenailsrivenditore.com\/index.php?rest_route=%2Fwp%2Fv2%2Fproduct_cat&post=38114"},{"taxonomy":"product_tag","embeddable":true,"href":"https:\/\/serverdedicato.lovenailsrivenditore.com\/index.php?rest_route=%2Fwp%2Fv2%2Fproduct_tag&post=38114"}],"curies":[{"name":"wp","href":"https:\/\/api.w.org\/{rel}","templated":true}]}}