{"id":38426,"date":"2025-10-24T14:51:29","date_gmt":"2025-10-24T12:51:29","guid":{"rendered":"https:\/\/serverdedicato.lovenailsrivenditore.com\/?product=532-crushed-diamonds-5ml-molly-lac"},"modified":"2026-04-20T13:53:09","modified_gmt":"2026-04-20T11:53:09","slug":"532-crushed-diamonds-5ml-molly-lac","status":"publish","type":"product","link":"https:\/\/serverdedicato.lovenailsrivenditore.com\/?product=532-crushed-diamonds-5ml-molly-lac","title":{"rendered":"532 Crushed Diamonds 5ml &#8211; Molly Lac"},"content":{"rendered":"<p dir=\"ltr\">Lo smalto semipermanente Molly Lac \u00e8 la scelta perfetta per chi cerca un prodotto di alta qualit\u00e0 per la propria manicure. Con un&#8217;ampia gamma di colori vivaci e di lunga durata, lo smalto per unghie Molly Lac aggiunge un&#8217;intensa lucentezza alle tue unghie pur durando a lungo.<\/p>\n<p>&nbsp;<\/p>\n<p dir=\"ltr\">Che tu preferisca le tonalit\u00e0 pastello o i colori audaci, la vasta gamma di smalti semipermanenti Molly Lac ti d\u00e0 la libert\u00e0 di esprimere la tua creativit\u00e0 in ogni dettaglio della tua manicure.<\/p>\n","protected":false},"excerpt":{"rendered":"<p dir=\"ltr\">Lo smalto semipermanente Molly Lac \u00e8 la scelta perfetta per chi cerca un prodotto di alta qualit\u00e0 per la propria manicure. Con un&#8217;ampia gamma di colori vivaci e di lunga durata, lo smalto per unghie Molly Lac aggiunge un&#8217;intensa lucentezza alle tue unghie pur durando a lungo.<\/p>\n<p dir=\"ltr\">Che tu preferisca le tonalit\u00e0 pastello o i colori audaci, la vasta gamma di smalti semipermanenti Molly Lac ti d\u00e0 la libert\u00e0 di esprimere la tua creativit\u00e0 in ogni dettaglio della tua manicure.<\/p>\n","protected":false},"featured_media":38427,"comment_status":"closed","ping_status":"open","template":"","meta":[],"product_brand":[],"product_cat":[82,81],"product_tag":[350,499],"class_list":{"0":"post-38426","1":"product","2":"type-product","3":"status-publish","4":"has-post-thumbnail","6":"product_cat-colori-semipermanente","7":"product_cat-molly-lac","8":"product_tag-glitter","9":"product_tag-paillettes","11":"first","12":"instock","13":"shipping-taxable","14":"purchasable","15":"product-type-simple"},"_links":{"self":[{"href":"https:\/\/serverdedicato.lovenailsrivenditore.com\/index.php?rest_route=\/wp\/v2\/product\/38426","targetHints":{"allow":["GET"]}}],"collection":[{"href":"https:\/\/serverdedicato.lovenailsrivenditore.com\/index.php?rest_route=\/wp\/v2\/product"}],"about":[{"href":"https:\/\/serverdedicato.lovenailsrivenditore.com\/index.php?rest_route=\/wp\/v2\/types\/product"}],"replies":[{"embeddable":true,"href":"https:\/\/serverdedicato.lovenailsrivenditore.com\/index.php?rest_route=%2Fwp%2Fv2%2Fcomments&post=38426"}],"wp:featuredmedia":[{"embeddable":true,"href":"https:\/\/serverdedicato.lovenailsrivenditore.com\/index.php?rest_route=\/wp\/v2\/media\/38427"}],"wp:attachment":[{"href":"https:\/\/serverdedicato.lovenailsrivenditore.com\/index.php?rest_route=%2Fwp%2Fv2%2Fmedia&parent=38426"}],"wp:term":[{"taxonomy":"product_brand","embeddable":true,"href":"https:\/\/serverdedicato.lovenailsrivenditore.com\/index.php?rest_route=%2Fwp%2Fv2%2Fproduct_brand&post=38426"},{"taxonomy":"product_cat","embeddable":true,"href":"https:\/\/serverdedicato.lovenailsrivenditore.com\/index.php?rest_route=%2Fwp%2Fv2%2Fproduct_cat&post=38426"},{"taxonomy":"product_tag","embeddable":true,"href":"https:\/\/serverdedicato.lovenailsrivenditore.com\/index.php?rest_route=%2Fwp%2Fv2%2Fproduct_tag&post=38426"}],"curies":[{"name":"wp","href":"https:\/\/api.w.org\/{rel}","templated":true}]}}