{"id":38506,"date":"2025-10-25T11:23:10","date_gmt":"2025-10-25T09:23:10","guid":{"rendered":"https:\/\/serverdedicato.lovenailsrivenditore.com\/?product=kodi-cherry-cat-shine-cs-n-24-7ml"},"modified":"2026-04-20T13:54:28","modified_gmt":"2026-04-20T11:54:28","slug":"kodi-cherry-cat-shine-cs-n-24-7ml","status":"publish","type":"product","link":"https:\/\/serverdedicato.lovenailsrivenditore.com\/?product=kodi-cherry-cat-shine-cs-n-24-7ml","title":{"rendered":"KODI &#8211; CHERRY CAT SHINE CS n.24 &#8211; 7ml"},"content":{"rendered":"<p>La serie di smalti gel a tema Cherry Cat Shine, sviluppata dai principali esperti del famoso marchio internazionale Kodi Professional, \u00e8 meritatamente diventata una delle preferite dai tecnici delle unghie e dai clienti. La formula altamente pigmentata satura di particelle metallizzate crea un fantastico rivestimento con luccichio olografico multidimensionale.<\/p>\n<p>Lo smalto gel ha una consistenza bilanciata, che si distribuisce uniformemente sulle unghie con un pennello e non scorre. Non crea problemi durante la polimerizzazione e rimane durevole, a condizione che vengano seguite le raccomandazioni dei tecnologi.<\/p>\n<p>Per attivare il processo magico bisogna utilizzare un magnete . Sotto la sua influenza, la massa metallizzata inizier\u00e0 a muoversi, creando disegni magnifici e unici. La formula dello smalto semipermanente \u00e8 bilanciata e comoda da lavorare: il prodotto \u00e8 facile da applicare e distribuire senza timore di stendersi. La polimerizzazione \u00e8 standard sotto qualsiasi lampada.<\/p>\n<p><strong>Polimerizzazione:<\/strong>\u00a02 minuti in lampada UV, 30-60 secondi in lampada LED. Per ottenere l&#8217;effetto pi\u00f9 intenso e luminoso, si consiglia di utilizzare lo smalto semipermanente nero n. 100 BW come base.<\/p>\n<p><strong>Cautela:<\/strong>\u00a0Questo prodotto \u00e8 solo per uso esterno. Evitare il contatto con gli occhi. Interrompere l&#8217;uso del prodotto se si verifica una reazione allergica. Tenere fuori dalla portata e dalla vista dei bambini; destinato esclusivamente all&#8217;uso professionale.<\/p>\n<p><strong>Data di scadenza:\u00a0<\/strong>24 mesi dalla data di produzione indicata sulla confezione.<\/p>\n","protected":false},"excerpt":{"rendered":"<p>La serie di smalti gel a tema Cherry Cat Shine, sviluppata dai principali esperti del famoso marchio internazionale Kodi Professional, \u00e8 meritatamente diventata una delle preferite dai tecnici delle unghie e dai clienti. La formula altamente pigmentata satura di particelle metallizzate crea un fantastico rivestimento con luccichio olografico multidimensionale.<\/p>\n","protected":false},"featured_media":38507,"comment_status":"closed","ping_status":"open","template":"","meta":[],"product_brand":[],"product_cat":[24,3043,2627,83,1509],"product_tag":[284,807,262,2197],"class_list":{"0":"post-38506","1":"product","2":"type-product","3":"status-publish","4":"has-post-thumbnail","6":"product_cat-colori","7":"product_cat-colori-semipermanenti-kodi","8":"product_cat-kodi","9":"product_cat-semipermanenti","10":"product_cat-top-brand-professionali-unghie","11":"product_tag-bordeaux","12":"product_tag-christmas","13":"product_tag-rosso","14":"product_tag-rosso-glitter","16":"first","17":"instock","18":"shipping-taxable","19":"purchasable","20":"product-type-simple"},"_links":{"self":[{"href":"https:\/\/serverdedicato.lovenailsrivenditore.com\/index.php?rest_route=\/wp\/v2\/product\/38506","targetHints":{"allow":["GET"]}}],"collection":[{"href":"https:\/\/serverdedicato.lovenailsrivenditore.com\/index.php?rest_route=\/wp\/v2\/product"}],"about":[{"href":"https:\/\/serverdedicato.lovenailsrivenditore.com\/index.php?rest_route=\/wp\/v2\/types\/product"}],"replies":[{"embeddable":true,"href":"https:\/\/serverdedicato.lovenailsrivenditore.com\/index.php?rest_route=%2Fwp%2Fv2%2Fcomments&post=38506"}],"wp:featuredmedia":[{"embeddable":true,"href":"https:\/\/serverdedicato.lovenailsrivenditore.com\/index.php?rest_route=\/wp\/v2\/media\/38507"}],"wp:attachment":[{"href":"https:\/\/serverdedicato.lovenailsrivenditore.com\/index.php?rest_route=%2Fwp%2Fv2%2Fmedia&parent=38506"}],"wp:term":[{"taxonomy":"product_brand","embeddable":true,"href":"https:\/\/serverdedicato.lovenailsrivenditore.com\/index.php?rest_route=%2Fwp%2Fv2%2Fproduct_brand&post=38506"},{"taxonomy":"product_cat","embeddable":true,"href":"https:\/\/serverdedicato.lovenailsrivenditore.com\/index.php?rest_route=%2Fwp%2Fv2%2Fproduct_cat&post=38506"},{"taxonomy":"product_tag","embeddable":true,"href":"https:\/\/serverdedicato.lovenailsrivenditore.com\/index.php?rest_route=%2Fwp%2Fv2%2Fproduct_tag&post=38506"}],"curies":[{"name":"wp","href":"https:\/\/api.w.org\/{rel}","templated":true}]}}