{"id":38787,"date":"2025-11-12T12:29:56","date_gmt":"2025-11-12T11:29:56","guid":{"rendered":"https:\/\/serverdedicato.lovenailsrivenditore.com\/?product=kodi-modeling-gel-glass-n-07-12ml"},"modified":"2026-04-20T13:58:57","modified_gmt":"2026-04-20T11:58:57","slug":"kodi-modeling-gel-glass-n-07-12ml","status":"publish","type":"product","link":"https:\/\/serverdedicato.lovenailsrivenditore.com\/?product=kodi-modeling-gel-glass-n-07-12ml","title":{"rendered":"KODI &#8211; MODELING GEL &#8211; GLASS n.07 &#8211; 12ml"},"content":{"rendered":"<p>La collezione Glass Builder Gel del famoso marchio internazionale Kodi Professional \u00e8 un materiale modellante di alta qualit\u00e0 che crea un effetto vetro precisamente effetto &#8220;bagnato&#8221;. \u00a0 La serie Glass Builder Gel \u00e8 adatta per modellare e rinforzare unghie di qualsiasi forma e lunghezza. La consistenza densa del materiale impedisce che si sparga sulle cuticole e sui valli laterali, il gel \u00e8 autolivellante e facile da limare. Non provoca bruciore durante la polimerizzazione, poich\u00e9 appartiene ai gel con propriet\u00e0 a bassa temperatura.<\/p>\n<p>Consigli per l&#8217;uso: Glass Builder Gel \u00e8 un prodotto trifasico. Richiede l&#8217;applicazione preventiva di UV BASE o gel monofasico. Polimerizza in lampade da 40 W per 2 minuti.<\/p>\n","protected":false},"excerpt":{"rendered":"<p>La collezione Glass Builder Gel del famoso marchio internazionale Kodi Professional \u00e8 un materiale modellante di alta qualit\u00e0 che crea un effetto vetro precisamente effetto &#8220;bagnato&#8221;. \u00a0 La serie Glass Builder Gel \u00e8 adatta per modellare e rinforzare unghie di qualsiasi forma e lunghezza. La consistenza densa del materiale impedisce che si sparga sulle cuticole e sui valli laterali, il gel \u00e8 autolivellante e facile da limare. Non provoca bruciore durante la polimerizzazione, poich\u00e9 appartiene ai gel con propriet\u00e0 a bassa temperatura.<\/p>\n<p>Consigli per l&#8217;uso: Glass Builder Gel \u00e8 un prodotto trifasico. Richiede l&#8217;applicazione preventiva di UV BASE o gel monofasico. Polimerizza in lampade da 40 W per 2 minuti.<\/p>\n","protected":false},"featured_media":38788,"comment_status":"closed","ping_status":"open","template":"","meta":[],"product_brand":[],"product_cat":[2662,2627,1509],"product_tag":[76,1384],"class_list":{"0":"post-38787","1":"product","2":"type-product","3":"status-publish","4":"has-post-thumbnail","6":"product_cat-costruttori-kodi","7":"product_cat-kodi","8":"product_cat-top-brand-professionali-unghie","9":"product_tag-glass","10":"product_tag-glass-effect","12":"first","13":"instock","14":"shipping-taxable","15":"purchasable","16":"product-type-simple"},"_links":{"self":[{"href":"https:\/\/serverdedicato.lovenailsrivenditore.com\/index.php?rest_route=\/wp\/v2\/product\/38787","targetHints":{"allow":["GET"]}}],"collection":[{"href":"https:\/\/serverdedicato.lovenailsrivenditore.com\/index.php?rest_route=\/wp\/v2\/product"}],"about":[{"href":"https:\/\/serverdedicato.lovenailsrivenditore.com\/index.php?rest_route=\/wp\/v2\/types\/product"}],"replies":[{"embeddable":true,"href":"https:\/\/serverdedicato.lovenailsrivenditore.com\/index.php?rest_route=%2Fwp%2Fv2%2Fcomments&post=38787"}],"wp:featuredmedia":[{"embeddable":true,"href":"https:\/\/serverdedicato.lovenailsrivenditore.com\/index.php?rest_route=\/wp\/v2\/media\/38788"}],"wp:attachment":[{"href":"https:\/\/serverdedicato.lovenailsrivenditore.com\/index.php?rest_route=%2Fwp%2Fv2%2Fmedia&parent=38787"}],"wp:term":[{"taxonomy":"product_brand","embeddable":true,"href":"https:\/\/serverdedicato.lovenailsrivenditore.com\/index.php?rest_route=%2Fwp%2Fv2%2Fproduct_brand&post=38787"},{"taxonomy":"product_cat","embeddable":true,"href":"https:\/\/serverdedicato.lovenailsrivenditore.com\/index.php?rest_route=%2Fwp%2Fv2%2Fproduct_cat&post=38787"},{"taxonomy":"product_tag","embeddable":true,"href":"https:\/\/serverdedicato.lovenailsrivenditore.com\/index.php?rest_route=%2Fwp%2Fv2%2Fproduct_tag&post=38787"}],"curies":[{"name":"wp","href":"https:\/\/api.w.org\/{rel}","templated":true}]}}