{"id":38793,"date":"2025-11-12T12:48:13","date_gmt":"2025-11-12T11:48:13","guid":{"rendered":"https:\/\/serverdedicato.lovenailsrivenditore.com\/?product=kodi-modeling-gel-rainbow-n-02-13gr"},"modified":"2026-04-20T13:59:01","modified_gmt":"2026-04-20T11:59:01","slug":"kodi-modeling-gel-rainbow-n-02-13gr","status":"publish","type":"product","link":"https:\/\/serverdedicato.lovenailsrivenditore.com\/?product=kodi-modeling-gel-rainbow-n-02-13gr","title":{"rendered":"KODI &#8211; MODELING GEL &#8211; RAINBOW n.02 &#8211; 13gr"},"content":{"rendered":"<p>Rainbow Gel del famoso marchio internazionale Kodi Professional \u00e8 una linea di gel modellanti che sar\u00e0 una piacevole scoperta sia per i maestri alle prime armi che per i professionisti con una vasta esperienza.<\/p>\n<p>Grazie alla loro estetica e alla loro lucentezza insolita, aprono un enorme spazio per esperimenti creativi. Rendi pi\u00f9 sofisticata una french manicure nude e aggiungi una goccia di luccichio con Rainbow Gel. Il gel di questa serie pu\u00f2 essere utilizzato per modellare il bordo libero e il letto ungueale in una french manicure artistica, nonch\u00e9 per la correzione delle unghie. La tonalit\u00e0 n. 02 \u00e8 un gel rosa con glitter olografici multicolori. Il gel ha la capacit\u00e0 di autolivellarsi, morbido nella limatura.<\/p>\n<p><b>Tempo di polimerizzazione:\u00a0<\/b>2 minuti in lampada LED o 3 minuti in lampada UV.<\/p>\n","protected":false},"excerpt":{"rendered":"<p>Rainbow Gel del famoso marchio internazionale Kodi Professional \u00e8 una linea di gel modellanti che sar\u00e0 una piacevole scoperta sia per i maestri alle prime armi che per i professionisti con una vasta esperienza.<\/p>\n<p>Grazie alla loro estetica e alla loro lucentezza insolita, aprono un enorme spazio per esperimenti creativi. Rendi pi\u00f9 sofisticata una french manicure nude e aggiungi una goccia di luccichio con Rainbow Gel. Il gel di questa serie pu\u00f2 essere utilizzato per modellare il bordo libero e il letto ungueale in una french manicure artistica, nonch\u00e9 per la correzione delle unghie. La tonalit\u00e0 n. 02 \u00e8 un gel rosa con glitter olografici multicolori. Il gel ha la capacit\u00e0 di autolivellarsi, morbido nella limatura.<\/p>\n<p><b>Tempo di polimerizzazione:\u00a0<\/b>2 minuti in lampada LED o 3 minuti in lampada UV.<\/p>\n","protected":false},"featured_media":38794,"comment_status":"closed","ping_status":"open","template":"","meta":[],"product_brand":[],"product_cat":[2662,224,223,2627,1509],"product_tag":[306,3082,194,50],"class_list":{"0":"post-38793","1":"product","2":"type-product","3":"status-publish","4":"has-post-thumbnail","6":"product_cat-costruttori-kodi","7":"product_cat-costruttori","8":"product_cat-gel-uv","9":"product_cat-kodi","10":"product_cat-top-brand-professionali-unghie","11":"product_tag-arcobaleno","12":"product_tag-gel-rainbow","13":"product_tag-olografico","14":"product_tag-rainbow","16":"first","17":"instock","18":"shipping-taxable","19":"purchasable","20":"product-type-simple"},"_links":{"self":[{"href":"https:\/\/serverdedicato.lovenailsrivenditore.com\/index.php?rest_route=\/wp\/v2\/product\/38793","targetHints":{"allow":["GET"]}}],"collection":[{"href":"https:\/\/serverdedicato.lovenailsrivenditore.com\/index.php?rest_route=\/wp\/v2\/product"}],"about":[{"href":"https:\/\/serverdedicato.lovenailsrivenditore.com\/index.php?rest_route=\/wp\/v2\/types\/product"}],"replies":[{"embeddable":true,"href":"https:\/\/serverdedicato.lovenailsrivenditore.com\/index.php?rest_route=%2Fwp%2Fv2%2Fcomments&post=38793"}],"wp:featuredmedia":[{"embeddable":true,"href":"https:\/\/serverdedicato.lovenailsrivenditore.com\/index.php?rest_route=\/wp\/v2\/media\/38794"}],"wp:attachment":[{"href":"https:\/\/serverdedicato.lovenailsrivenditore.com\/index.php?rest_route=%2Fwp%2Fv2%2Fmedia&parent=38793"}],"wp:term":[{"taxonomy":"product_brand","embeddable":true,"href":"https:\/\/serverdedicato.lovenailsrivenditore.com\/index.php?rest_route=%2Fwp%2Fv2%2Fproduct_brand&post=38793"},{"taxonomy":"product_cat","embeddable":true,"href":"https:\/\/serverdedicato.lovenailsrivenditore.com\/index.php?rest_route=%2Fwp%2Fv2%2Fproduct_cat&post=38793"},{"taxonomy":"product_tag","embeddable":true,"href":"https:\/\/serverdedicato.lovenailsrivenditore.com\/index.php?rest_route=%2Fwp%2Fv2%2Fproduct_tag&post=38793"}],"curies":[{"name":"wp","href":"https:\/\/api.w.org\/{rel}","templated":true}]}}