{"id":38833,"date":"2025-11-12T15:19:25","date_gmt":"2025-11-12T14:19:25","guid":{"rendered":"https:\/\/serverdedicato.lovenailsrivenditore.com\/?product=kodi-soft-easy-duo-gel-pastel-n-01-35gr"},"modified":"2026-04-20T13:59:33","modified_gmt":"2026-04-20T11:59:33","slug":"kodi-soft-easy-duo-gel-pastel-n-01-35gr","status":"publish","type":"product","link":"https:\/\/serverdedicato.lovenailsrivenditore.com\/?product=kodi-soft-easy-duo-gel-pastel-n-01-35gr","title":{"rendered":"KODI &#8211; SOFT EASY DUO GEL PASTEL  n.01 &#8211; 35gr"},"content":{"rendered":"<p>Secondo le sue caratteristiche principali, polygel \u00e8 una moderna simbiosi di successo di acrilico e gel, progettata per risparmiare notevolmente tempo, semplificare il processo di costruzione, fornire il massimo comfort sia per i professionisti che per i principianti. Il materiale \u00e8 comodo da lavorare, poich\u00e9 non si diffonde, non richiede fretta e non si indurisce all&#8217;aria aperta.<\/p>\n<p>L&#8217;esclusivo sistema in gel acrilico Soft del famoso marchio Kodi Professional \u00e8 una nuova parola nel campo della modellazione e del rafforzamento delle unghie. Ha una texture pi\u00f9 morbida rispetto alla linea base Easy Duo Gel, \u00e8 facile da limare, si caratterizza per resistenza e leggerezza di struttura. Ha uno strato di dispersione. Adatto ai maestri con qualsiasi esperienza lavorativa.<\/p>\n<p><b>Polimerizzazione:<\/b> 120-180 secondi in lampada UV o in lampada LED.<\/p>\n<p>&nbsp;<\/p>\n","protected":false},"excerpt":{"rendered":"<p>Secondo le sue caratteristiche principali, polygel \u00e8 una moderna simbiosi di successo di acrilico e gel, progettata per risparmiare notevolmente tempo, semplificare il processo di costruzione, fornire il massimo comfort sia per i professionisti che per i principianti. Il materiale \u00e8 comodo da lavorare, poich\u00e9 non si diffonde, non richiede fretta e non si indurisce all&#8217;aria aperta.<\/p>\n<p>L&#8217;esclusivo sistema in gel acrilico Soft del famoso marchio Kodi Professional \u00e8 una nuova parola nel campo della modellazione e del rafforzamento delle unghie. Ha una texture pi\u00f9 morbida rispetto alla linea base Easy Duo Gel, \u00e8 facile da limare, si caratterizza per resistenza e leggerezza di struttura. Ha uno strato di dispersione. Adatto ai maestri con qualsiasi esperienza lavorativa.<\/p>\n<p><b>Polimerizzazione:<\/b> 120-180 secondi in lampada UV o in lampada LED.<\/p>\n<p>&nbsp;<\/p>\n","protected":false},"featured_media":38834,"comment_status":"closed","ping_status":"open","template":"","meta":[],"product_brand":[],"product_cat":[2662,2627,1509],"product_tag":[3083,298,1155],"class_list":{"0":"post-38833","1":"product","2":"type-product","3":"status-publish","4":"has-post-thumbnail","6":"product_cat-costruttori-kodi","7":"product_cat-kodi","8":"product_cat-top-brand-professionali-unghie","9":"product_tag-acrigel","10":"product_tag-acrygel","11":"product_tag-polygel","13":"first","14":"instock","15":"shipping-taxable","16":"purchasable","17":"product-type-simple"},"_links":{"self":[{"href":"https:\/\/serverdedicato.lovenailsrivenditore.com\/index.php?rest_route=\/wp\/v2\/product\/38833","targetHints":{"allow":["GET"]}}],"collection":[{"href":"https:\/\/serverdedicato.lovenailsrivenditore.com\/index.php?rest_route=\/wp\/v2\/product"}],"about":[{"href":"https:\/\/serverdedicato.lovenailsrivenditore.com\/index.php?rest_route=\/wp\/v2\/types\/product"}],"replies":[{"embeddable":true,"href":"https:\/\/serverdedicato.lovenailsrivenditore.com\/index.php?rest_route=%2Fwp%2Fv2%2Fcomments&post=38833"}],"wp:featuredmedia":[{"embeddable":true,"href":"https:\/\/serverdedicato.lovenailsrivenditore.com\/index.php?rest_route=\/wp\/v2\/media\/38834"}],"wp:attachment":[{"href":"https:\/\/serverdedicato.lovenailsrivenditore.com\/index.php?rest_route=%2Fwp%2Fv2%2Fmedia&parent=38833"}],"wp:term":[{"taxonomy":"product_brand","embeddable":true,"href":"https:\/\/serverdedicato.lovenailsrivenditore.com\/index.php?rest_route=%2Fwp%2Fv2%2Fproduct_brand&post=38833"},{"taxonomy":"product_cat","embeddable":true,"href":"https:\/\/serverdedicato.lovenailsrivenditore.com\/index.php?rest_route=%2Fwp%2Fv2%2Fproduct_cat&post=38833"},{"taxonomy":"product_tag","embeddable":true,"href":"https:\/\/serverdedicato.lovenailsrivenditore.com\/index.php?rest_route=%2Fwp%2Fv2%2Fproduct_tag&post=38833"}],"curies":[{"name":"wp","href":"https:\/\/api.w.org\/{rel}","templated":true}]}}