{"id":38858,"date":"2025-11-13T15:56:42","date_gmt":"2025-11-13T14:56:42","guid":{"rendered":"https:\/\/serverdedicato.lovenailsrivenditore.com\/?product=kodi-acrylic-gel-express-clear-30gr"},"modified":"2026-04-20T13:59:55","modified_gmt":"2026-04-20T11:59:55","slug":"kodi-acrylic-gel-express-clear-30gr","status":"publish","type":"product","link":"https:\/\/serverdedicato.lovenailsrivenditore.com\/?product=kodi-acrylic-gel-express-clear-30gr","title":{"rendered":"KODI &#8211; ACRYLIC GEL EXPRESS &#8211; CLEAR &#8211; 30gr"},"content":{"rendered":"<p>I principali tecnologi del famoso marchio internazionale Kodi Professional lavorano costantemente allo sviluppo di nuovi prodotti per unghie che cambiano radicalmente le regole del gioco. Acrylic Gel Express \u00e8 una novit\u00e0 assoluta, un prodotto che combina le migliori propriet\u00e0 dell&#8217;acrilico e del gel, ma allo stesso tempo \u00e8 completamente diverso dai classici poligel liquidi.<\/p>\n<p>Pu\u00f2 essere utilizzato per estensioni delle unghie di qualsiasi forma e lunghezza in qualsiasi tecnica, per il rafforzamento, la correzione monocromatica o per un lay-out alla francese (poich\u00e9 Acrylic Gel Express tiene perfettamente i lati). Il prodotto \u00e8 autolivellante e ha una durata di riferimento, proteggendo la manicure da crepe da scheggiature. La tonalit\u00e0 Clear \u00e8 trasparente. Pu\u00f2 essere utilizzato come base o per creare l&#8217;effetto di unghie &#8220;pulite&#8221;.<\/p>\n","protected":false},"excerpt":{"rendered":"<p>I principali tecnologi del famoso marchio internazionale Kodi Professional lavorano costantemente allo sviluppo di nuovi prodotti per unghie che cambiano radicalmente le regole del gioco. Acrylic Gel Express \u00e8 una novit\u00e0 assoluta, un prodotto che combina le migliori propriet\u00e0 dell&#8217;acrilico e del gel, ma allo stesso tempo \u00e8 completamente diverso dai classici poligel liquidi.<\/p>\n<p>Pu\u00f2 essere utilizzato per estensioni delle unghie di qualsiasi forma e lunghezza in qualsiasi tecnica, per il rafforzamento, la correzione monocromatica o per un lay-out alla francese (poich\u00e9 Acrylic Gel Express tiene perfettamente i lati). Il prodotto \u00e8 autolivellante e ha una durata di riferimento, proteggendo la manicure da crepe da scheggiature. La tonalit\u00e0 Clear \u00e8 trasparente. Pu\u00f2 essere utilizzato come base o per creare l&#8217;effetto di unghie &#8220;pulite&#8221;.<\/p>\n","protected":false},"featured_media":38859,"comment_status":"closed","ping_status":"open","template":"","meta":[],"product_brand":[],"product_cat":[224,2662,223,2627,1509],"product_tag":[3085,298,3086,1155],"class_list":{"0":"post-38858","1":"product","2":"type-product","3":"status-publish","4":"has-post-thumbnail","6":"product_cat-costruttori","7":"product_cat-costruttori-kodi","8":"product_cat-gel-uv","9":"product_cat-kodi","10":"product_cat-top-brand-professionali-unghie","11":"product_tag-acry","12":"product_tag-acrygel","13":"product_tag-acrylic","14":"product_tag-polygel","16":"first","17":"instock","18":"shipping-taxable","19":"purchasable","20":"product-type-simple"},"_links":{"self":[{"href":"https:\/\/serverdedicato.lovenailsrivenditore.com\/index.php?rest_route=\/wp\/v2\/product\/38858","targetHints":{"allow":["GET"]}}],"collection":[{"href":"https:\/\/serverdedicato.lovenailsrivenditore.com\/index.php?rest_route=\/wp\/v2\/product"}],"about":[{"href":"https:\/\/serverdedicato.lovenailsrivenditore.com\/index.php?rest_route=\/wp\/v2\/types\/product"}],"replies":[{"embeddable":true,"href":"https:\/\/serverdedicato.lovenailsrivenditore.com\/index.php?rest_route=%2Fwp%2Fv2%2Fcomments&post=38858"}],"wp:featuredmedia":[{"embeddable":true,"href":"https:\/\/serverdedicato.lovenailsrivenditore.com\/index.php?rest_route=\/wp\/v2\/media\/38859"}],"wp:attachment":[{"href":"https:\/\/serverdedicato.lovenailsrivenditore.com\/index.php?rest_route=%2Fwp%2Fv2%2Fmedia&parent=38858"}],"wp:term":[{"taxonomy":"product_brand","embeddable":true,"href":"https:\/\/serverdedicato.lovenailsrivenditore.com\/index.php?rest_route=%2Fwp%2Fv2%2Fproduct_brand&post=38858"},{"taxonomy":"product_cat","embeddable":true,"href":"https:\/\/serverdedicato.lovenailsrivenditore.com\/index.php?rest_route=%2Fwp%2Fv2%2Fproduct_cat&post=38858"},{"taxonomy":"product_tag","embeddable":true,"href":"https:\/\/serverdedicato.lovenailsrivenditore.com\/index.php?rest_route=%2Fwp%2Fv2%2Fproduct_tag&post=38858"}],"curies":[{"name":"wp","href":"https:\/\/api.w.org\/{rel}","templated":true}]}}