{"id":38863,"date":"2025-11-13T15:57:14","date_gmt":"2025-11-13T14:57:14","guid":{"rendered":"https:\/\/serverdedicato.lovenailsrivenditore.com\/?product=kodi-build-it-up-gel-pastel-pink-25ml"},"modified":"2026-04-20T14:00:00","modified_gmt":"2026-04-20T12:00:00","slug":"kodi-build-it-up-gel-pastel-pink-25ml","status":"publish","type":"product","link":"https:\/\/serverdedicato.lovenailsrivenditore.com\/?product=kodi-build-it-up-gel-pastel-pink-25ml","title":{"rendered":"KODI &#8211; BUILD IT UP GEL &#8211; PASTEL PINK &#8211; 25ml"},"content":{"rendered":"<p>I gel pigmentati modellanti Build It Up Gel, sviluppati dagli esperti del famoso marchio internazionale Kodi Professional, sono diventati un bestseller grazie alla loro facilit\u00e0 d&#8217;uso e alla formula bilanciata, pensata nei minimi dettagli.<\/p>\n<p>Tutti i prodotti della linea Build It Up Gel sono facili da applicare. Ci\u00f2 riduce significativamente il tempo impiegato per gli allungamenti. Il gel non si restringe, quindi \u00e8 la scelta migliore per le estensioni nella tecnica senza limatura. Il colore \u00e8 un delicato rosa pastello.<\/p>\n<p><strong>Raccomandazioni per l&#8217;applicazione:<\/strong>\u00a0richiede l&#8217;applicazione preliminare della base. Polimerizza in lampade da 40 W per 60-120 secondi.<\/p>\n<div class=\"wrap-hidden-text-link\">\n<div data-text=\"\u0427\u0438\u0442\u0430\u0442\u044c \u043f\u043e\u043b\u043d\u043e\u0441\u0442\u044c\u044e\"><\/div>\n<\/div>\n","protected":false},"excerpt":{"rendered":"<p>I gel pigmentati modellanti Build It Up Gel, sviluppati dagli esperti del famoso marchio internazionale Kodi Professional, sono diventati un bestseller grazie alla loro facilit\u00e0 d&#8217;uso e alla formula bilanciata, pensata nei minimi dettagli.<\/p>\n<p>Tutti i prodotti della linea Build It Up Gel sono facili da applicare. Ci\u00f2 riduce significativamente il tempo impiegato per gli allungamenti. Il gel non si restringe, quindi \u00e8 la scelta migliore per le estensioni nella tecnica senza limatura. Il colore \u00e8 un delicato rosa pastello.<\/p>\n","protected":false},"featured_media":38864,"comment_status":"closed","ping_status":"open","template":"","meta":[],"product_brand":[],"product_cat":[224,2662,223,2627,1509],"product_tag":[1610,2033],"class_list":{"0":"post-38863","1":"product","2":"type-product","3":"status-publish","4":"has-post-thumbnail","6":"product_cat-costruttori","7":"product_cat-costruttori-kodi","8":"product_cat-gel-uv","9":"product_cat-kodi","10":"product_cat-top-brand-professionali-unghie","11":"product_tag-builder","12":"product_tag-gel-costruttore","14":"first","15":"instock","16":"shipping-taxable","17":"purchasable","18":"product-type-simple"},"_links":{"self":[{"href":"https:\/\/serverdedicato.lovenailsrivenditore.com\/index.php?rest_route=\/wp\/v2\/product\/38863","targetHints":{"allow":["GET"]}}],"collection":[{"href":"https:\/\/serverdedicato.lovenailsrivenditore.com\/index.php?rest_route=\/wp\/v2\/product"}],"about":[{"href":"https:\/\/serverdedicato.lovenailsrivenditore.com\/index.php?rest_route=\/wp\/v2\/types\/product"}],"replies":[{"embeddable":true,"href":"https:\/\/serverdedicato.lovenailsrivenditore.com\/index.php?rest_route=%2Fwp%2Fv2%2Fcomments&post=38863"}],"wp:featuredmedia":[{"embeddable":true,"href":"https:\/\/serverdedicato.lovenailsrivenditore.com\/index.php?rest_route=\/wp\/v2\/media\/38864"}],"wp:attachment":[{"href":"https:\/\/serverdedicato.lovenailsrivenditore.com\/index.php?rest_route=%2Fwp%2Fv2%2Fmedia&parent=38863"}],"wp:term":[{"taxonomy":"product_brand","embeddable":true,"href":"https:\/\/serverdedicato.lovenailsrivenditore.com\/index.php?rest_route=%2Fwp%2Fv2%2Fproduct_brand&post=38863"},{"taxonomy":"product_cat","embeddable":true,"href":"https:\/\/serverdedicato.lovenailsrivenditore.com\/index.php?rest_route=%2Fwp%2Fv2%2Fproduct_cat&post=38863"},{"taxonomy":"product_tag","embeddable":true,"href":"https:\/\/serverdedicato.lovenailsrivenditore.com\/index.php?rest_route=%2Fwp%2Fv2%2Fproduct_tag&post=38863"}],"curies":[{"name":"wp","href":"https:\/\/api.w.org\/{rel}","templated":true}]}}