{"id":38919,"date":"2025-11-14T14:46:26","date_gmt":"2025-11-14T13:46:26","guid":{"rendered":"https:\/\/serverdedicato.lovenailsrivenditore.com\/?product=kodi-gel-paint-n-16-4ml"},"modified":"2026-04-20T14:00:48","modified_gmt":"2026-04-20T12:00:48","slug":"kodi-gel-paint-n-16-4ml","status":"publish","type":"product","link":"https:\/\/serverdedicato.lovenailsrivenditore.com\/?product=kodi-gel-paint-n-16-4ml","title":{"rendered":"KODI &#8211; GEL PAINT n.16 &#8211; 4ml"},"content":{"rendered":"<p>Uno dei materiali pi\u00f9 popolari per la nail art \u00e8 il gel paint. I gel paint di KODI PROFESSIONAL hanno dimostrato di essere di ottima qualit\u00e0. Ha una consistenza abbastanza densa, fornendo un&#8217;applicazione facile e confortevole sulla lamina ungueale. Il prodotto viene utilizzato per la progettazione di nail art di varia complessit\u00e0. Ultra pigmentato, caratterizzato da elevata solidit\u00e0 e saturazione del colore.<\/p>\n<p>A seconda delle esigenze, viene polimerizzato in una lampada UV per 1-2 minuti, in una lampada LED da 20 secondi a 1 minuto.<\/p>\n","protected":false},"excerpt":{"rendered":"<p>Uno dei materiali pi\u00f9 popolari per la nail art \u00e8 il gel paint. I gel paint di KODI PROFESSIONAL hanno dimostrato di essere di ottima qualit\u00e0. Ha una consistenza abbastanza densa, fornendo un&#8217;applicazione facile e confortevole sulla lamina ungueale. Il prodotto viene utilizzato per la progettazione di nail art di varia complessit\u00e0. Ultra pigmentato, caratterizzato da elevata solidit\u00e0 e saturazione del colore.<\/p>\n<p>A seconda delle esigenze, viene polimerizzato in una lampada UV per 1-2 minuti, in una lampada LED da 20 secondi a 1 minuto.<\/p>\n","protected":false},"featured_media":38920,"comment_status":"closed","ping_status":"open","template":"","meta":[],"product_brand":[],"product_cat":[24,25,2627,1509],"product_tag":[729,726],"class_list":{"0":"post-38919","1":"product","2":"type-product","3":"status-publish","4":"has-post-thumbnail","6":"product_cat-colori","7":"product_cat-gel-color","8":"product_cat-kodi","9":"product_cat-top-brand-professionali-unghie","10":"product_tag-artistic-gel","11":"product_tag-gel-paint","13":"first","14":"instock","15":"shipping-taxable","16":"purchasable","17":"product-type-simple"},"_links":{"self":[{"href":"https:\/\/serverdedicato.lovenailsrivenditore.com\/index.php?rest_route=\/wp\/v2\/product\/38919","targetHints":{"allow":["GET"]}}],"collection":[{"href":"https:\/\/serverdedicato.lovenailsrivenditore.com\/index.php?rest_route=\/wp\/v2\/product"}],"about":[{"href":"https:\/\/serverdedicato.lovenailsrivenditore.com\/index.php?rest_route=\/wp\/v2\/types\/product"}],"replies":[{"embeddable":true,"href":"https:\/\/serverdedicato.lovenailsrivenditore.com\/index.php?rest_route=%2Fwp%2Fv2%2Fcomments&post=38919"}],"wp:featuredmedia":[{"embeddable":true,"href":"https:\/\/serverdedicato.lovenailsrivenditore.com\/index.php?rest_route=\/wp\/v2\/media\/38920"}],"wp:attachment":[{"href":"https:\/\/serverdedicato.lovenailsrivenditore.com\/index.php?rest_route=%2Fwp%2Fv2%2Fmedia&parent=38919"}],"wp:term":[{"taxonomy":"product_brand","embeddable":true,"href":"https:\/\/serverdedicato.lovenailsrivenditore.com\/index.php?rest_route=%2Fwp%2Fv2%2Fproduct_brand&post=38919"},{"taxonomy":"product_cat","embeddable":true,"href":"https:\/\/serverdedicato.lovenailsrivenditore.com\/index.php?rest_route=%2Fwp%2Fv2%2Fproduct_cat&post=38919"},{"taxonomy":"product_tag","embeddable":true,"href":"https:\/\/serverdedicato.lovenailsrivenditore.com\/index.php?rest_route=%2Fwp%2Fv2%2Fproduct_tag&post=38919"}],"curies":[{"name":"wp","href":"https:\/\/api.w.org\/{rel}","templated":true}]}}