{"id":39317,"date":"2025-11-18T14:23:48","date_gmt":"2025-11-18T13:23:48","guid":{"rendered":"https:\/\/serverdedicato.lovenailsrivenditore.com\/?product=valeri-rubber-base-french-n-03-12ml"},"modified":"2026-04-20T14:07:04","modified_gmt":"2026-04-20T12:07:04","slug":"valeri-rubber-base-french-n-03-12ml","status":"publish","type":"product","link":"https:\/\/serverdedicato.lovenailsrivenditore.com\/?product=valeri-rubber-base-french-n-03-12ml","title":{"rendered":"VALERI &#8211; RUBBER BASE FRENCH n.03 -12ml"},"content":{"rendered":"<p><strong>Le basi rubber french <\/strong>sono basi camouflage elastiche di alta qualit\u00e0 e densit\u00e0 media che combinano eccellenti propriet\u00e0 autolivellanti e comfort nell&#8217;utilizzo. Grazie alla loro formula unica, nascondono perfettamente l&#8217;irregolarit\u00e0 della lamina ungueale, creando un tono impeccabile e uniforme che conferisce alle unghie un aspetto curato e naturale.<\/p>\n<p><strong>La Valeri a base francese\u00a0<\/strong>\u00e8 ottima per lavorare sia con unghie corte che di media lunghezza, offrendo una finitura resistente ma flessibile che non si scheggia o si crepa. Grazie alle loro tonalit\u00e0 eleganti, sono ideali per realizzare french manicure o come rivestimento indipendente.<\/p>\n<p>&nbsp;<\/p>\n<p><strong>Ingredienti: <\/strong>DIPENTAERITRITOLO ESACRILATO, IDROSSIPROPILICO METACRILATO, 2-IDROSSIETIL METACRILATO, ISOBORNILI-ACRILATO, N,N-DIMETILACRILAMMIDE, ACIDO ACRILICO, BIS(METACRILOILOSSIETIL) FOSFATO, CI 12085, CI 77891, CI 77491, CI 45380, CI 15850, CI 15985, CI 77492, CI 77007, CI 77742, CI 77289, CI 77000, CI 77820.<\/p>\n<p><strong>Precauzioni:\u00a0<\/strong>Solo per uso professionale. Pu\u00f2 causare una reazione allergica. Conserva lontano da superfici calde, fiamme aperte, radiazioni ultraviolette. Evita il contatto con la pelle. Tieni lontano i bambini.<\/p>\n<p><strong>Condizioni di conservazione:\u00a0<\/strong>conservare a una temperatura compresa tra 15\u00b0C e +23\u00b0C.<\/p>\n","protected":false},"excerpt":{"rendered":"<p><strong>Le basi rubber french <\/strong>sono basi camouflage elastiche di alta qualit\u00e0 e densit\u00e0 media che combinano eccellenti propriet\u00e0 autolivellanti e comfort nell&#8217;utilizzo. Grazie alla loro formula unica, nascondono perfettamente l&#8217;irregolarit\u00e0 della lamina ungueale, creando un tono impeccabile e uniforme che conferisce alle unghie un aspetto curato e naturale.<\/p>\n<p><strong>La Valeri a base francese\u00a0<\/strong>\u00e8 ottima per lavorare sia con unghie corte che di media lunghezza, offrendo una finitura resistente ma flessibile che non si scheggia o si crepa. Grazie alle loro tonalit\u00e0 eleganti, sono ideali per realizzare french manicure o come rivestimento indipendente.<\/p>\n","protected":false},"featured_media":39318,"comment_status":"closed","ping_status":"open","template":"","meta":[],"product_brand":[],"product_cat":[2894,2893],"product_tag":[3102,3103],"class_list":{"0":"post-39317","1":"product","2":"type-product","3":"status-publish","4":"has-post-thumbnail","6":"product_cat-base-valeri","7":"product_cat-valeri","8":"product_tag-french-base","9":"product_tag-valeri","11":"first","12":"outofstock","13":"shipping-taxable","14":"purchasable","15":"product-type-simple"},"_links":{"self":[{"href":"https:\/\/serverdedicato.lovenailsrivenditore.com\/index.php?rest_route=\/wp\/v2\/product\/39317","targetHints":{"allow":["GET"]}}],"collection":[{"href":"https:\/\/serverdedicato.lovenailsrivenditore.com\/index.php?rest_route=\/wp\/v2\/product"}],"about":[{"href":"https:\/\/serverdedicato.lovenailsrivenditore.com\/index.php?rest_route=\/wp\/v2\/types\/product"}],"replies":[{"embeddable":true,"href":"https:\/\/serverdedicato.lovenailsrivenditore.com\/index.php?rest_route=%2Fwp%2Fv2%2Fcomments&post=39317"}],"wp:featuredmedia":[{"embeddable":true,"href":"https:\/\/serverdedicato.lovenailsrivenditore.com\/index.php?rest_route=\/wp\/v2\/media\/39318"}],"wp:attachment":[{"href":"https:\/\/serverdedicato.lovenailsrivenditore.com\/index.php?rest_route=%2Fwp%2Fv2%2Fmedia&parent=39317"}],"wp:term":[{"taxonomy":"product_brand","embeddable":true,"href":"https:\/\/serverdedicato.lovenailsrivenditore.com\/index.php?rest_route=%2Fwp%2Fv2%2Fproduct_brand&post=39317"},{"taxonomy":"product_cat","embeddable":true,"href":"https:\/\/serverdedicato.lovenailsrivenditore.com\/index.php?rest_route=%2Fwp%2Fv2%2Fproduct_cat&post=39317"},{"taxonomy":"product_tag","embeddable":true,"href":"https:\/\/serverdedicato.lovenailsrivenditore.com\/index.php?rest_route=%2Fwp%2Fv2%2Fproduct_tag&post=39317"}],"curies":[{"name":"wp","href":"https:\/\/api.w.org\/{rel}","templated":true}]}}