{"id":39762,"date":"2025-12-19T13:25:14","date_gmt":"2025-12-19T12:25:14","guid":{"rendered":"https:\/\/serverdedicato.lovenailsrivenditore.com\/?product=yoshi-between-the-lines-n-164-6ml"},"modified":"2026-04-20T14:12:33","modified_gmt":"2026-04-20T12:12:33","slug":"yoshi-between-the-lines-n-164-6ml","status":"publish","type":"product","link":"https:\/\/serverdedicato.lovenailsrivenditore.com\/?product=yoshi-between-the-lines-n-164-6ml","title":{"rendered":"YOSHI &#8211; BETWEEN THE LINES n. 164 &#8211; 6ml"},"content":{"rendered":"<p><img loading=\"lazy\" decoding=\"async\" class=\"alignnone wp-image-11696 \" src=\"https:\/\/serverdedicato.lovenailsrivenditore.com\/wp-content\/uploads\/2026\/04\/LOGO_Written_in_love-400x400-1.webp\" alt=\"\" width=\"236\" height=\"236\" \/><\/p>\n<p>Perch\u00e9 scrivere lettere d&#8217;amore su carta quando puoi scrivere la tua storia&#8230; Sulle unghie? ? La\u00a0raccolta\u00a0<b>Written in Love<\/b>\u00a0\u00e8 una storia di San Valentino di Yoshi che ti permette di esprimere le tue emozioni in un modo completamente nuovo \u2013 attraverso colori che parlano pi\u00f9 delle parole.<\/p>\n<p>Ogni sfumatura di questa collezione \u00e8 un capitolo d&#8217;amore \u2013 dagli inizi appassionati, attraverso segreti nascosti, fino a finali romantiche. Non \u00e8 solo smalto: \u00e8 un modo per esprimere i propri sentimenti, catturare le emozioni e creare look memorabili. Invece di parlare d&#8217;amore, mostralo al mondo. Tra le righe<\/p>\n<p><b>Viola profondo con particelle sottili e scintillanti \u2013 emozioni nascoste tra le righe.<\/b><\/p>\n<p><b><\/b><span>Questa tonalit\u00e0 \u00e8 un viola intenso e profondo con una delicata lucentezza che rivela i suoi riflessi magici a seconda della luce. Particelle sottili creano un effetto di profondit\u00e0 e mistero, richiamando alla mente emozioni e significati nascosti che scopriamo tra le righe delle nostre storie preferite. Questa raccolta \u00e8 pi\u00f9 di semplici smalti \u2013 \u00e8 un viaggio attraverso le emozioni pi\u00f9 belle che sono registrate nei libri e nei cuori. Scegli le tue tonalit\u00e0 preferite e crea un look che sar\u00e0 la tua storia d&#8217;amore.<\/span><\/p>\n","protected":false},"excerpt":{"rendered":"<p><b>Viola profondo con particelle sottili e scintillanti \u2013 emozioni nascoste tra le righe.<\/b><\/p>\n<p><b><\/b>Questa tonalit\u00e0 \u00e8 un viola intenso e profondo con una delicata lucentezza che rivela i suoi riflessi magici a seconda della luce. Particelle sottili creano un effetto di profondit\u00e0 e mistero, richiamando alla mente emozioni e significati nascosti che scopriamo tra le righe delle nostre storie preferite. Questa raccolta \u00e8 pi\u00f9 di semplici smalti \u2013 \u00e8 un viaggio attraverso le emozioni pi\u00f9 belle che sono registrate nei libri e nei cuori. Scegli le tue tonalit\u00e0 preferite e crea un look che sar\u00e0 la tua storia d&#8217;amore.<\/p>\n","protected":false},"featured_media":39763,"comment_status":"closed","ping_status":"open","template":"","meta":[],"product_brand":[],"product_cat":[24,2796,83,2795],"product_tag":[182,2589],"class_list":{"0":"post-39762","1":"product","2":"type-product","3":"status-publish","4":"has-post-thumbnail","6":"product_cat-colori","7":"product_cat-colori-semipermanenti","8":"product_cat-semipermanenti","9":"product_cat-yoshi","10":"product_tag-viola","11":"product_tag-viola-glitter","13":"first","14":"instock","15":"shipping-taxable","16":"purchasable","17":"product-type-simple"},"_links":{"self":[{"href":"https:\/\/serverdedicato.lovenailsrivenditore.com\/index.php?rest_route=\/wp\/v2\/product\/39762","targetHints":{"allow":["GET"]}}],"collection":[{"href":"https:\/\/serverdedicato.lovenailsrivenditore.com\/index.php?rest_route=\/wp\/v2\/product"}],"about":[{"href":"https:\/\/serverdedicato.lovenailsrivenditore.com\/index.php?rest_route=\/wp\/v2\/types\/product"}],"replies":[{"embeddable":true,"href":"https:\/\/serverdedicato.lovenailsrivenditore.com\/index.php?rest_route=%2Fwp%2Fv2%2Fcomments&post=39762"}],"wp:featuredmedia":[{"embeddable":true,"href":"https:\/\/serverdedicato.lovenailsrivenditore.com\/index.php?rest_route=\/wp\/v2\/media\/39763"}],"wp:attachment":[{"href":"https:\/\/serverdedicato.lovenailsrivenditore.com\/index.php?rest_route=%2Fwp%2Fv2%2Fmedia&parent=39762"}],"wp:term":[{"taxonomy":"product_brand","embeddable":true,"href":"https:\/\/serverdedicato.lovenailsrivenditore.com\/index.php?rest_route=%2Fwp%2Fv2%2Fproduct_brand&post=39762"},{"taxonomy":"product_cat","embeddable":true,"href":"https:\/\/serverdedicato.lovenailsrivenditore.com\/index.php?rest_route=%2Fwp%2Fv2%2Fproduct_cat&post=39762"},{"taxonomy":"product_tag","embeddable":true,"href":"https:\/\/serverdedicato.lovenailsrivenditore.com\/index.php?rest_route=%2Fwp%2Fv2%2Fproduct_tag&post=39762"}],"curies":[{"name":"wp","href":"https:\/\/api.w.org\/{rel}","templated":true}]}}