{"id":39782,"date":"2025-12-19T14:09:18","date_gmt":"2025-12-19T13:09:18","guid":{"rendered":"https:\/\/serverdedicato.lovenailsrivenditore.com\/?product=yoshi-velvet-verses-n-165-6ml"},"modified":"2026-04-20T14:12:52","modified_gmt":"2026-04-20T12:12:52","slug":"yoshi-velvet-verses-n-165-6ml","status":"publish","type":"product","link":"https:\/\/serverdedicato.lovenailsrivenditore.com\/?product=yoshi-velvet-verses-n-165-6ml","title":{"rendered":"YOSHI &#8211; VELVET VERSES n.165 &#8211; 6ml"},"content":{"rendered":"<p><img loading=\"lazy\" decoding=\"async\" class=\"alignnone wp-image-11696 \" src=\"https:\/\/serverdedicato.lovenailsrivenditore.com\/wp-content\/uploads\/2026\/04\/LOGO_Written_in_love-400x400-1.webp\" alt=\"\" width=\"236\" height=\"236\" \/><\/p>\n<p>Perch\u00e9 scrivere lettere d&#8217;amore su carta quando puoi scrivere la tua storia&#8230; Sulle unghie? ? La\u00a0<b>raccolta Written in Love<\/b>\u00a0\u00e8 una storia di San Valentino di Yoshi che ti permette di esprimere le tue emozioni in modo completamente nuovo \u2013 attraverso colori che possono dire pi\u00f9 delle parole.<\/p>\n<p>Ogni sfumatura di questa collezione \u00e8 un capitolo d&#8217;amore \u2013 dagli inizi appassionati, attraverso segreti nascosti, fino a finali romantiche. Non \u00e8 solo smalto: \u00e8 un modo per esprimere i propri sentimenti, catturare le emozioni e creare look memorabili. Invece di parlare d&#8217;amore, mostralo al mondo.<\/p>\n<p><b>Un delicato rosa con una sottile lucentezza \u2013 l&#8217;inizio della tua storia.<\/b><\/p>\n<div id=\"wrapper\">\n<p>&nbsp;<\/p>\n<div class=\"shop-container\">\n<div id=\"product-8611\" class=\"product type-product post-8611 status-publish first outofstock product_cat-written-in-love has-post-thumbnail taxable shipping-taxable purchasable product-type-simple\">\n<div class=\"product-container\">\n<div class=\"product-footer\">\n<div class=\"container\">\n<div class=\"woocommerce-tabs wc-tabs-wrapper container tabbed-content\">\n<div class=\"tab-panels\">\n<div id=\"tab-description\" class=\"woocommerce-Tabs-panel woocommerce-Tabs-panel--description panel entry-content active\" role=\"tabpanel\" aria-labelledby=\"tab-title-description\">\n<p>Questa tonalit\u00e0 \u00e8 un viola sfumato arricchito da sottili particelle di alluminio scintillanti che le conferiscono un&#8217;eleganza straordinaria. Le particelle scintillanti gli danno l&#8217;impressione di un movimento delicato e poetico \u2013 come versi in una poesia romantica che rimangono impressi a lungo nella memoria. Questa raccolta \u00e8 pi\u00f9 di semplici smalti \u2013 \u00e8 un viaggio attraverso le emozioni pi\u00f9 belle che sono registrate nei libri e nei cuori. Scegli le tue tonalit\u00e0 preferite e crea uno stile che sar\u00e0 la tua storia<\/p>\n<p>&nbsp;<\/p>\n<p><strong>Ingredienti:\u00a0<\/strong>Copolimero di acrilati, metacrilato di idrossipropile, dimeticone, mica, tereftalato di polietilene, CI 77163, CI 77891, CI 77007, CI 77266, silice, bentonite, TMO di ltcure, triacrilato trimetilolpropano PEG-4, P-idrossianisolo.<\/p>\n<p>Se sei allergico a uno qualsiasi degli ingredienti contenuti in questo prodotto, pu\u00f2 verificarsi una reazione allergica.<\/p>\n<\/div>\n<div id=\"tab-reviews\" class=\"woocommerce-Tabs-panel woocommerce-Tabs-panel--reviews panel entry-content\" role=\"tabpanel\" aria-labelledby=\"tab-title-reviews\">\n<div id=\"reviews\" class=\"woocommerce-Reviews row\">\n<div id=\"comments\" class=\"col large-12\"><\/div>\n<\/div>\n<\/div>\n<\/div>\n<\/div>\n<div class=\"related related-products-wrapper product-section\">\n<div class=\"row has-equal-box-heights large-columns-4 medium-columns-3 small-columns-2 row-small slider row-slider slider-nav-reveal slider-nav-push\" data-flickity-options=\"{&quot;imagesLoaded&quot;: true, &quot;groupCells&quot;: &quot;100%&quot;, &quot;dragThreshold&quot; : 5, &quot;cellAlign&quot;: &quot;left&quot;,&quot;wrapAround&quot;: true,&quot;prevNextButtons&quot;: true,&quot;percentPosition&quot;: true,&quot;pageDots&quot;: false, &quot;rightToLeft&quot;: false, &quot;autoPlay&quot; : false}\">\n<div class=\"product-small col has-hover out-of-stock product type-product post-8616 status-publish outofstock product_cat-written-in-love has-post-thumbnail taxable shipping-taxable purchasable product-type-simple\">\n<div class=\"col-inner\">\n<div class=\"badge-container absolute left top z-1\"><\/div>\n<div class=\"product-small box \">\n<div class=\"box-image\"><\/div>\n<\/div>\n<\/div>\n<\/div>\n<div class=\"product-small col has-hover out-of-stock product type-product post-8618 status-publish last outofstock product_cat-written-in-love has-post-thumbnail taxable shipping-taxable purchasable product-type-simple\">\n<div class=\"col-inner\">\n<div class=\"badge-container absolute left top z-1\"><\/div>\n<div class=\"product-small box \">\n<div class=\"box-image\"><\/div>\n<\/div>\n<\/div>\n<\/div>\n<div class=\"product-small col has-hover out-of-stock product type-product post-8615 status-publish first outofstock product_cat-written-in-love has-post-thumbnail taxable shipping-taxable purchasable product-type-simple\">\n<div class=\"col-inner\">\n<div class=\"badge-container absolute left top z-1\"><\/div>\n<div class=\"product-small box \">\n<div class=\"box-image\"><\/div>\n<\/div>\n<\/div>\n<\/div>\n<div class=\"product-small col has-hover out-of-stock product type-product post-8612 status-publish outofstock product_cat-written-in-love has-post-thumbnail taxable shipping-taxable purchasable product-type-simple\">\n<div class=\"col-inner\">\n<div class=\"badge-container absolute left top z-1\"><\/div>\n<div class=\"product-small box \">\n<div class=\"box-image\"><\/div>\n<\/div>\n<\/div>\n<\/div>\n<div class=\"product-small col has-hover out-of-stock product type-product post-8614 status-publish outofstock product_cat-written-in-love has-post-thumbnail taxable shipping-taxable purchasable product-type-simple\">\n<div class=\"col-inner\">\n<div class=\"product-small box \">\n<div class=\"box-text box-text-products text-center grid-style-2\">\n<div class=\"add-to-cart-button\"><\/div>\n<p>&nbsp;<\/p>\n<\/div>\n<\/div>\n<\/div>\n<\/div>\n<div class=\"product-small col has-hover out-of-stock product type-product post-8613 status-publish last outofstock product_cat-written-in-love has-post-thumbnail taxable shipping-taxable purchasable product-type-simple\">\n<div class=\"col-inner\">\n<div class=\"badge-container absolute left top z-1\"><\/div>\n<div class=\"product-small box \">\n<div class=\"box-image\"><\/div>\n<\/div>\n<\/div>\n<\/div>\n<\/div>\n<\/div>\n<\/div>\n<\/div>\n<\/div>\n<\/div>\n<\/div>\n<p>&nbsp;<\/p>\n<footer id=\"footer\" class=\"footer-wrapper\">\n<section id=\"section_1954123048\" class=\"section hide-for-small\">\n<div class=\"section-content relative\">\n<div id=\"row-1035430381\" class=\"row\">\n<div id=\"col-709568132\" class=\"col medium-3 small-6 large-3\">\n<div class=\"col-inner\">\n<p>&nbsp;<\/p>\n<\/div>\n<\/div>\n<\/div>\n<\/div>\n<\/section>\n<p>&nbsp;<\/p>\n<\/footer>\n<\/div>\n<div class=\"sticky-add-to-cart-wrapper\">\n<div class=\"sticky-add-to-cart\" data-product-id=\"8611\"><\/div>\n<\/div>\n<div id=\"pys_ajax_events\"><\/div>\n<div class=\"widget_shopping_cart_live_region screen-reader-text\" role=\"status\"><\/div>\n<p>&nbsp;<\/p>\n<div class=\"wp-video\"><\/div>\n","protected":false},"excerpt":{"rendered":"<p><b>Viola Shimmer<\/b><\/p>\n<div id=\"wrapper\">\n<div class=\"shop-container\">\n<div id=\"product-8611\" class=\"product type-product post-8611 status-publish first outofstock product_cat-written-in-love has-post-thumbnail taxable shipping-taxable purchasable product-type-simple\">\n<div class=\"product-container\">\n<div class=\"product-footer\">\n<div class=\"container\">\n<div class=\"woocommerce-tabs wc-tabs-wrapper container tabbed-content\">\n<div class=\"tab-panels\">\n<div id=\"tab-description\" class=\"woocommerce-Tabs-panel woocommerce-Tabs-panel--description panel entry-content active\" role=\"tabpanel\" aria-labelledby=\"tab-title-description\">\n<p>Questa tonalit\u00e0 \u00e8 un viola sfumato arricchito da sottili particelle di alluminio scintillanti che le conferiscono un&#8217;eleganza straordinaria. Le particelle scintillanti gli danno l&#8217;impressione di un movimento delicato e poetico \u2013 come versi in una poesia romantica che rimangono impressi a lungo nella memoria. Questa raccolta \u00e8 pi\u00f9 di semplici smalti \u2013 \u00e8 un viaggio attraverso le emozioni pi\u00f9 belle che sono registrate nei libri e nei cuori. Scegli le tue tonalit\u00e0 preferite e crea uno stile che sar\u00e0 la tua storia<\/p>\n<p>&nbsp;<\/p>\n<\/div>\n<\/div>\n<\/div>\n<\/div>\n<\/div>\n<\/div>\n<\/div>\n<\/div>\n<p>&nbsp;<\/p>\n<\/div>\n<p>&nbsp;<\/p>\n<p>&nbsp;<\/p>\n","protected":false},"featured_media":39783,"comment_status":"closed","ping_status":"open","template":"","meta":[],"product_brand":[],"product_cat":[24,2796,83,2795],"product_tag":[284,350],"class_list":{"0":"post-39782","1":"product","2":"type-product","3":"status-publish","4":"has-post-thumbnail","6":"product_cat-colori","7":"product_cat-colori-semipermanenti","8":"product_cat-semipermanenti","9":"product_cat-yoshi","10":"product_tag-bordeaux","11":"product_tag-glitter","13":"first","14":"instock","15":"shipping-taxable","16":"purchasable","17":"product-type-simple"},"_links":{"self":[{"href":"https:\/\/serverdedicato.lovenailsrivenditore.com\/index.php?rest_route=\/wp\/v2\/product\/39782","targetHints":{"allow":["GET"]}}],"collection":[{"href":"https:\/\/serverdedicato.lovenailsrivenditore.com\/index.php?rest_route=\/wp\/v2\/product"}],"about":[{"href":"https:\/\/serverdedicato.lovenailsrivenditore.com\/index.php?rest_route=\/wp\/v2\/types\/product"}],"replies":[{"embeddable":true,"href":"https:\/\/serverdedicato.lovenailsrivenditore.com\/index.php?rest_route=%2Fwp%2Fv2%2Fcomments&post=39782"}],"wp:featuredmedia":[{"embeddable":true,"href":"https:\/\/serverdedicato.lovenailsrivenditore.com\/index.php?rest_route=\/wp\/v2\/media\/39783"}],"wp:attachment":[{"href":"https:\/\/serverdedicato.lovenailsrivenditore.com\/index.php?rest_route=%2Fwp%2Fv2%2Fmedia&parent=39782"}],"wp:term":[{"taxonomy":"product_brand","embeddable":true,"href":"https:\/\/serverdedicato.lovenailsrivenditore.com\/index.php?rest_route=%2Fwp%2Fv2%2Fproduct_brand&post=39782"},{"taxonomy":"product_cat","embeddable":true,"href":"https:\/\/serverdedicato.lovenailsrivenditore.com\/index.php?rest_route=%2Fwp%2Fv2%2Fproduct_cat&post=39782"},{"taxonomy":"product_tag","embeddable":true,"href":"https:\/\/serverdedicato.lovenailsrivenditore.com\/index.php?rest_route=%2Fwp%2Fv2%2Fproduct_tag&post=39782"}],"curies":[{"name":"wp","href":"https:\/\/api.w.org\/{rel}","templated":true}]}}