{"id":39888,"date":"2025-12-22T16:30:17","date_gmt":"2025-12-22T15:30:17","guid":{"rendered":"https:\/\/serverdedicato.lovenailsrivenditore.com\/?product=molly-nails-cat-eye-n-160-8ml"},"modified":"2026-04-20T14:14:23","modified_gmt":"2026-04-20T12:14:23","slug":"molly-nails-cat-eye-n-160-8ml","status":"publish","type":"product","link":"https:\/\/serverdedicato.lovenailsrivenditore.com\/?product=molly-nails-cat-eye-n-160-8ml","title":{"rendered":"Molly Nails &#8211; Cat Eye n.160 &#8211; 8ml"},"content":{"rendered":"<p>La\u00a0\u00a0<strong>consistenza perfettamente cremosa<\/strong>\u00a0\u00a0e\u00a0\u00a0<strong>la formula innovativa<\/strong> \u00a0garantiscono una facile applicazione.<\/p>\n<p>Lo smalto ibrido\u00a0<strong>160 Beige Crystal Water Cat<\/strong>\u00a0Eye di Molly Nails \u00e8 una tonalit\u00e0 sottile ma elegante che combina la morbidezza del beige con un intrigante effetto cat&#8217;s eye. Questa tonalit\u00e0 \u00e8 perfetta per chi ama i classici, ma allo stesso tempo vuole aggiungere un tocco di lucentezza originale alle unghie.<\/p>\n<ul>\n<li>Tonalit\u00e0 profonda e magnetica<\/li>\n<li><b>Effetto occhi di gatto:<\/b> speciali particelle magnetiche contenute nella semipermanente creano un fenomenale effetto occhi di gatto, che cambia a seconda dell&#8217;angolo di incidenza della luce.<\/li>\n<li><b>Lucentezza di cristallo:<\/b> il semipermanente \u00e8 decorato con un delicato effetto scintillante che aggiunge eleganza e classe<\/li>\n<\/ul>\n","protected":false},"excerpt":{"rendered":"<p>La\u00a0\u00a0<strong>consistenza perfettamente cremosa<\/strong>\u00a0\u00a0e\u00a0\u00a0<strong>la formula innovativa<\/strong> \u00a0garantiscono una facile applicazione.<\/p>\n<p>Lo smalto ibrido\u00a0<strong>160 Beige Crystal Water Cat<\/strong>\u00a0Eye di Molly Nails \u00e8 una tonalit\u00e0 sottile ma elegante che combina la morbidezza del beige con un intrigante effetto cat&#8217;s eye. Questa tonalit\u00e0 \u00e8 perfetta per chi ama i classici, ma allo stesso tempo vuole aggiungere un tocco di lucentezza originale alle unghie.<\/p>\n<ul>\n<li>Tonalit\u00e0 profonda e magnetica<\/li>\n<li><b>Effetto occhi di gatto:<\/b> speciali particelle magnetiche contenute nella semipermanente creano un fenomenale effetto occhi di gatto, che cambia a seconda dell&#8217;angolo di incidenza della luce.<\/li>\n<li><b>Lucentezza di cristallo:<\/b> il semipermanente \u00e8 decorato con un delicato effetto scintillante che aggiunge eleganza e classe<\/li>\n<\/ul>\n","protected":false},"featured_media":39889,"comment_status":"closed","ping_status":"open","template":"","meta":[],"product_brand":[],"product_cat":[24,82,81,83],"product_tag":[927,103,2470],"class_list":{"0":"post-39888","1":"product","2":"type-product","3":"status-publish","4":"has-post-thumbnail","6":"product_cat-colori","7":"product_cat-colori-semipermanente","8":"product_cat-molly-lac","9":"product_cat-semipermanenti","10":"product_tag-cat-eye","11":"product_tag-cat-eyes","12":"product_tag-crystal-water","14":"first","15":"instock","16":"shipping-taxable","17":"purchasable","18":"product-type-simple"},"_links":{"self":[{"href":"https:\/\/serverdedicato.lovenailsrivenditore.com\/index.php?rest_route=\/wp\/v2\/product\/39888","targetHints":{"allow":["GET"]}}],"collection":[{"href":"https:\/\/serverdedicato.lovenailsrivenditore.com\/index.php?rest_route=\/wp\/v2\/product"}],"about":[{"href":"https:\/\/serverdedicato.lovenailsrivenditore.com\/index.php?rest_route=\/wp\/v2\/types\/product"}],"replies":[{"embeddable":true,"href":"https:\/\/serverdedicato.lovenailsrivenditore.com\/index.php?rest_route=%2Fwp%2Fv2%2Fcomments&post=39888"}],"wp:featuredmedia":[{"embeddable":true,"href":"https:\/\/serverdedicato.lovenailsrivenditore.com\/index.php?rest_route=\/wp\/v2\/media\/39889"}],"wp:attachment":[{"href":"https:\/\/serverdedicato.lovenailsrivenditore.com\/index.php?rest_route=%2Fwp%2Fv2%2Fmedia&parent=39888"}],"wp:term":[{"taxonomy":"product_brand","embeddable":true,"href":"https:\/\/serverdedicato.lovenailsrivenditore.com\/index.php?rest_route=%2Fwp%2Fv2%2Fproduct_brand&post=39888"},{"taxonomy":"product_cat","embeddable":true,"href":"https:\/\/serverdedicato.lovenailsrivenditore.com\/index.php?rest_route=%2Fwp%2Fv2%2Fproduct_cat&post=39888"},{"taxonomy":"product_tag","embeddable":true,"href":"https:\/\/serverdedicato.lovenailsrivenditore.com\/index.php?rest_route=%2Fwp%2Fv2%2Fproduct_tag&post=39888"}],"curies":[{"name":"wp","href":"https:\/\/api.w.org\/{rel}","templated":true}]}}