{"id":40257,"date":"2025-12-30T13:20:38","date_gmt":"2025-12-30T12:20:38","guid":{"rendered":"https:\/\/serverdedicato.lovenailsrivenditore.com\/?product=palu-remover-1000ml"},"modified":"2026-04-20T14:20:08","modified_gmt":"2026-04-20T12:20:08","slug":"palu-remover-1000ml","status":"publish","type":"product","link":"https:\/\/serverdedicato.lovenailsrivenditore.com\/?product=palu-remover-1000ml","title":{"rendered":"PALU &#8211; REMOVER &#8211; 1000ml"},"content":{"rendered":"<p>Il remover \u00e8 un liquido progettato per una rimozione efficace dello smalto ibrido. La sua formula \u00e8 stata sviluppata per minimizzare il rischio di danni alla lamina ungueale naturale. Il prodotto \u00e8 facile da usare e affidabile nel lavoro di un stylist per unghie.<\/p>\n<p>Caratteristiche principali:<\/p>\n<ul>\n<li>Rimuove efficacemente lo smalto ibrido<\/li>\n<li>Facile da usare<\/li>\n<li>Minimizza i danni alla lamina ungueale<\/li>\n<li>Profumo di pesca dolce<\/li>\n<\/ul>\n<div class=\"main row\">\n<div class=\"innermain container\">\n<div class=\"s-row\">\n<div class=\"centercol s-grid-12\">\n<div class=\"tab-container wceapp_tabs\">\n<div class=\"product-tabs\">\n<div id=\"box_wceTab6677dc78707c49f303e97430b34af2af\" class=\"product-tab\" tabindex=\"0\" role=\"tabpanel\" data-tab=\"box_wceTab6677dc78707c49f303e97430b34af2af\" aria-labelledby=\"box_wceTab6677dc78707c49f303e97430b34af2af_tab\">\n<div class=\"innerbox\">\n<div class=\"resetcss\">\n<p>Ingredienti: Acetone, Profumo, Salicilato di Benzile, Hexyl Cinnamal, Limonene, Linalolo<\/p>\n<\/div>\n<\/div>\n<\/div>\n<\/div>\n<\/div>\n<div class=\"product-modules-disabled\"><\/div>\n<\/div>\n<\/div>\n<\/div>\n<\/div>\n<div class=\"bottom-footer row\">\n<div class=\"container\">\n<div id=\"box_newsletter\" class=\"box\">\n<div class=\"newsletter-left-col\"><\/div>\n<\/div>\n<\/div>\n<\/div>\n","protected":false},"excerpt":{"rendered":"<p>Il remover \u00e8 un liquido progettato per una rimozione efficace dello smalto ibrido. La sua formula \u00e8 stata sviluppata per minimizzare il rischio di danni alla lamina ungueale naturale. Il prodotto \u00e8 facile da usare e affidabile nel lavoro di un stylist per unghie.<\/p>\n<p>Caratteristiche principali:<\/p>\n<ul>\n<li>Rimuove efficacemente lo smalto ibrido<\/li>\n<li>Facile da usare<\/li>\n<li>Minimizza i danni alla lamina ungueale<\/li>\n<li>Profumo di pesca dolce<\/li>\n<\/ul>\n<div class=\"main row\">\n<div class=\"innermain container\">\n<div class=\"s-row\">\n<div class=\"centercol s-grid-12\">\n<div class=\"tab-container wceapp_tabs\">\n<div class=\"product-tabs\">\n<div id=\"box_wceTab6677dc78707c49f303e97430b34af2af\" class=\"product-tab\" tabindex=\"0\" role=\"tabpanel\" data-tab=\"box_wceTab6677dc78707c49f303e97430b34af2af\" aria-labelledby=\"box_wceTab6677dc78707c49f303e97430b34af2af_tab\">\n<div class=\"innerbox\">\n<div class=\"resetcss\">\n<p>Ingredienti: Acetone, Profumo, Salicilato di Benzile, Hexyl Cinnamal, Limonene, Linalolo<\/p>\n<\/div>\n<\/div>\n<\/div>\n<\/div>\n<\/div>\n<\/div>\n<\/div>\n<\/div>\n<\/div>\n","protected":false},"featured_media":40258,"comment_status":"closed","ping_status":"open","template":"","meta":[],"product_brand":[],"product_cat":[388,208,1681,1644,1509],"product_tag":[390],"class_list":{"0":"post-40257","1":"product","2":"type-product","3":"status-publish","4":"has-post-thumbnail","6":"product_cat-liquidi","7":"product_cat-liquidi-e-preparatori-2","8":"product_cat-liquidi-e-preparatori-palu","9":"product_cat-palu","10":"product_cat-top-brand-professionali-unghie","11":"product_tag-remover","13":"first","14":"instock","15":"shipping-taxable","16":"purchasable","17":"product-type-simple"},"_links":{"self":[{"href":"https:\/\/serverdedicato.lovenailsrivenditore.com\/index.php?rest_route=\/wp\/v2\/product\/40257","targetHints":{"allow":["GET"]}}],"collection":[{"href":"https:\/\/serverdedicato.lovenailsrivenditore.com\/index.php?rest_route=\/wp\/v2\/product"}],"about":[{"href":"https:\/\/serverdedicato.lovenailsrivenditore.com\/index.php?rest_route=\/wp\/v2\/types\/product"}],"replies":[{"embeddable":true,"href":"https:\/\/serverdedicato.lovenailsrivenditore.com\/index.php?rest_route=%2Fwp%2Fv2%2Fcomments&post=40257"}],"wp:featuredmedia":[{"embeddable":true,"href":"https:\/\/serverdedicato.lovenailsrivenditore.com\/index.php?rest_route=\/wp\/v2\/media\/40258"}],"wp:attachment":[{"href":"https:\/\/serverdedicato.lovenailsrivenditore.com\/index.php?rest_route=%2Fwp%2Fv2%2Fmedia&parent=40257"}],"wp:term":[{"taxonomy":"product_brand","embeddable":true,"href":"https:\/\/serverdedicato.lovenailsrivenditore.com\/index.php?rest_route=%2Fwp%2Fv2%2Fproduct_brand&post=40257"},{"taxonomy":"product_cat","embeddable":true,"href":"https:\/\/serverdedicato.lovenailsrivenditore.com\/index.php?rest_route=%2Fwp%2Fv2%2Fproduct_cat&post=40257"},{"taxonomy":"product_tag","embeddable":true,"href":"https:\/\/serverdedicato.lovenailsrivenditore.com\/index.php?rest_route=%2Fwp%2Fv2%2Fproduct_tag&post=40257"}],"curies":[{"name":"wp","href":"https:\/\/api.w.org\/{rel}","templated":true}]}}