{"id":40271,"date":"2025-12-30T15:28:15","date_gmt":"2025-12-30T14:28:15","guid":{"rendered":"https:\/\/serverdedicato.lovenailsrivenditore.com\/?product=palu-princess-art-gel-rosy-bella-10gr"},"modified":"2026-04-20T14:20:23","modified_gmt":"2026-04-20T12:20:23","slug":"palu-princess-art-gel-rosy-bella-10gr","status":"publish","type":"product","link":"https:\/\/serverdedicato.lovenailsrivenditore.com\/?product=palu-princess-art-gel-rosy-bella-10gr","title":{"rendered":"PALU &#8211; PRINCESS ART GEL &#8211; ROSY BELLA &#8211; 10gr"},"content":{"rendered":"<p><strong>Princess Art Gel<\/strong>\u00a0\u00e8 un gel glitter\u00a0<strong>per decorazioni .<\/strong>\u00a0Contiene esagoni colorati e lucidi di varie dimensioni, che riflettono magnificamente la luce e conferiscono alle unghie un carattere unico e gioiello.<\/p>\n<p>Il gel ha\u00a0<strong>una formula autolivellante<\/strong>\u00a0e\u00a0<strong>una consistenza di spessore medio-densa<\/strong>, grazie alla quale \u00e8 facile da stendere e permette una decorazione precisa. Il gel \u00e8 compatibile con gel, gel acrilico e sistemi ibridi, il che ti d\u00e0 molta libert\u00e0 nel lavoro.<\/p>\n<p>\u00c8 perfetto per decorazioni per allungamenti \u2013 perfetto per unghie da principessa, french o effetti ombr\u00e9.<\/p>\n<p>PRINCESS ART GEL \u00e8 disponibile in 2 colori:<\/p>\n<ul>\n<li><strong>AURORA DORATA<\/strong>\u00a0\u2013 base traslucida con particelle d&#8217;oro e ologrammi<\/li>\n<li><strong>ROSY BELLA<\/strong>\u00a0\u2013 base traslucida con particelle rosa e oro rosa<\/li>\n<\/ul>\n<p>Caratteristiche principali:<\/p>\n<ul>\n<li>Con esagoni colorati e lucidi di varie dimensioni;<\/li>\n<li>Autolivellante;<\/li>\n<li>Consistenza medio-densa;<\/li>\n<li>Compatibile con gel, acrylogel e ibrido;<\/li>\n<li>Per le decorazioni di costruzione &#8211; chiodi di principessa, francese di costruzione, ombre;<\/li>\n<li>Applicazione con un pennello gel;<\/li>\n<li>Capienza 10g.<\/li>\n<\/ul>\n","protected":false},"excerpt":{"rendered":"<p><strong>Princess Art Gel<\/strong>\u00a0\u00e8 un gel glitter\u00a0<strong>per decorazioni .<\/strong>\u00a0Contiene esagoni colorati e lucidi di varie dimensioni, che riflettono magnificamente la luce e conferiscono alle unghie un carattere unico e gioiello.<\/p>\n<p>Il gel ha\u00a0<strong>una formula autolivellante<\/strong>\u00a0e\u00a0<strong>una consistenza di spessore medio-densa<\/strong>, grazie alla quale \u00e8 facile da stendere e permette una decorazione precisa. Il gel \u00e8 compatibile con gel, gel acrilico e sistemi ibridi, il che ti d\u00e0 molta libert\u00e0 nel lavoro.<\/p>\n<p>\u00c8 perfetto per decorazioni per allungamenti \u2013 perfetto per unghie da principessa, french o effetti ombr\u00e9.<\/p>\n<p>PRINCESS ART GEL \u00e8 disponibile in 2 colori:<\/p>\n<ul>\n<li><strong>AURORA DORATA<\/strong>\u00a0\u2013 base traslucida con particelle d&#8217;oro e ologrammi<\/li>\n<li><strong>ROSY BELLA<\/strong>\u00a0\u2013 base traslucida con particelle rosa e oro rosa<\/li>\n<\/ul>\n<p>Caratteristiche principali:<\/p>\n<ul>\n<li>Con esagoni colorati e lucidi di varie dimensioni;<\/li>\n<li>Autolivellante;<\/li>\n<li>Consistenza medio-densa;<\/li>\n<li>Compatibile con gel, acrylogel e ibrido;<\/li>\n<li>Per le decorazioni di costruzione &#8211; chiodi di principessa, francese di costruzione, ombre;<\/li>\n<li>Applicazione con un pennello gel;<\/li>\n<li>Capienza 10g.<\/li>\n<\/ul>\n","protected":false},"featured_media":40272,"comment_status":"closed","ping_status":"open","template":"","meta":[],"product_brand":[],"product_cat":[24,25,1644,1509],"product_tag":[1152,350,47],"class_list":{"0":"post-40271","1":"product","2":"type-product","3":"status-publish","4":"has-post-thumbnail","6":"product_cat-colori","7":"product_cat-gel-color","8":"product_cat-palu","9":"product_cat-top-brand-professionali-unghie","10":"product_tag-champagne","11":"product_tag-glitter","12":"product_tag-oro","14":"first","15":"instock","16":"shipping-taxable","17":"purchasable","18":"product-type-simple"},"_links":{"self":[{"href":"https:\/\/serverdedicato.lovenailsrivenditore.com\/index.php?rest_route=\/wp\/v2\/product\/40271","targetHints":{"allow":["GET"]}}],"collection":[{"href":"https:\/\/serverdedicato.lovenailsrivenditore.com\/index.php?rest_route=\/wp\/v2\/product"}],"about":[{"href":"https:\/\/serverdedicato.lovenailsrivenditore.com\/index.php?rest_route=\/wp\/v2\/types\/product"}],"replies":[{"embeddable":true,"href":"https:\/\/serverdedicato.lovenailsrivenditore.com\/index.php?rest_route=%2Fwp%2Fv2%2Fcomments&post=40271"}],"wp:featuredmedia":[{"embeddable":true,"href":"https:\/\/serverdedicato.lovenailsrivenditore.com\/index.php?rest_route=\/wp\/v2\/media\/40272"}],"wp:attachment":[{"href":"https:\/\/serverdedicato.lovenailsrivenditore.com\/index.php?rest_route=%2Fwp%2Fv2%2Fmedia&parent=40271"}],"wp:term":[{"taxonomy":"product_brand","embeddable":true,"href":"https:\/\/serverdedicato.lovenailsrivenditore.com\/index.php?rest_route=%2Fwp%2Fv2%2Fproduct_brand&post=40271"},{"taxonomy":"product_cat","embeddable":true,"href":"https:\/\/serverdedicato.lovenailsrivenditore.com\/index.php?rest_route=%2Fwp%2Fv2%2Fproduct_cat&post=40271"},{"taxonomy":"product_tag","embeddable":true,"href":"https:\/\/serverdedicato.lovenailsrivenditore.com\/index.php?rest_route=%2Fwp%2Fv2%2Fproduct_tag&post=40271"}],"curies":[{"name":"wp","href":"https:\/\/api.w.org\/{rel}","templated":true}]}}