{"id":40458,"date":"2026-01-03T08:42:02","date_gmt":"2026-01-03T07:42:02","guid":{"rendered":"https:\/\/serverdedicato.lovenailsrivenditore.com\/?product=saga-professional-smoothie-cat-n-07-10ml"},"modified":"2026-04-20T14:23:12","modified_gmt":"2026-04-20T12:23:12","slug":"saga-professional-smoothie-cat-n-07-10ml","status":"publish","type":"product","link":"https:\/\/serverdedicato.lovenailsrivenditore.com\/?product=saga-professional-smoothie-cat-n-07-10ml","title":{"rendered":"SAGA PROFESSIONAL &#8211; SMOOTHIE CAT n.07 &#8211; 10ml"},"content":{"rendered":"<p>Saga Smoothie Cat Cat Eye Gel \u00e8 una collezione duochrome. La tonalit\u00e0 pu\u00f2 variare a seconda della posizione delle particelle metalliche all&#8217;interno della texture. La dimensione del riflesso influisce sulla tonalit\u00e0 dominante. Pigmenti profondi e iridescenti creano una brillantezza complessa e sfaccettata sulle unghie. Questo rende la manicure vivace, espressiva e unica a ogni movimento della mano.<\/p>\n<p>Lo smalto gel Saga Smoothie Cat Cat Eye \u00e8 arricchito con piccole particelle metalliche. Quando esposto a un magnete, queste cambiano posizione, creando un effetto luce. Il magnete pu\u00f2 essere posizionato ad angoli diversi per creare linee rette, raggi curvi, motivi astratti o transizioni morbide tra due tonalit\u00e0.<\/p>\n<p>Lo smalto gel Saga Smoothie Cat Cat Eye \u00e8 altamente pigmentato e non richiede una base. Il colore intenso \u00e8 garantito anche con una sola passata. La texture densa copre la lamina ungueale, creando una finitura uniforme. Smoothie Cat appare impressionante e completo se applicato con una sola passata, ma pu\u00f2 anche essere usato per il design.<\/p>\n<p><strong>INGREDIENTI:<\/strong>\u00a0Copolimero di acrilati, Copolimero di acroleina\/acido acrilico, Chetone fenilico idrossicicloesilico, Metacrilato di idrossipropile, Silice<\/p>\n","protected":false},"excerpt":{"rendered":"<p>Saga Smoothie Cat Cat Eye Gel \u00e8 una collezione duochrome. La tonalit\u00e0 pu\u00f2 variare a seconda della posizione delle particelle metalliche all&#8217;interno della texture. La dimensione del riflesso influisce sulla tonalit\u00e0 dominante. Pigmenti profondi e iridescenti creano una brillantezza complessa e sfaccettata sulle unghie. Questo rende la manicure vivace, espressiva e unica a ogni movimento della mano.<\/p>\n","protected":false},"featured_media":40459,"comment_status":"closed","ping_status":"open","template":"","meta":[],"product_brand":[],"product_cat":[24,2854,2836,83],"product_tag":[927,103,3125,3126],"class_list":{"0":"post-40458","1":"product","2":"type-product","3":"status-publish","4":"has-post-thumbnail","6":"product_cat-colori","7":"product_cat-colori-semipermanente-saga-professional","8":"product_cat-saga-professional","9":"product_cat-semipermanenti","10":"product_tag-cat-eye","11":"product_tag-cat-eyes","12":"product_tag-smoothie","13":"product_tag-smoothie-cat","15":"first","16":"instock","17":"shipping-taxable","18":"purchasable","19":"product-type-simple"},"_links":{"self":[{"href":"https:\/\/serverdedicato.lovenailsrivenditore.com\/index.php?rest_route=\/wp\/v2\/product\/40458","targetHints":{"allow":["GET"]}}],"collection":[{"href":"https:\/\/serverdedicato.lovenailsrivenditore.com\/index.php?rest_route=\/wp\/v2\/product"}],"about":[{"href":"https:\/\/serverdedicato.lovenailsrivenditore.com\/index.php?rest_route=\/wp\/v2\/types\/product"}],"replies":[{"embeddable":true,"href":"https:\/\/serverdedicato.lovenailsrivenditore.com\/index.php?rest_route=%2Fwp%2Fv2%2Fcomments&post=40458"}],"wp:featuredmedia":[{"embeddable":true,"href":"https:\/\/serverdedicato.lovenailsrivenditore.com\/index.php?rest_route=\/wp\/v2\/media\/40459"}],"wp:attachment":[{"href":"https:\/\/serverdedicato.lovenailsrivenditore.com\/index.php?rest_route=%2Fwp%2Fv2%2Fmedia&parent=40458"}],"wp:term":[{"taxonomy":"product_brand","embeddable":true,"href":"https:\/\/serverdedicato.lovenailsrivenditore.com\/index.php?rest_route=%2Fwp%2Fv2%2Fproduct_brand&post=40458"},{"taxonomy":"product_cat","embeddable":true,"href":"https:\/\/serverdedicato.lovenailsrivenditore.com\/index.php?rest_route=%2Fwp%2Fv2%2Fproduct_cat&post=40458"},{"taxonomy":"product_tag","embeddable":true,"href":"https:\/\/serverdedicato.lovenailsrivenditore.com\/index.php?rest_route=%2Fwp%2Fv2%2Fproduct_tag&post=40458"}],"curies":[{"name":"wp","href":"https:\/\/api.w.org\/{rel}","templated":true}]}}