{"id":40530,"date":"2026-01-03T11:34:16","date_gmt":"2026-01-03T10:34:16","guid":{"rendered":"https:\/\/serverdedicato.lovenailsrivenditore.com\/?product=claresa-so-matchy-correttore-anti-rossori-3gr"},"modified":"2026-04-20T14:24:14","modified_gmt":"2026-04-20T12:24:14","slug":"claresa-so-matchy-correttore-anti-rossori-3gr","status":"publish","type":"product","link":"https:\/\/serverdedicato.lovenailsrivenditore.com\/?product=claresa-so-matchy-correttore-anti-rossori-3gr","title":{"rendered":"CLARESA &#8211; SO MATCHY &#8211; CORRETTORE ANTI ROSSORI &#8211; 3gr"},"content":{"rendered":"<p>Un correttore cremoso e mimetizzante \u00e8 un modo comodo per mascherare rapidamente le imperfezioni della pelle. La formula a base di cere naturali (carnauba e api) \u00e8 resistente all&#8217;umidit\u00e0, non sbava e non crea striature. \u00c8 stato anche arricchito con olio di ricino, ottimo per combattere le lesioni da acne. Il correttore offre una copertura intensa con una finitura naturale e alta durata.<\/p>\n<p><strong>bagnato 05 ANTI-RED<\/strong>\u00a0\u2013 neutralizza il rossore come eritema, lesioni infiammate dell&#8217;acne, capillari<\/p>\n<p><strong>CURIOSIT\u00c0:<\/strong><br \/>\nLa cera d&#8217;api contenuta nella composizione del cosmetico possiede propriet\u00e0 nutrienti e accelera la rigenerazione della pelle, mentre l&#8217;olio di ricino \u00e8 noto per le sue propriet\u00e0 antinfiammatorie, antibatteriche e idratanti.<\/p>\n<p><strong>APPLICAZIONE:<\/strong><br \/>\nApplica una piccola quantit\u00e0 di correttore dove serve una copertura efficace o una correzione del colore e batti con una spugna o un dito. Per maggiore precisione, puoi usare un pennello per applicare il correttore.<\/p>\n<p><strong>TRUCCO DEI TRUCCATORI: I<\/strong><br \/>\ncorrettori per compiti speciali, ad esempio viola e verde, vengono sempre applicati in uno strato sottile prima di applicare il fondotinta.<\/p>\n","protected":false},"excerpt":{"rendered":"<p>Un correttore cremoso e mimetizzante \u00e8 un modo comodo per mascherare rapidamente le imperfezioni della pelle. La formula a base di cere naturali (carnauba e api) \u00e8 resistente all&#8217;umidit\u00e0, non sbava e non crea striature. \u00c8 stato anche arricchito con olio di ricino, ottimo per combattere le lesioni da acne. Il correttore offre una copertura intensa con una finitura naturale e alta durata.<\/p>\n<p><strong>bagnato 05 ANTI-RED<\/strong>\u00a0\u2013 neutralizza il rossore come eritema, lesioni infiammate dell&#8217;acne, capillari<\/p>\n","protected":false},"featured_media":40531,"comment_status":"closed","ping_status":"open","template":"","meta":[],"product_brand":[],"product_cat":[2319,1856,2329],"product_tag":[3128,3129,2330],"class_list":{"0":"post-40530","1":"product","2":"type-product","3":"status-publish","4":"has-post-thumbnail","6":"product_cat-claresa-make-up","7":"product_cat-make-up","8":"product_cat-viso-claresa-make-up","9":"product_tag-anti-red","10":"product_tag-anti-rossore","11":"product_tag-correttore","13":"first","14":"instock","15":"shipping-taxable","16":"purchasable","17":"product-type-simple"},"_links":{"self":[{"href":"https:\/\/serverdedicato.lovenailsrivenditore.com\/index.php?rest_route=\/wp\/v2\/product\/40530","targetHints":{"allow":["GET"]}}],"collection":[{"href":"https:\/\/serverdedicato.lovenailsrivenditore.com\/index.php?rest_route=\/wp\/v2\/product"}],"about":[{"href":"https:\/\/serverdedicato.lovenailsrivenditore.com\/index.php?rest_route=\/wp\/v2\/types\/product"}],"replies":[{"embeddable":true,"href":"https:\/\/serverdedicato.lovenailsrivenditore.com\/index.php?rest_route=%2Fwp%2Fv2%2Fcomments&post=40530"}],"wp:featuredmedia":[{"embeddable":true,"href":"https:\/\/serverdedicato.lovenailsrivenditore.com\/index.php?rest_route=\/wp\/v2\/media\/40531"}],"wp:attachment":[{"href":"https:\/\/serverdedicato.lovenailsrivenditore.com\/index.php?rest_route=%2Fwp%2Fv2%2Fmedia&parent=40530"}],"wp:term":[{"taxonomy":"product_brand","embeddable":true,"href":"https:\/\/serverdedicato.lovenailsrivenditore.com\/index.php?rest_route=%2Fwp%2Fv2%2Fproduct_brand&post=40530"},{"taxonomy":"product_cat","embeddable":true,"href":"https:\/\/serverdedicato.lovenailsrivenditore.com\/index.php?rest_route=%2Fwp%2Fv2%2Fproduct_cat&post=40530"},{"taxonomy":"product_tag","embeddable":true,"href":"https:\/\/serverdedicato.lovenailsrivenditore.com\/index.php?rest_route=%2Fwp%2Fv2%2Fproduct_tag&post=40530"}],"curies":[{"name":"wp","href":"https:\/\/api.w.org\/{rel}","templated":true}]}}