{"id":40866,"date":"2026-01-07T13:39:48","date_gmt":"2026-01-07T12:39:48","guid":{"rendered":"https:\/\/serverdedicato.lovenailsrivenditore.com\/?product=saga-dream-cat-n-06-10ml"},"modified":"2026-04-20T14:29:15","modified_gmt":"2026-04-20T12:29:15","slug":"saga-dream-cat-n-06-10ml","status":"publish","type":"product","link":"https:\/\/serverdedicato.lovenailsrivenditore.com\/?product=saga-dream-cat-n-06-10ml","title":{"rendered":"SAGA &#8211; DREAM CAT n.06 &#8211; 10ml"},"content":{"rendered":"<p data-start=\"252\" data-end=\"513\">La\u00a0<strong data-start=\"261\" data-end=\"317\">collezione di smalti gel magnetici Dream Cat di Saga Professional<\/strong>\u00a0\u00e8 una vera scoperta per coloro che cercano una manicure luminosa, lussuosa e indimenticabile. Ogni tonalit\u00e0 di questa serie \u00e8 progettata per enfatizzare la tua personalit\u00e0 e aggiungere fascino all&#8217;immagine.<\/p>\n<p data-start=\"515\" data-end=\"851\">La caratteristica principale degli\u00a0<strong data-start=\"535\" data-end=\"564\">smalti gel Saga Dream Cat<\/strong>\u00a0\u00e8 uno squisito\u00a0<strong data-start=\"580\" data-end=\"600\">luccichio metallico<\/strong>\u00a0che, in combinazione con un magnete, forma\u00a0<strong data-start=\"643\" data-end=\"661\">l&#8217;effetto di un &#8220;occhio di gatto&#8221;.<\/strong>\u00a0Grazie a ci\u00f2, il rivestimento appare voluminoso, profondo e incredibilmente attraente. E\u00a0<strong data-start=\"742\" data-end=\"775\">l&#8217;esclusiva texture del cristallo<\/strong>\u00a0aggiunge luminosit\u00e0, dando l&#8217;impressione di vere pietre preziose sulle unghie.<\/p>\n<p data-start=\"853\" data-end=\"910\">Gli smalti gel\u00a0<strong data-start=\"863\" data-end=\"894\">Saga Professional Dream Cat<\/strong>\u00a0si distinguono per:<\/p>\n<ul data-start=\"911\" data-end=\"1066\">\n<li data-start=\"911\" data-end=\"948\">\n<p data-start=\"913\" data-end=\"948\">sfumature ricche e alla moda;<\/p>\n<\/li>\n<li data-start=\"949\" data-end=\"971\">\n<p data-start=\"951\" data-end=\"971\">Effetto glitter 3D;<\/p>\n<\/li>\n<li data-start=\"972\" data-end=\"1007\">\n<p data-start=\"974\" data-end=\"1007\">durata e facilit\u00e0 di applicazione;<\/p>\n<\/li>\n<li data-start=\"1008\" data-end=\"1066\">\n<p data-start=\"1010\" data-end=\"1066\">Magica riflessione della luce grazie alle particelle magnetiche.<\/p>\n<\/li>\n<\/ul>\n<p data-start=\"1068\" data-end=\"1218\">Scegliendo\u00a0<strong data-start=\"1077\" data-end=\"1108\">Saga Professional Dream Cat<\/strong>, ottieni non solo uno smalto gel, ma un lussuoso rivestimento che trasforma la tua manicure in una vera e propria opera d&#8217;arte.<\/p>\n","protected":false},"excerpt":{"rendered":"<p data-start=\"252\" data-end=\"513\">La\u00a0<strong data-start=\"261\" data-end=\"317\">collezione di smalti gel magnetici Dream Cat di Saga Professional<\/strong>\u00a0\u00e8 una vera scoperta per coloro che cercano una manicure luminosa, lussuosa e indimenticabile. Ogni tonalit\u00e0 di questa serie \u00e8 progettata per enfatizzare la tua personalit\u00e0 e aggiungere fascino all&#8217;immagine.<\/p>\n<p data-start=\"515\" data-end=\"851\">La caratteristica principale degli\u00a0<strong data-start=\"535\" data-end=\"564\">smalti gel Saga Dream Cat<\/strong>\u00a0\u00e8 uno squisito\u00a0<strong data-start=\"580\" data-end=\"600\">luccichio metallico<\/strong>\u00a0che, in combinazione con un magnete, forma\u00a0<strong data-start=\"643\" data-end=\"661\">l&#8217;effetto di un &#8220;occhio di gatto&#8221;.<\/strong>\u00a0Grazie a ci\u00f2, il rivestimento appare voluminoso, profondo e incredibilmente attraente. E\u00a0<strong data-start=\"742\" data-end=\"775\">l&#8217;esclusiva texture del cristallo<\/strong>\u00a0aggiunge luminosit\u00e0, dando l&#8217;impressione di vere pietre preziose sulle unghie.<\/p>\n<p data-start=\"853\" data-end=\"910\">Gli smalti gel\u00a0<strong data-start=\"863\" data-end=\"894\">Saga Professional Dream Cat<\/strong>\u00a0si distinguono per:<\/p>\n<ul data-start=\"911\" data-end=\"1066\">\n<li data-start=\"911\" data-end=\"948\">\n<p data-start=\"913\" data-end=\"948\">sfumature ricche e alla moda;<\/p>\n<\/li>\n<li data-start=\"949\" data-end=\"971\">\n<p data-start=\"951\" data-end=\"971\">Effetto glitter 3D;<\/p>\n<\/li>\n<li data-start=\"972\" data-end=\"1007\">\n<p data-start=\"974\" data-end=\"1007\">durata e facilit\u00e0 di applicazione;<\/p>\n<\/li>\n<li data-start=\"1008\" data-end=\"1066\">\n<p data-start=\"1010\" data-end=\"1066\">Magica riflessione della luce grazie alle particelle magnetiche.<\/p>\n<\/li>\n<\/ul>\n<p data-start=\"1068\" data-end=\"1218\">Scegliendo\u00a0<strong data-start=\"1077\" data-end=\"1108\">Saga Professional Dream Cat<\/strong>, ottieni non solo uno smalto gel, ma un lussuoso rivestimento che trasforma la tua manicure in una vera e propria opera d&#8217;arte.<\/p>\n","protected":false},"featured_media":40867,"comment_status":"closed","ping_status":"open","template":"","meta":[],"product_brand":[],"product_cat":[24,2854,2836,83],"product_tag":[130,927,3087],"class_list":{"0":"post-40866","1":"product","2":"type-product","3":"status-publish","4":"has-post-thumbnail","6":"product_cat-colori","7":"product_cat-colori-semipermanente-saga-professional","8":"product_cat-saga-professional","9":"product_cat-semipermanenti","10":"product_tag-brown","11":"product_tag-cat-eye","12":"product_tag-dream-cat","14":"first","15":"instock","16":"shipping-taxable","17":"purchasable","18":"product-type-simple"},"_links":{"self":[{"href":"https:\/\/serverdedicato.lovenailsrivenditore.com\/index.php?rest_route=\/wp\/v2\/product\/40866","targetHints":{"allow":["GET"]}}],"collection":[{"href":"https:\/\/serverdedicato.lovenailsrivenditore.com\/index.php?rest_route=\/wp\/v2\/product"}],"about":[{"href":"https:\/\/serverdedicato.lovenailsrivenditore.com\/index.php?rest_route=\/wp\/v2\/types\/product"}],"replies":[{"embeddable":true,"href":"https:\/\/serverdedicato.lovenailsrivenditore.com\/index.php?rest_route=%2Fwp%2Fv2%2Fcomments&post=40866"}],"wp:featuredmedia":[{"embeddable":true,"href":"https:\/\/serverdedicato.lovenailsrivenditore.com\/index.php?rest_route=\/wp\/v2\/media\/40867"}],"wp:attachment":[{"href":"https:\/\/serverdedicato.lovenailsrivenditore.com\/index.php?rest_route=%2Fwp%2Fv2%2Fmedia&parent=40866"}],"wp:term":[{"taxonomy":"product_brand","embeddable":true,"href":"https:\/\/serverdedicato.lovenailsrivenditore.com\/index.php?rest_route=%2Fwp%2Fv2%2Fproduct_brand&post=40866"},{"taxonomy":"product_cat","embeddable":true,"href":"https:\/\/serverdedicato.lovenailsrivenditore.com\/index.php?rest_route=%2Fwp%2Fv2%2Fproduct_cat&post=40866"},{"taxonomy":"product_tag","embeddable":true,"href":"https:\/\/serverdedicato.lovenailsrivenditore.com\/index.php?rest_route=%2Fwp%2Fv2%2Fproduct_tag&post=40866"}],"curies":[{"name":"wp","href":"https:\/\/api.w.org\/{rel}","templated":true}]}}