{"id":41395,"date":"2026-01-12T21:01:02","date_gmt":"2026-01-12T20:01:02","guid":{"rendered":"https:\/\/serverdedicato.lovenailsrivenditore.com\/?product=touch-hard-gel-n-02-15ml"},"modified":"2026-04-20T14:39:08","modified_gmt":"2026-04-20T12:39:08","slug":"touch-hard-gel-n-02-15ml","status":"publish","type":"product","link":"https:\/\/serverdedicato.lovenailsrivenditore.com\/?product=touch-hard-gel-n-02-15ml","title":{"rendered":"TOUCH &#8211; HARD GEL n.02 &#8211; 15ml"},"content":{"rendered":"<p>TOUCH HARD GEL \u2013 gel costruttore che permette il rafforzamento, il ripristino o l&#8217;allungamento. Il gel \u00e8 forte quanto il builder gel ma ha una consistenza pi\u00f9 liquida, permettendo un lavoro pi\u00f9 veloce. Facile da lavorare e adatto per la tecnica no file. Disponibile in 8 colori (incluso il trasparente).<\/p>\n<p>Disponibile in 8 colori<\/p>\n<div><\/div>\n<div>VANTAGGI DEL TOUCH HARD GEL:<\/div>\n<div><\/div>\n<div>&#8211; Consistenza media (pi\u00f9 sottile del builder gel);<\/div>\n<div>&#8211; Tiene bene l&#8217;arco;<\/div>\n<div>&#8211; Non si restringe;<\/div>\n<div>&#8211; Propriet\u00e0 autolivellanti.<\/div>\n","protected":false},"excerpt":{"rendered":"<p>TOUCH HARD GEL \u2013 gel costruttore che permette il rafforzamento, il ripristino o l&#8217;allungamento. Il gel \u00e8 forte quanto il builder gel ma ha una consistenza pi\u00f9 liquida, permettendo un lavoro pi\u00f9 veloce. Facile da lavorare e adatto per la tecnica no file. Disponibile in 8 colori (incluso il trasparente).<\/p>\n","protected":false},"featured_media":41396,"comment_status":"closed","ping_status":"open","template":"","meta":[],"product_brand":[],"product_cat":[3155,224,223,3142],"product_tag":[2033,3160,3161],"class_list":{"0":"post-41395","1":"product","2":"type-product","3":"status-publish","4":"has-post-thumbnail","6":"product_cat-costruttori-touch","7":"product_cat-costruttori","8":"product_cat-gel-uv","9":"product_cat-touch","10":"product_tag-gel-costruttore","11":"product_tag-hard","12":"product_tag-rigido","14":"first","15":"instock","16":"shipping-taxable","17":"purchasable","18":"product-type-simple"},"_links":{"self":[{"href":"https:\/\/serverdedicato.lovenailsrivenditore.com\/index.php?rest_route=\/wp\/v2\/product\/41395","targetHints":{"allow":["GET"]}}],"collection":[{"href":"https:\/\/serverdedicato.lovenailsrivenditore.com\/index.php?rest_route=\/wp\/v2\/product"}],"about":[{"href":"https:\/\/serverdedicato.lovenailsrivenditore.com\/index.php?rest_route=\/wp\/v2\/types\/product"}],"replies":[{"embeddable":true,"href":"https:\/\/serverdedicato.lovenailsrivenditore.com\/index.php?rest_route=%2Fwp%2Fv2%2Fcomments&post=41395"}],"wp:featuredmedia":[{"embeddable":true,"href":"https:\/\/serverdedicato.lovenailsrivenditore.com\/index.php?rest_route=\/wp\/v2\/media\/41396"}],"wp:attachment":[{"href":"https:\/\/serverdedicato.lovenailsrivenditore.com\/index.php?rest_route=%2Fwp%2Fv2%2Fmedia&parent=41395"}],"wp:term":[{"taxonomy":"product_brand","embeddable":true,"href":"https:\/\/serverdedicato.lovenailsrivenditore.com\/index.php?rest_route=%2Fwp%2Fv2%2Fproduct_brand&post=41395"},{"taxonomy":"product_cat","embeddable":true,"href":"https:\/\/serverdedicato.lovenailsrivenditore.com\/index.php?rest_route=%2Fwp%2Fv2%2Fproduct_cat&post=41395"},{"taxonomy":"product_tag","embeddable":true,"href":"https:\/\/serverdedicato.lovenailsrivenditore.com\/index.php?rest_route=%2Fwp%2Fv2%2Fproduct_tag&post=41395"}],"curies":[{"name":"wp","href":"https:\/\/api.w.org\/{rel}","templated":true}]}}