{"id":41627,"date":"2026-01-17T12:29:24","date_gmt":"2026-01-17T11:29:24","guid":{"rendered":"https:\/\/serverdedicato.lovenailsrivenditore.com\/?product=saga-professional-space-cat-n-02-10ml"},"modified":"2026-04-20T14:43:25","modified_gmt":"2026-04-20T12:43:25","slug":"saga-professional-space-cat-n-02-10ml","status":"publish","type":"product","link":"https:\/\/serverdedicato.lovenailsrivenditore.com\/?product=saga-professional-space-cat-n-02-10ml","title":{"rendered":"SAGA PROFESSIONAL &#8211; SPACE CAT n.02 &#8211; 10ml"},"content":{"rendered":"<p><strong>SAGA Professional Gel Polish Space Cat, 10 ml<\/strong>, \u00e8 uno smalto al gel spettacolare con un effetto magnetico a effetto occhio di gatto, ispirato alle profondit\u00e0 dello spazio. Il pigmento saturo, in combinazione con piccole particelle magnetiche, crea una riflessione tridimensionale della luce che cambia a seconda della luce.<\/p>\n<p>Lo smalto gel ha una consistenza confortevole di densit\u00e0 media, \u00e8 facile da applicare, non sbava e permette di creare rapidamente un&#8217;illuminazione chiara con un magnete. \u00c8 adatto sia per lavori monocromatici sia per la creazione di disegni.<\/p>\n","protected":false},"excerpt":{"rendered":"<p><strong>SAGA Professional Gel Polish Space Cat, 10 ml<\/strong>, \u00e8 uno smalto al gel spettacolare con un effetto magnetico a effetto occhio di gatto, ispirato alle profondit\u00e0 dello spazio. Il pigmento saturo, in combinazione con piccole particelle magnetiche, crea una riflessione tridimensionale della luce che cambia a seconda della luce.<\/p>\n<p>Lo smalto gel ha una consistenza confortevole di densit\u00e0 media, \u00e8 facile da applicare, non sbava e permette di creare rapidamente un&#8217;illuminazione chiara con un magnete. \u00c8 adatto sia per lavori monocromatici sia per la creazione di disegni.<\/p>\n","protected":false},"featured_media":41628,"comment_status":"closed","ping_status":"open","template":"","meta":[],"product_brand":[],"product_cat":[24,2854,2836,83],"product_tag":[927,103,2806,3168],"class_list":{"0":"post-41627","1":"product","2":"type-product","3":"status-publish","4":"has-post-thumbnail","6":"product_cat-colori","7":"product_cat-colori-semipermanente-saga-professional","8":"product_cat-saga-professional","9":"product_cat-semipermanenti","10":"product_tag-cat-eye","11":"product_tag-cat-eyes","12":"product_tag-occhio-di-gatto","13":"product_tag-space-cat","15":"first","16":"instock","17":"shipping-taxable","18":"purchasable","19":"product-type-simple"},"_links":{"self":[{"href":"https:\/\/serverdedicato.lovenailsrivenditore.com\/index.php?rest_route=\/wp\/v2\/product\/41627","targetHints":{"allow":["GET"]}}],"collection":[{"href":"https:\/\/serverdedicato.lovenailsrivenditore.com\/index.php?rest_route=\/wp\/v2\/product"}],"about":[{"href":"https:\/\/serverdedicato.lovenailsrivenditore.com\/index.php?rest_route=\/wp\/v2\/types\/product"}],"replies":[{"embeddable":true,"href":"https:\/\/serverdedicato.lovenailsrivenditore.com\/index.php?rest_route=%2Fwp%2Fv2%2Fcomments&post=41627"}],"wp:featuredmedia":[{"embeddable":true,"href":"https:\/\/serverdedicato.lovenailsrivenditore.com\/index.php?rest_route=\/wp\/v2\/media\/41628"}],"wp:attachment":[{"href":"https:\/\/serverdedicato.lovenailsrivenditore.com\/index.php?rest_route=%2Fwp%2Fv2%2Fmedia&parent=41627"}],"wp:term":[{"taxonomy":"product_brand","embeddable":true,"href":"https:\/\/serverdedicato.lovenailsrivenditore.com\/index.php?rest_route=%2Fwp%2Fv2%2Fproduct_brand&post=41627"},{"taxonomy":"product_cat","embeddable":true,"href":"https:\/\/serverdedicato.lovenailsrivenditore.com\/index.php?rest_route=%2Fwp%2Fv2%2Fproduct_cat&post=41627"},{"taxonomy":"product_tag","embeddable":true,"href":"https:\/\/serverdedicato.lovenailsrivenditore.com\/index.php?rest_route=%2Fwp%2Fv2%2Fproduct_tag&post=41627"}],"curies":[{"name":"wp","href":"https:\/\/api.w.org\/{rel}","templated":true}]}}