{"id":41853,"date":"2026-01-24T10:30:04","date_gmt":"2026-01-24T09:30:04","guid":{"rendered":"https:\/\/serverdedicato.lovenailsrivenditore.com\/?product=dark-iconic-top-15ml"},"modified":"2026-04-20T14:46:50","modified_gmt":"2026-04-20T12:46:50","slug":"dark-iconic-top-15ml","status":"publish","type":"product","link":"https:\/\/serverdedicato.lovenailsrivenditore.com\/?product=dark-iconic-top-15ml","title":{"rendered":"DARK &#8211; ICONIC TOP &#8211; 15ml"},"content":{"rendered":"<h4><strong>DARK ICONIC TOP<\/strong> \u00e8 un top senza strato di dispersione con filtro UV, sviluppato appositamente per tonalit\u00e0 chiare.<\/h4>\n<p>La sua formula offre una lucentezza perfetta, protegge il colore dall&#8217;sbiadimento, cosa particolarmente importante quando si lavorano con smalti ibridi chiari. Adatto per coperture in gel e ibride.<\/p>\n<ul>\n<li>Ha una splendida lucentezza fino a 4 settimane;<\/li>\n<li>Non ha uno strato di dispersione (viscoso);<\/li>\n<li>Ha un potente filtro UV, quindi protegge le tonalit\u00e0 chiare dall&#8217;ingiallimento e dall&#8217;affievolimento, e rende anche il colore pi\u00f9 freddo;<\/li>\n<li>Consistenza confortevole, facilmente autolivellante;<\/li>\n<li>Flessibile;<\/li>\n<li>Agisce come una lente, dando maggiore profondit\u00e0 al glitter;<\/li>\n<li>Non si scheggia.<\/li>\n<\/ul>\n<p>&nbsp;<\/p>\n<p><strong>Applicazione:<\/strong><\/p>\n<ul>\n<li>Tempo di polimerizzazione 90-120 secondi a 48W;<\/li>\n<li>Pu\u00f2 essere applicato sia con uno strato sottile sia con una leggera sovrastruttura (allineamento);<\/li>\n<\/ul>\n<p>&nbsp;<\/p>\n<p><strong>Funzionalit\u00e0 di utilizzo:<\/strong><\/p>\n<ul>\n<li>Quando si ricoprono toni freddi, la tonalit\u00e0 pu\u00f2 apparire inizialmente pi\u00f9 calda; dopo che la parte superiore si raffredda, il colore diventa pi\u00f9 freddo;<\/li>\n<li>Non consigliamo di coprire direttamente le decorazioni con il top (prima di applicare il top su decoraazioni, \u00e8 meglio coprire con uno strato sottile di base);<\/li>\n<li>Le tonalit\u00e0 scure possono dare una tonalit\u00e0 diversa al sole a causa dell&#8217;alto contenuto di filtri UV;<\/li>\n<\/ul>\n<p>&nbsp;<\/p>\n","protected":false},"excerpt":{"rendered":"<h4><strong>DARK ICONIC TOP<\/strong> \u00e8 un top senza strato di dispersione con filtro UV, sviluppato appositamente per tonalit\u00e0 chiare.<\/h4>\n<p>La sua formula offre una lucentezza perfetta, protegge il colore dall&#8217;sbiadimento, cosa particolarmente importante quando si lavorano con smalti ibridi chiari. Adatto per coperture in gel e ibride.<\/p>\n<ul>\n<li>Ha una splendida lucentezza fino a 4 settimane;<\/li>\n<li>Non ha uno strato di dispersione (viscoso);<\/li>\n<li>Ha un potente filtro UV, quindi protegge le tonalit\u00e0 chiare dall&#8217;ingiallimento e dall&#8217;affievolimento, e rende anche il colore pi\u00f9 freddo;<\/li>\n<li>Consistenza confortevole, facilmente autolivellante;<\/li>\n<li>Flessibile;<\/li>\n<li>Agisce come una lente, dando maggiore profondit\u00e0 al glitter;<\/li>\n<li>Non si scheggia.<\/li>\n<\/ul>\n<p>&nbsp;<\/p>\n","protected":false},"featured_media":41854,"comment_status":"closed","ping_status":"open","template":"","meta":[],"product_brand":[],"product_cat":[3178,3180,202],"product_tag":[3181,2068,1577],"class_list":{"0":"post-41853","1":"product","2":"type-product","3":"status-publish","4":"has-post-thumbnail","6":"product_cat-dark","7":"product_cat-finish-dark","8":"product_cat-finish","9":"product_tag-iconic-top","10":"product_tag-top-finish","11":"product_tag-top-senza-dispersione","13":"first","14":"instock","15":"shipping-taxable","16":"purchasable","17":"product-type-simple"},"_links":{"self":[{"href":"https:\/\/serverdedicato.lovenailsrivenditore.com\/index.php?rest_route=\/wp\/v2\/product\/41853","targetHints":{"allow":["GET"]}}],"collection":[{"href":"https:\/\/serverdedicato.lovenailsrivenditore.com\/index.php?rest_route=\/wp\/v2\/product"}],"about":[{"href":"https:\/\/serverdedicato.lovenailsrivenditore.com\/index.php?rest_route=\/wp\/v2\/types\/product"}],"replies":[{"embeddable":true,"href":"https:\/\/serverdedicato.lovenailsrivenditore.com\/index.php?rest_route=%2Fwp%2Fv2%2Fcomments&post=41853"}],"wp:featuredmedia":[{"embeddable":true,"href":"https:\/\/serverdedicato.lovenailsrivenditore.com\/index.php?rest_route=\/wp\/v2\/media\/41854"}],"wp:attachment":[{"href":"https:\/\/serverdedicato.lovenailsrivenditore.com\/index.php?rest_route=%2Fwp%2Fv2%2Fmedia&parent=41853"}],"wp:term":[{"taxonomy":"product_brand","embeddable":true,"href":"https:\/\/serverdedicato.lovenailsrivenditore.com\/index.php?rest_route=%2Fwp%2Fv2%2Fproduct_brand&post=41853"},{"taxonomy":"product_cat","embeddable":true,"href":"https:\/\/serverdedicato.lovenailsrivenditore.com\/index.php?rest_route=%2Fwp%2Fv2%2Fproduct_cat&post=41853"},{"taxonomy":"product_tag","embeddable":true,"href":"https:\/\/serverdedicato.lovenailsrivenditore.com\/index.php?rest_route=%2Fwp%2Fv2%2Fproduct_tag&post=41853"}],"curies":[{"name":"wp","href":"https:\/\/api.w.org\/{rel}","templated":true}]}}