{"id":42033,"date":"2026-01-26T15:26:12","date_gmt":"2026-01-26T14:26:12","guid":{"rendered":"https:\/\/serverdedicato.lovenailsrivenditore.com\/?product=hey-love-smart-gel-foamy-15ml"},"modified":"2026-04-20T15:49:15","modified_gmt":"2026-04-20T13:49:15","slug":"hey-love-smart-gel-foamy-15ml","status":"publish","type":"product","link":"https:\/\/serverdedicato.lovenailsrivenditore.com\/?product=hey-love-smart-gel-foamy-15ml","title":{"rendered":"HEY LOVE &#8211; SMART GEL &#8211; FOAMY &#8211; 15ml"},"content":{"rendered":"<p data-start=\"173\" data-end=\"553\">Alza il livello delle unghie con\u00a0<strong data-start=\"201\" data-end=\"228\">HEYLOVE Smart Gel<\/strong>, un gel premium pensato sia per professionisti che per gli appassionati. Questo gel versatile \u00e8 perfetto per rafforzare unghie naturali, allungare e creare una base impeccabile per lo smalto gel o l&#8217;arte per unghie. La sua formulazione di alta qualit\u00e0 garantisce un&#8217;applicazione facile, un autolivellante fluido e una lunga durata.<\/p>\n<h3 data-start=\"555\" data-end=\"584\">Principali benefici e caratteristiche<\/h3>\n<ul data-start=\"586\" data-end=\"1316\">\n<li data-start=\"687\" data-end=\"823\">\n<p data-start=\"689\" data-end=\"823\"><strong data-start=\"689\" data-end=\"709\">Forte ed elastico<\/strong>\u00a0\u2013 Garantisce un&#8217;ottima adesione, rafforzando l&#8217;unghia pur rimanendo flessibile per evitare scheggiature o crepe.<\/p>\n<\/li>\n<li data-start=\"824\" data-end=\"953\">\n<p data-start=\"826\" data-end=\"953\"><strong data-start=\"826\" data-end=\"854\">Applicazione professionale<\/strong> \u2013 Consistenza media permette un&#8217;applicazione liscia e precisa senza colare.<\/p>\n<\/li>\n<li data-start=\"954\" data-end=\"1066\">\n<p data-start=\"956\" data-end=\"1066\"><strong data-start=\"956\" data-end=\"971\">Polimerizzazione rapida<\/strong>\u00a0\u2013 Polimerizza efficacemente sotto lampade UV\/LED, risparmiando tempo sia in contesti professionali che domestici.<\/p>\n<\/li>\n<li data-start=\"1218\" data-end=\"1316\">\n<p data-start=\"1220\" data-end=\"1316\"><strong data-start=\"1220\" data-end=\"1240\">Strato protettivo<\/strong>\u00a0\u2013 Protegge le unghie dai danni esterni mantenendo una finitura ad alta lucidit\u00e0.<\/p>\n<\/li>\n<\/ul>\n<h3 data-start=\"1318\" data-end=\"1356\">Perch\u00e9 scegliere HEYLOVE Smart Gel<\/h3>\n<p data-start=\"1358\" data-end=\"1745\">Progettato sia per principianti che per professionisti, questo gel\u00a0 garantisce sempre estensioni o sovrapposizioni perfette per le unghie. Le sue propriet\u00e0 autolivellanti riducono la necessit\u00e0 di limare, mentre l&#8217;elasticit\u00e0 garantisce una finitura duratura e antischeggiata. A differenza dei gel di qualit\u00e0 inferiore, <strong data-start=\"1635\" data-end=\"1662\">il gel HEYLOVE Smart <\/strong>\u00a0mantiene la nitidezza e non ingiallisce nel tempo, mantenendo le unghie impeccabili.<\/p>\n","protected":false},"excerpt":{"rendered":"<p>Alza il livello delle unghie con\u00a0<strong data-start=\"201\" data-end=\"228\">HEYLOVE Smart Gel<\/strong>, un gel premium pensato sia per professionisti che per gli appassionati. Questo gel versatile \u00e8 perfetto per rafforzare unghie naturali, allungare e creare una base impeccabile per lo smalto gel o l&#8217;arte per unghie. La sua formulazione di alta qualit\u00e0 garantisce un&#8217;applicazione facile, un autolivellante fluido e una lunga durata.<\/p>\n","protected":false},"featured_media":42034,"comment_status":"closed","ping_status":"open","template":"","meta":[],"product_brand":[],"product_cat":[3003,224,223,2973],"product_tag":[1029,725,3136],"class_list":{"0":"post-42033","1":"product","2":"type-product","3":"status-publish","4":"has-post-thumbnail","6":"product_cat-costruttori-hey-love","7":"product_cat-costruttori","8":"product_cat-gel-uv","9":"product_cat-hey-love","10":"product_tag-gel-in-bottiglia","11":"product_tag-gel-in-bottle","12":"product_tag-smart-gel","14":"first","15":"instock","16":"shipping-taxable","17":"purchasable","18":"product-type-simple"},"_links":{"self":[{"href":"https:\/\/serverdedicato.lovenailsrivenditore.com\/index.php?rest_route=\/wp\/v2\/product\/42033","targetHints":{"allow":["GET"]}}],"collection":[{"href":"https:\/\/serverdedicato.lovenailsrivenditore.com\/index.php?rest_route=\/wp\/v2\/product"}],"about":[{"href":"https:\/\/serverdedicato.lovenailsrivenditore.com\/index.php?rest_route=\/wp\/v2\/types\/product"}],"replies":[{"embeddable":true,"href":"https:\/\/serverdedicato.lovenailsrivenditore.com\/index.php?rest_route=%2Fwp%2Fv2%2Fcomments&post=42033"}],"wp:featuredmedia":[{"embeddable":true,"href":"https:\/\/serverdedicato.lovenailsrivenditore.com\/index.php?rest_route=\/wp\/v2\/media\/42034"}],"wp:attachment":[{"href":"https:\/\/serverdedicato.lovenailsrivenditore.com\/index.php?rest_route=%2Fwp%2Fv2%2Fmedia&parent=42033"}],"wp:term":[{"taxonomy":"product_brand","embeddable":true,"href":"https:\/\/serverdedicato.lovenailsrivenditore.com\/index.php?rest_route=%2Fwp%2Fv2%2Fproduct_brand&post=42033"},{"taxonomy":"product_cat","embeddable":true,"href":"https:\/\/serverdedicato.lovenailsrivenditore.com\/index.php?rest_route=%2Fwp%2Fv2%2Fproduct_cat&post=42033"},{"taxonomy":"product_tag","embeddable":true,"href":"https:\/\/serverdedicato.lovenailsrivenditore.com\/index.php?rest_route=%2Fwp%2Fv2%2Fproduct_tag&post=42033"}],"curies":[{"name":"wp","href":"https:\/\/api.w.org\/{rel}","templated":true}]}}