{"id":42320,"date":"2026-02-02T11:44:09","date_gmt":"2026-02-02T10:44:09","guid":{"rendered":"https:\/\/serverdedicato.lovenailsrivenditore.com\/?product=molly-lac-wild-forest-n-108-5ml"},"modified":"2026-04-20T15:54:22","modified_gmt":"2026-04-20T13:54:22","slug":"molly-lac-wild-forest-n-108-5ml","status":"publish","type":"product","link":"https:\/\/serverdedicato.lovenailsrivenditore.com\/?product=molly-lac-wild-forest-n-108-5ml","title":{"rendered":"MOLLY LAC &#8211; WILD FOREST n.108 &#8211; 5ml"},"content":{"rendered":"<p>Scopri <em data-start=\"247\" data-end=\"260\">Wild Forest<\/em> n.108, un semipermanente della linea <strong data-start=\"298\" data-end=\"313\">Pure Nature<\/strong> firmato <strong data-start=\"322\" data-end=\"335\">Molly Lac<\/strong>, pensato per chi ama un\u2019eleganza sofisticata sulle unghie. Questo colore richiama le profondit\u00e0 della foresta, con una tonalit\u00e0 verde intensa e raffinata che aggiunge personalit\u00e0 ad ogni manicure.<\/p>\n","protected":false},"excerpt":{"rendered":"<p>Scopri <em data-start=\"247\" data-end=\"260\">Wild Forest<\/em> n.108, un semipermanente della linea <strong data-start=\"298\" data-end=\"313\">Pure Nature<\/strong> firmato <strong data-start=\"322\" data-end=\"335\">Molly Lac<\/strong>, pensato per chi ama un\u2019eleganza sofisticata sulle unghie. Questo colore richiama le profondit\u00e0 della foresta, con una tonalit\u00e0 verde intensa e raffinata che aggiunge personalit\u00e0 ad ogni manicure.<\/p>\n","protected":false},"featured_media":42321,"comment_status":"closed","ping_status":"open","template":"","meta":[],"product_brand":[],"product_cat":[24,82,81,83,1509],"product_tag":[188,3194,3195],"class_list":{"0":"post-42320","1":"product","2":"type-product","3":"status-publish","4":"has-post-thumbnail","6":"product_cat-colori","7":"product_cat-colori-semipermanente","8":"product_cat-molly-lac","9":"product_cat-semipermanenti","10":"product_cat-top-brand-professionali-unghie","11":"product_tag-verde","12":"product_tag-verde-scuro","13":"product_tag-wild-forest","15":"first","16":"instock","17":"shipping-taxable","18":"purchasable","19":"product-type-simple"},"_links":{"self":[{"href":"https:\/\/serverdedicato.lovenailsrivenditore.com\/index.php?rest_route=\/wp\/v2\/product\/42320","targetHints":{"allow":["GET"]}}],"collection":[{"href":"https:\/\/serverdedicato.lovenailsrivenditore.com\/index.php?rest_route=\/wp\/v2\/product"}],"about":[{"href":"https:\/\/serverdedicato.lovenailsrivenditore.com\/index.php?rest_route=\/wp\/v2\/types\/product"}],"replies":[{"embeddable":true,"href":"https:\/\/serverdedicato.lovenailsrivenditore.com\/index.php?rest_route=%2Fwp%2Fv2%2Fcomments&post=42320"}],"wp:featuredmedia":[{"embeddable":true,"href":"https:\/\/serverdedicato.lovenailsrivenditore.com\/index.php?rest_route=\/wp\/v2\/media\/42321"}],"wp:attachment":[{"href":"https:\/\/serverdedicato.lovenailsrivenditore.com\/index.php?rest_route=%2Fwp%2Fv2%2Fmedia&parent=42320"}],"wp:term":[{"taxonomy":"product_brand","embeddable":true,"href":"https:\/\/serverdedicato.lovenailsrivenditore.com\/index.php?rest_route=%2Fwp%2Fv2%2Fproduct_brand&post=42320"},{"taxonomy":"product_cat","embeddable":true,"href":"https:\/\/serverdedicato.lovenailsrivenditore.com\/index.php?rest_route=%2Fwp%2Fv2%2Fproduct_cat&post=42320"},{"taxonomy":"product_tag","embeddable":true,"href":"https:\/\/serverdedicato.lovenailsrivenditore.com\/index.php?rest_route=%2Fwp%2Fv2%2Fproduct_tag&post=42320"}],"curies":[{"name":"wp","href":"https:\/\/api.w.org\/{rel}","templated":true}]}}