{"id":42476,"date":"2026-02-13T08:47:35","date_gmt":"2026-02-13T07:47:35","guid":{"rendered":"https:\/\/serverdedicato.lovenailsrivenditore.com\/?product=kodi-crystal-modeling-transparent-gel-13ml"},"modified":"2026-04-20T15:56:46","modified_gmt":"2026-04-20T13:56:46","slug":"kodi-crystal-modeling-transparent-gel-13ml","status":"publish","type":"product","link":"https:\/\/serverdedicato.lovenailsrivenditore.com\/?product=kodi-crystal-modeling-transparent-gel-13ml","title":{"rendered":"KODI &#8211; CRYSTAL MODELING TRANSPARENT GEL &#8211; 13ml"},"content":{"rendered":"<p>Il gel Crystal trasparente, prodotto dai massimi esperti del famoso marchio internazionale Kodi Professional, \u00e8 la scelta ideale per modellare, rinforzare e riparare le unghie. In pochi minuti, questo materiale permette di creare l&#8217;architettura ideale per unghie di qualsiasi forma e lunghezza, con una durezza fenomenale.<\/p>\n<p>Il gel ha una consistenza intelligente di media viscosit\u00e0, che facilita una distribuzione facile e uniforme del prodotto sulle unghie e riduce al minimo la dispersione nei momenti di relax. Sar\u00e0 facile da lavorare non solo per le professioniste, ma anche per le principianti che stanno appena imparando l&#8217;arte della modellazione. L&#8217;uso del gel offre la possibilit\u00e0 di lavorare con una tecnica senza limatura. Dopo la polimerizzazione, il gel mantiene una trasparenza cristallina e le unghie rimangono forti, resistenti ed elastiche. Il prodotto \u00e8 tissotropico e ha eccellenti propriet\u00e0 adesive. Il gel pi\u00f9 resistente della linea Kodi Professional.<\/p>\n<p><b>Modo d&#8217;uso:<\/b> preparare l&#8217;unghia, sgrassare, applicare il deidratante e il primer. Applicare il gel monofasico in uno strato sottile con movimenti di sfregamento. Polimerizzare per 120 secondi in lampada LED e 3 minuti in lampada UV. Si consiglia di polimerizzare ogni strato di gel modellante per 2 minuti in lampada LED e 3 minuti in lampada UV. Rimuovere lo strato di dispersione con il detergente prima di limare o applicare lo smalto semipermanente.<\/p>\n<p>Il materiale viene compresso 10-15 secondi dopo l&#8217;inizio della polimerizzazione, a seconda della potenza della lampada o dall&#8217;inizio della reazione termica.<\/p>\n<p><b>Avvertenza:<\/b>\u00a0usare solo come indicato. Evitare il contatto con gli occhi. In caso di contatto con gli occhi, sciacquare immediatamente con acqua. Non ingerire.<\/p>\n<p><b>Condizioni di conservazione:<\/b> conservare nella confezione ben chiusa a una temperatura compresa tra +15\u00b0C e +25\u00b0C. Tenere lontano dal fuoco e dalla luce solare diretta. Tenere fuori dalla portata dei bambini.<\/p>\n","protected":false},"excerpt":{"rendered":"<p>Il gel Crystal trasparente, prodotto dai massimi esperti del famoso marchio internazionale Kodi Professional, \u00e8 la scelta ideale per modellare, rinforzare e riparare le unghie. In pochi minuti, questo materiale permette di creare l&#8217;architettura ideale per unghie di qualsiasi forma e lunghezza, con una durezza fenomenale.<\/p>\n<p>Il gel ha una consistenza intelligente di media viscosit\u00e0, che facilita una distribuzione facile e uniforme del prodotto sulle unghie e riduce al minimo la dispersione nei momenti di relax. Sar\u00e0 facile da lavorare non solo per le professioniste, ma anche per le principianti che stanno appena imparando l&#8217;arte della modellazione. L&#8217;uso del gel offre la possibilit\u00e0 di lavorare con una tecnica senza limatura. Dopo la polimerizzazione, il gel mantiene una trasparenza cristallina e le unghie rimangono forti, resistenti ed elastiche. Il prodotto \u00e8 tissotropico e ha eccellenti propriet\u00e0 adesive. Il gel pi\u00f9 resistente della linea Kodi Professional.<\/p>\n","protected":false},"featured_media":35183,"comment_status":"closed","ping_status":"open","template":"","meta":[],"product_brand":[],"product_cat":[2662,224,223,2627,1509],"product_tag":[1434,2494,2216,468],"class_list":{"0":"post-42476","1":"product","2":"type-product","3":"status-publish","4":"has-post-thumbnail","6":"product_cat-costruttori-kodi","7":"product_cat-costruttori","8":"product_cat-gel-uv","9":"product_cat-kodi","10":"product_cat-top-brand-professionali-unghie","11":"product_tag-clear","12":"product_tag-crystal","13":"product_tag-effetto-vetro","14":"product_tag-trasparente","16":"first","17":"instock","18":"shipping-taxable","19":"purchasable","20":"product-type-simple"},"_links":{"self":[{"href":"https:\/\/serverdedicato.lovenailsrivenditore.com\/index.php?rest_route=\/wp\/v2\/product\/42476","targetHints":{"allow":["GET"]}}],"collection":[{"href":"https:\/\/serverdedicato.lovenailsrivenditore.com\/index.php?rest_route=\/wp\/v2\/product"}],"about":[{"href":"https:\/\/serverdedicato.lovenailsrivenditore.com\/index.php?rest_route=\/wp\/v2\/types\/product"}],"replies":[{"embeddable":true,"href":"https:\/\/serverdedicato.lovenailsrivenditore.com\/index.php?rest_route=%2Fwp%2Fv2%2Fcomments&post=42476"}],"wp:featuredmedia":[{"embeddable":true,"href":"https:\/\/serverdedicato.lovenailsrivenditore.com\/index.php?rest_route=\/wp\/v2\/media\/35183"}],"wp:attachment":[{"href":"https:\/\/serverdedicato.lovenailsrivenditore.com\/index.php?rest_route=%2Fwp%2Fv2%2Fmedia&parent=42476"}],"wp:term":[{"taxonomy":"product_brand","embeddable":true,"href":"https:\/\/serverdedicato.lovenailsrivenditore.com\/index.php?rest_route=%2Fwp%2Fv2%2Fproduct_brand&post=42476"},{"taxonomy":"product_cat","embeddable":true,"href":"https:\/\/serverdedicato.lovenailsrivenditore.com\/index.php?rest_route=%2Fwp%2Fv2%2Fproduct_cat&post=42476"},{"taxonomy":"product_tag","embeddable":true,"href":"https:\/\/serverdedicato.lovenailsrivenditore.com\/index.php?rest_route=%2Fwp%2Fv2%2Fproduct_tag&post=42476"}],"curies":[{"name":"wp","href":"https:\/\/api.w.org\/{rel}","templated":true}]}}