{"id":42488,"date":"2026-02-13T13:22:58","date_gmt":"2026-02-13T12:22:58","guid":{"rendered":"https:\/\/serverdedicato.lovenailsrivenditore.com\/?product=dnka-low-acid-base-12ml"},"modified":"2026-04-20T15:57:01","modified_gmt":"2026-04-20T13:57:01","slug":"dnka-low-acid-base-12ml","status":"publish","type":"product","link":"https:\/\/serverdedicato.lovenailsrivenditore.com\/?product=dnka-low-acid-base-12ml","title":{"rendered":"DNKA &#8211; LOW ACID BASE -12ml"},"content":{"rendered":"<p>DNKa&#8217; Low Acid Base \u00e8 una base priva di acidi per unghie.<\/p>\n<p>Un rivestimento di base sicuro ideale per basi gel\/acrygel grazie alla sua elasticit\u00e0, viene utilizzato anche per la pedicure. Consente di creare un rivestimento sottile ed \u00e8 un&#8217;ottima soluzione per unghie danneggiate, deboli, troppo limate o problematiche. La consistenza \u00e8 media (pi\u00f9 vicina al liquido) e crea una bella lucentezza. \u00c8 a bassa temperatura e non brucia nella lampada. Si consiglia di passare gradualmente i clienti a una base priva di acidi rinforzando ulteriormente il rivestimento con gel o polvere acrilica.<\/p>\n","protected":false},"excerpt":{"rendered":"<p>DNKa&#8217; Low Acid Base \u00e8 una base priva di acidi per unghie.<\/p>\n<p>Un rivestimento di base sicuro ideale per basi gel\/acrygel grazie alla sua elasticit\u00e0, viene utilizzato anche per la pedicure. Consente di creare un rivestimento sottile ed \u00e8 un&#8217;ottima soluzione per unghie danneggiate, deboli, troppo limate o problematiche. La consistenza \u00e8 media (pi\u00f9 vicina al liquido) e crea una bella lucentezza. \u00c8 a bassa temperatura e non brucia nella lampada. Si consiglia di passare gradualmente i clienti a una base priva di acidi rinforzando ulteriormente il rivestimento con gel o polvere acrilica.<\/p>\n","protected":false},"featured_media":42489,"comment_status":"closed","ping_status":"open","template":"","meta":[],"product_brand":[],"product_cat":[1933,1932,1509],"product_tag":[1982,1528,2716],"class_list":{"0":"post-42488","1":"product","2":"type-product","3":"status-publish","4":"has-post-thumbnail","6":"product_cat-base-dnka","7":"product_cat-dnka","8":"product_cat-top-brand-professionali-unghie","9":"product_tag-base-dnka","10":"product_tag-base-rubber","11":"product_tag-low-acid-base","13":"first","14":"instock","15":"shipping-taxable","16":"purchasable","17":"product-type-simple"},"_links":{"self":[{"href":"https:\/\/serverdedicato.lovenailsrivenditore.com\/index.php?rest_route=\/wp\/v2\/product\/42488","targetHints":{"allow":["GET"]}}],"collection":[{"href":"https:\/\/serverdedicato.lovenailsrivenditore.com\/index.php?rest_route=\/wp\/v2\/product"}],"about":[{"href":"https:\/\/serverdedicato.lovenailsrivenditore.com\/index.php?rest_route=\/wp\/v2\/types\/product"}],"replies":[{"embeddable":true,"href":"https:\/\/serverdedicato.lovenailsrivenditore.com\/index.php?rest_route=%2Fwp%2Fv2%2Fcomments&post=42488"}],"wp:featuredmedia":[{"embeddable":true,"href":"https:\/\/serverdedicato.lovenailsrivenditore.com\/index.php?rest_route=\/wp\/v2\/media\/42489"}],"wp:attachment":[{"href":"https:\/\/serverdedicato.lovenailsrivenditore.com\/index.php?rest_route=%2Fwp%2Fv2%2Fmedia&parent=42488"}],"wp:term":[{"taxonomy":"product_brand","embeddable":true,"href":"https:\/\/serverdedicato.lovenailsrivenditore.com\/index.php?rest_route=%2Fwp%2Fv2%2Fproduct_brand&post=42488"},{"taxonomy":"product_cat","embeddable":true,"href":"https:\/\/serverdedicato.lovenailsrivenditore.com\/index.php?rest_route=%2Fwp%2Fv2%2Fproduct_cat&post=42488"},{"taxonomy":"product_tag","embeddable":true,"href":"https:\/\/serverdedicato.lovenailsrivenditore.com\/index.php?rest_route=%2Fwp%2Fv2%2Fproduct_tag&post=42488"}],"curies":[{"name":"wp","href":"https:\/\/api.w.org\/{rel}","templated":true}]}}