{"id":43266,"date":"2026-02-20T10:40:07","date_gmt":"2026-02-20T09:40:07","guid":{"rendered":"https:\/\/serverdedicato.lovenailsrivenditore.com\/?product=kodi-pennello-nail-art-n-00"},"modified":"2026-04-20T16:10:35","modified_gmt":"2026-04-20T14:10:35","slug":"kodi-pennello-nail-art-n-00","status":"publish","type":"product","link":"https:\/\/serverdedicato.lovenailsrivenditore.com\/?product=kodi-pennello-nail-art-n-00","title":{"rendered":"KODI &#8211; PENNELLO NAIL ART n.00"},"content":{"rendered":"<p>Nella creazione di nail art complessa in una variet\u00e0 di tecniche pittoriche a mano, la scelta corretta di strumenti di alta qualit\u00e0 per il lavoro &#8211; i pennelli per nail art &#8211; \u00e8 di grande importanza.<\/p>\n<p>Il pennello da pittura N.00 ha il fascio di pelo allungato pi\u00f9 sottile, con cui puoi creare disegni rapidamente e con precisione nei dettagli. La fibra di nylon, a differenza della fibra naturale, non si gonfia durante il lavoro e mantiene la sua forma durante la pulizia dello strumento dopo aver creato un disegno. Il manico in legno naturale \u00e8 leggero e non scivola tra le dita durante il funzionamento.<\/p>\n<div class=\"wrap-hidden-text-link\">\n<div data-text=\"\u0427\u0438\u0442\u0430\u0442\u044c \u043f\u043e\u043b\u043d\u043e\u0441\u0442\u044c\u044e\"><\/div>\n<\/div>\n","protected":false},"excerpt":{"rendered":"<p>Nella creazione di nail art complessa in una variet\u00e0 di tecniche pittoriche a mano, la scelta corretta di strumenti di alta qualit\u00e0 per il lavoro &#8211; i pennelli per nail art &#8211; \u00e8 di grande importanza.<\/p>\n<p>Il pennello da pittura N.00 ha il fascio di pelo allungato pi\u00f9 sottile, con cui puoi creare disegni rapidamente e con precisione nei dettagli. La fibra di nylon, a differenza della fibra naturale, non si gonfia durante il lavoro e mantiene la sua forma durante la pulizia dello strumento dopo aver creato un disegno. Il manico in legno naturale \u00e8 leggero e non scivola tra le dita durante il funzionamento.<\/p>\n<div class=\"wrap-hidden-text-link\">\n<div data-text=\"\u0427\u0438\u0442\u0430\u0442\u044c \u043f\u043e\u043b\u043d\u043e\u0441\u0442\u044c\u044e\"><\/div>\n<\/div>\n","protected":false},"featured_media":43267,"comment_status":"closed","ping_status":"open","template":"","meta":[],"product_brand":[],"product_cat":[177,2627,243,1509],"product_tag":[245,1903,1630],"class_list":{"0":"post-43266","1":"product","2":"type-product","3":"status-publish","4":"has-post-thumbnail","6":"product_cat-accessori","7":"product_cat-kodi","8":"product_cat-pennelli","9":"product_cat-top-brand-professionali-unghie","10":"product_tag-pennello","11":"product_tag-pennello-00","12":"product_tag-pennello-nail-art","14":"first","15":"instock","16":"shipping-taxable","17":"purchasable","18":"product-type-simple"},"_links":{"self":[{"href":"https:\/\/serverdedicato.lovenailsrivenditore.com\/index.php?rest_route=\/wp\/v2\/product\/43266","targetHints":{"allow":["GET"]}}],"collection":[{"href":"https:\/\/serverdedicato.lovenailsrivenditore.com\/index.php?rest_route=\/wp\/v2\/product"}],"about":[{"href":"https:\/\/serverdedicato.lovenailsrivenditore.com\/index.php?rest_route=\/wp\/v2\/types\/product"}],"replies":[{"embeddable":true,"href":"https:\/\/serverdedicato.lovenailsrivenditore.com\/index.php?rest_route=%2Fwp%2Fv2%2Fcomments&post=43266"}],"wp:featuredmedia":[{"embeddable":true,"href":"https:\/\/serverdedicato.lovenailsrivenditore.com\/index.php?rest_route=\/wp\/v2\/media\/43267"}],"wp:attachment":[{"href":"https:\/\/serverdedicato.lovenailsrivenditore.com\/index.php?rest_route=%2Fwp%2Fv2%2Fmedia&parent=43266"}],"wp:term":[{"taxonomy":"product_brand","embeddable":true,"href":"https:\/\/serverdedicato.lovenailsrivenditore.com\/index.php?rest_route=%2Fwp%2Fv2%2Fproduct_brand&post=43266"},{"taxonomy":"product_cat","embeddable":true,"href":"https:\/\/serverdedicato.lovenailsrivenditore.com\/index.php?rest_route=%2Fwp%2Fv2%2Fproduct_cat&post=43266"},{"taxonomy":"product_tag","embeddable":true,"href":"https:\/\/serverdedicato.lovenailsrivenditore.com\/index.php?rest_route=%2Fwp%2Fv2%2Fproduct_tag&post=43266"}],"curies":[{"name":"wp","href":"https:\/\/api.w.org\/{rel}","templated":true}]}}