{"id":43301,"date":"2026-02-20T12:31:56","date_gmt":"2026-02-20T11:31:56","guid":{"rendered":"https:\/\/serverdedicato.lovenailsrivenditore.com\/?product=claresa-olio-cuticole-pretty-bloom-5gr"},"modified":"2026-04-20T16:11:03","modified_gmt":"2026-04-20T14:11:03","slug":"claresa-olio-cuticole-pretty-bloom-5gr","status":"publish","type":"product","link":"https:\/\/serverdedicato.lovenailsrivenditore.com\/?product=claresa-olio-cuticole-pretty-bloom-5gr","title":{"rendered":"CLARESA &#8211; OLIO CUTICOLE &#8211; PRETTY BLOOM &#8211; 5gr"},"content":{"rendered":"<p>Una fragranza sofisticata, radiosa e super femminile con una nota dominante di fiori bianchi.<\/p>\n<p>Gli oli hanno un effetto positivo sulla rigenerazione della matrice ungueale, grazie al quale la lamina ungueale diventa pi\u00f9 forte e meno suscettibile a danni. Gli oli per cuticole sono la finitura perfetta per qualsiasi styling, ma anche un nutriente perfetto.<\/p>\n<p><strong>CURIOSIT\u00c0:<\/strong><br \/>\nLa ricetta dell&#8217;olio \u00e8 stata arricchita con:<br \/>\n\u2022 Olio di mandorle dolci &#8211; rafforza la ungueale, nutra, idrata e ammorbidisce perfettamente le cuticole;<br \/>\n\u2022 Olio di semi di pesca \u2013 previene unghie fragili e stimola la loro crescita, rafforzando la lamina ungueale.<\/p>\n<p><strong>APPLICAZIONE:<\/strong><br \/>\nApplica una piccola quantit\u00e0 di olio sulle cuticole intorno alle unghie. Massaggia delicatamente finch\u00e9 il prodotto non viene assorbito. L&#8217;olio \u00e8 ottimo sia subito dopo la manicure sia in un rituale quotidiano di cura.<\/p>\n","protected":false},"excerpt":{"rendered":"<p>Una fragranza sofisticata, radiosa e super femminile con una nota dominante di fiori bianchi.<\/p>\n<p>Gli oli hanno un effetto positivo sulla rigenerazione della matrice ungueale, grazie al quale la lamina ungueale diventa pi\u00f9 forte e meno suscettibile a danni. Gli oli per cuticole sono la finitura perfetta per qualsiasi styling, ma anche un nutriente perfetto.<\/p>\n","protected":false},"featured_media":43302,"comment_status":"closed","ping_status":"open","template":"","meta":[],"product_brand":[],"product_cat":[1507,208,1520,315,1509],"product_tag":[317,3229],"class_list":{"0":"post-43301","1":"product","2":"type-product","3":"status-publish","4":"has-post-thumbnail","6":"product_cat-claresa","7":"product_cat-liquidi-e-preparatori-2","8":"product_cat-liquidi-e-preparatori-claresa","9":"product_cat-olio-per-cuticole","10":"product_cat-top-brand-professionali-unghie","11":"product_tag-olio-cuticole","12":"product_tag-pretty-bloom","14":"first","15":"instock","16":"shipping-taxable","17":"purchasable","18":"product-type-simple"},"_links":{"self":[{"href":"https:\/\/serverdedicato.lovenailsrivenditore.com\/index.php?rest_route=\/wp\/v2\/product\/43301","targetHints":{"allow":["GET"]}}],"collection":[{"href":"https:\/\/serverdedicato.lovenailsrivenditore.com\/index.php?rest_route=\/wp\/v2\/product"}],"about":[{"href":"https:\/\/serverdedicato.lovenailsrivenditore.com\/index.php?rest_route=\/wp\/v2\/types\/product"}],"replies":[{"embeddable":true,"href":"https:\/\/serverdedicato.lovenailsrivenditore.com\/index.php?rest_route=%2Fwp%2Fv2%2Fcomments&post=43301"}],"wp:featuredmedia":[{"embeddable":true,"href":"https:\/\/serverdedicato.lovenailsrivenditore.com\/index.php?rest_route=\/wp\/v2\/media\/43302"}],"wp:attachment":[{"href":"https:\/\/serverdedicato.lovenailsrivenditore.com\/index.php?rest_route=%2Fwp%2Fv2%2Fmedia&parent=43301"}],"wp:term":[{"taxonomy":"product_brand","embeddable":true,"href":"https:\/\/serverdedicato.lovenailsrivenditore.com\/index.php?rest_route=%2Fwp%2Fv2%2Fproduct_brand&post=43301"},{"taxonomy":"product_cat","embeddable":true,"href":"https:\/\/serverdedicato.lovenailsrivenditore.com\/index.php?rest_route=%2Fwp%2Fv2%2Fproduct_cat&post=43301"},{"taxonomy":"product_tag","embeddable":true,"href":"https:\/\/serverdedicato.lovenailsrivenditore.com\/index.php?rest_route=%2Fwp%2Fv2%2Fproduct_tag&post=43301"}],"curies":[{"name":"wp","href":"https:\/\/api.w.org\/{rel}","templated":true}]}}