{"id":43453,"date":"2026-02-23T10:36:32","date_gmt":"2026-02-23T09:36:32","guid":{"rendered":"https:\/\/serverdedicato.lovenailsrivenditore.com\/?product=molly-nails-french-manicure-n-135-8gr"},"modified":"2026-04-20T16:13:51","modified_gmt":"2026-04-20T14:13:51","slug":"molly-nails-french-manicure-n-135-8gr","status":"publish","type":"product","link":"https:\/\/serverdedicato.lovenailsrivenditore.com\/?product=molly-nails-french-manicure-n-135-8gr","title":{"rendered":"MOLLY NAILS &#8211; FRENCH MANICURE n.135 &#8211; 8gr"},"content":{"rendered":"<p>La\u00a0<strong>consistenza perfettamente cremosa<\/strong>\u00a0e la\u00a0<strong>formula innovativa<\/strong>\u00a0garantiscono una facilit\u00e0 di applicazione dello smalto ibrido.<\/p>\n<p>Il\u00a0<strong>pennello di precisione \u00e8 adattato alla densit\u00e0 del prodotto.<\/strong><\/p>\n<p><b>135. Pink Nude &#8211;\u00a0<\/b>Questa \u00e8 una delicata tonalit\u00e0 di rosa che combina la sottigliezza del nude con un tocco pastello di rosa. \u00c8 un colore che trasmette eleganza e fascino femminile, che ci ricorda la delicatezza dei petali di fiore. La sua formula semi-trasparente le conferisce leggerezza e delicatezza, rendendola la scelta perfetta per chi cerca uno stile di unghie sottile ma distintivo. Pink Nude aggiunge fascino naturale e delicatezza alle tue mani, sottolineandone la bellezza naturale.<\/p>\n<p><strong>Formula senza HEMA\/Di-HEMA.<\/strong><\/p>\n","protected":false},"excerpt":{"rendered":"<p><b>135. Pink Nude &#8211;\u00a0<\/b>Questa \u00e8 una delicata tonalit\u00e0 di rosa che combina la sottigliezza del nude con un tocco pastello di rosa. \u00c8 un colore che trasmette eleganza e fascino femminile, che ci ricorda la delicatezza dei petali di fiore. La sua formula semi-trasparente le conferisce leggerezza e delicatezza, rendendola la scelta perfetta per chi cerca uno stile di unghie sottile ma distintivo. Pink Nude aggiunge fascino naturale e delicatezza alle tue mani, sottolineandone la bellezza naturale.<\/p>\n","protected":false},"featured_media":43454,"comment_status":"closed","ping_status":"open","template":"","meta":[],"product_brand":[],"product_cat":[24,82,81,83,1509],"product_tag":[76,1442,3234],"class_list":{"0":"post-43453","1":"product","2":"type-product","3":"status-publish","4":"has-post-thumbnail","6":"product_cat-colori","7":"product_cat-colori-semipermanente","8":"product_cat-molly-lac","9":"product_cat-semipermanenti","10":"product_cat-top-brand-professionali-unghie","11":"product_tag-glass","12":"product_tag-natural","13":"product_tag-semitrasparente","15":"first","16":"outofstock","17":"shipping-taxable","18":"purchasable","19":"product-type-simple"},"_links":{"self":[{"href":"https:\/\/serverdedicato.lovenailsrivenditore.com\/index.php?rest_route=\/wp\/v2\/product\/43453","targetHints":{"allow":["GET"]}}],"collection":[{"href":"https:\/\/serverdedicato.lovenailsrivenditore.com\/index.php?rest_route=\/wp\/v2\/product"}],"about":[{"href":"https:\/\/serverdedicato.lovenailsrivenditore.com\/index.php?rest_route=\/wp\/v2\/types\/product"}],"replies":[{"embeddable":true,"href":"https:\/\/serverdedicato.lovenailsrivenditore.com\/index.php?rest_route=%2Fwp%2Fv2%2Fcomments&post=43453"}],"wp:featuredmedia":[{"embeddable":true,"href":"https:\/\/serverdedicato.lovenailsrivenditore.com\/index.php?rest_route=\/wp\/v2\/media\/43454"}],"wp:attachment":[{"href":"https:\/\/serverdedicato.lovenailsrivenditore.com\/index.php?rest_route=%2Fwp%2Fv2%2Fmedia&parent=43453"}],"wp:term":[{"taxonomy":"product_brand","embeddable":true,"href":"https:\/\/serverdedicato.lovenailsrivenditore.com\/index.php?rest_route=%2Fwp%2Fv2%2Fproduct_brand&post=43453"},{"taxonomy":"product_cat","embeddable":true,"href":"https:\/\/serverdedicato.lovenailsrivenditore.com\/index.php?rest_route=%2Fwp%2Fv2%2Fproduct_cat&post=43453"},{"taxonomy":"product_tag","embeddable":true,"href":"https:\/\/serverdedicato.lovenailsrivenditore.com\/index.php?rest_route=%2Fwp%2Fv2%2Fproduct_tag&post=43453"}],"curies":[{"name":"wp","href":"https:\/\/api.w.org\/{rel}","templated":true}]}}