{"id":43881,"date":"2026-02-25T13:33:59","date_gmt":"2026-02-25T12:33:59","guid":{"rendered":"https:\/\/serverdedicato.lovenailsrivenditore.com\/?product=kodi-olio-per-cuticole-antibatterico-15ml"},"modified":"2026-04-20T16:21:15","modified_gmt":"2026-04-20T14:21:15","slug":"kodi-olio-per-cuticole-antibatterico-15ml","status":"publish","type":"product","link":"https:\/\/serverdedicato.lovenailsrivenditore.com\/?product=kodi-olio-per-cuticole-antibatterico-15ml","title":{"rendered":"KODI &#8211; OLIO PER CUTICOLE ANTIBATTERICO &#8211; 15ml"},"content":{"rendered":"<p>L&#8217;olio per cuticole con effetto antibatterico \u00e8 cos\u00ec efficace nell&#8217;uso che diventer\u00e0 indispensabile per risolvere numerosi problemi durante la cura delle unghie. Questo prodotto \u00e8 consigliato per l&#8217;uso nella fase finale durante la manicure, cos\u00ec come per la cura quotidiana delle cuticole problematiche (in presenza di segni di infezione, con piccole ferite e crepe). Non \u00e8 una medicina.<\/p>\n<p>L&#8217;olio contiene un efficace componente disinfettante che, penetrando in profondit\u00e0 nell&#8217;area periunguale, ha un effetto disinfettante, stimola una rapida guarigione e il ripristino della pelle e le componenti nutrienti ammorbidiscono la cuticola e la rendono elastica. Con un uso regolare, la cuticola assume un aspetto ordinato e ben curato.<\/p>\n","protected":false},"excerpt":{"rendered":"<p>L&#8217;olio per cuticole con effetto antibatterico \u00e8 cos\u00ec efficace nell&#8217;uso che diventer\u00e0 indispensabile per risolvere numerosi problemi durante la cura delle unghie. Questo prodotto \u00e8 consigliato per l&#8217;uso nella fase finale durante la manicure, cos\u00ec come per la cura quotidiana delle cuticole problematiche (in presenza di segni di infezione, con piccole ferite e crepe). Non \u00e8 una medicina.<\/p>\n<p>L&#8217;olio contiene un efficace componente disinfettante che, penetrando in profondit\u00e0 nell&#8217;area periunguale, ha un effetto disinfettante, stimola una rapida guarigione e il ripristino della pelle e le componenti nutrienti ammorbidiscono la cuticola e la rendono elastica. Con un uso regolare, la cuticola assume un aspetto ordinato e ben curato.<\/p>\n","protected":false},"featured_media":43882,"comment_status":"closed","ping_status":"open","template":"","meta":[],"product_brand":[],"product_cat":[2627,208,2664,315,1509],"product_tag":[3238,3239,317],"class_list":{"0":"post-43881","1":"product","2":"type-product","3":"status-publish","4":"has-post-thumbnail","6":"product_cat-kodi","7":"product_cat-liquidi-e-preparatori-2","8":"product_cat-liquidi-e-preparatori-kodi","9":"product_cat-olio-per-cuticole","10":"product_cat-top-brand-professionali-unghie","11":"product_tag-antibatterico","12":"product_tag-olio-batterico","13":"product_tag-olio-cuticole","15":"first","16":"instock","17":"shipping-taxable","18":"purchasable","19":"product-type-simple"},"_links":{"self":[{"href":"https:\/\/serverdedicato.lovenailsrivenditore.com\/index.php?rest_route=\/wp\/v2\/product\/43881","targetHints":{"allow":["GET"]}}],"collection":[{"href":"https:\/\/serverdedicato.lovenailsrivenditore.com\/index.php?rest_route=\/wp\/v2\/product"}],"about":[{"href":"https:\/\/serverdedicato.lovenailsrivenditore.com\/index.php?rest_route=\/wp\/v2\/types\/product"}],"replies":[{"embeddable":true,"href":"https:\/\/serverdedicato.lovenailsrivenditore.com\/index.php?rest_route=%2Fwp%2Fv2%2Fcomments&post=43881"}],"wp:featuredmedia":[{"embeddable":true,"href":"https:\/\/serverdedicato.lovenailsrivenditore.com\/index.php?rest_route=\/wp\/v2\/media\/43882"}],"wp:attachment":[{"href":"https:\/\/serverdedicato.lovenailsrivenditore.com\/index.php?rest_route=%2Fwp%2Fv2%2Fmedia&parent=43881"}],"wp:term":[{"taxonomy":"product_brand","embeddable":true,"href":"https:\/\/serverdedicato.lovenailsrivenditore.com\/index.php?rest_route=%2Fwp%2Fv2%2Fproduct_brand&post=43881"},{"taxonomy":"product_cat","embeddable":true,"href":"https:\/\/serverdedicato.lovenailsrivenditore.com\/index.php?rest_route=%2Fwp%2Fv2%2Fproduct_cat&post=43881"},{"taxonomy":"product_tag","embeddable":true,"href":"https:\/\/serverdedicato.lovenailsrivenditore.com\/index.php?rest_route=%2Fwp%2Fv2%2Fproduct_tag&post=43881"}],"curies":[{"name":"wp","href":"https:\/\/api.w.org\/{rel}","templated":true}]}}