{"id":44024,"date":"2026-02-26T12:43:52","date_gmt":"2026-02-26T11:43:52","guid":{"rendered":"https:\/\/serverdedicato.lovenailsrivenditore.com\/?product=yoshi-builder-gel-twilight-dreamscape-15ml"},"modified":"2026-04-20T16:23:40","modified_gmt":"2026-04-20T14:23:40","slug":"yoshi-builder-gel-twilight-dreamscape-15ml","status":"publish","type":"product","link":"https:\/\/serverdedicato.lovenailsrivenditore.com\/?product=yoshi-builder-gel-twilight-dreamscape-15ml","title":{"rendered":"YOSHI &#8211; BUILDER GEL TWILIGHT &#8211; DREAMSCAPE &#8211; 15ml"},"content":{"rendered":"<p>Uno stile perfetto \u00e8 una combinazione di durabilit\u00e0, facilit\u00e0 di applicazione e una finitura straordinaria. Ecco perch\u00e9 da Yoshi abbiamo creato\u00a0<strong>Twilight<\/strong>\u00a0Flash \u2013 gel unici, semi-trasparenti con un milione di particelle flash scintillanti. Ogni stile creato con questi gel \u00e8 una combinazione di durabilit\u00e0 affidabile, facile applicazione e una lucentezza spettacolare&#8230; come sempre con Yoshi.<\/p>\n","protected":false},"excerpt":{"rendered":"<p>Uno stile perfetto \u00e8 una combinazione di durabilit\u00e0, facilit\u00e0 di applicazione e una finitura straordinaria. Ecco perch\u00e9 da Yoshi abbiamo creato\u00a0<strong>Twilight<\/strong>\u00a0Flash \u2013 gel unici, semi-trasparenti con un milione di particelle flash scintillanti. Ogni stile creato con questi gel \u00e8 una combinazione di durabilit\u00e0 affidabile, facile applicazione e una lucentezza spettacolare&#8230; come sempre con Yoshi.<\/p>\n","protected":false},"featured_media":44025,"comment_status":"closed","ping_status":"open","template":"","meta":[],"product_brand":[],"product_cat":[2807,224,223,2795],"product_tag":[874,350,3242],"class_list":{"0":"post-44024","1":"product","2":"type-product","3":"status-publish","4":"has-post-thumbnail","6":"product_cat-costruttori-yoshi","7":"product_cat-costruttori","8":"product_cat-gel-uv","9":"product_cat-yoshi","10":"product_tag-flashing","11":"product_tag-glitter","12":"product_tag-twilight","14":"first","15":"instock","16":"shipping-taxable","17":"purchasable","18":"product-type-simple"},"_links":{"self":[{"href":"https:\/\/serverdedicato.lovenailsrivenditore.com\/index.php?rest_route=\/wp\/v2\/product\/44024","targetHints":{"allow":["GET"]}}],"collection":[{"href":"https:\/\/serverdedicato.lovenailsrivenditore.com\/index.php?rest_route=\/wp\/v2\/product"}],"about":[{"href":"https:\/\/serverdedicato.lovenailsrivenditore.com\/index.php?rest_route=\/wp\/v2\/types\/product"}],"replies":[{"embeddable":true,"href":"https:\/\/serverdedicato.lovenailsrivenditore.com\/index.php?rest_route=%2Fwp%2Fv2%2Fcomments&post=44024"}],"wp:featuredmedia":[{"embeddable":true,"href":"https:\/\/serverdedicato.lovenailsrivenditore.com\/index.php?rest_route=\/wp\/v2\/media\/44025"}],"wp:attachment":[{"href":"https:\/\/serverdedicato.lovenailsrivenditore.com\/index.php?rest_route=%2Fwp%2Fv2%2Fmedia&parent=44024"}],"wp:term":[{"taxonomy":"product_brand","embeddable":true,"href":"https:\/\/serverdedicato.lovenailsrivenditore.com\/index.php?rest_route=%2Fwp%2Fv2%2Fproduct_brand&post=44024"},{"taxonomy":"product_cat","embeddable":true,"href":"https:\/\/serverdedicato.lovenailsrivenditore.com\/index.php?rest_route=%2Fwp%2Fv2%2Fproduct_cat&post=44024"},{"taxonomy":"product_tag","embeddable":true,"href":"https:\/\/serverdedicato.lovenailsrivenditore.com\/index.php?rest_route=%2Fwp%2Fv2%2Fproduct_tag&post=44024"}],"curies":[{"name":"wp","href":"https:\/\/api.w.org\/{rel}","templated":true}]}}