{"id":44316,"date":"2026-02-28T10:40:52","date_gmt":"2026-02-28T09:40:52","guid":{"rendered":"https:\/\/serverdedicato.lovenailsrivenditore.com\/?product=kodi-fibra-per-unghie-3m"},"modified":"2026-04-20T16:28:03","modified_gmt":"2026-04-20T14:28:03","slug":"kodi-fibra-per-unghie-3m","status":"publish","type":"product","link":"https:\/\/serverdedicato.lovenailsrivenditore.com\/?product=kodi-fibra-per-unghie-3m","title":{"rendered":"KODI &#8211; FIBRA PER UNGHIE &#8211; 3m"},"content":{"rendered":"<p style=\"font-weight: 400;\">Il marchio internazionale Kodi Professional utilizza tecnologie moderne e applica elevati standard di qualit\u00e0 nella produzione di prodotti per unghie che cambiano in meglio il mercato e la vita delle nail artist. Un esempio sorprendente \u00e8 la produzione di una fibra speciale per la riparazione e l&#8217;allungamento delle unghie.<\/p>\n<p style=\"font-weight: 400;\">Il materiale unico viene utilizzato per rinforzi rapidi, modellazione e riparazione delle unghie. Pu\u00f2 essere utilizzato anche per l&#8217;estensione delle unghie e il prolungamento del bordo libero in combinazione con sistemi per unghie artificiali. La particolarit\u00e0 del materiale \u00e8 che ha uno spessore naturale minimo con massima flessibilit\u00e0 e resistenza. Questo ti permette di risparmiare significativamente il tempo dedicato alla procedura e ottenere un risultato perfetto.<\/p>\n","protected":false},"excerpt":{"rendered":"<p style=\"font-weight: 400;\">Il marchio internazionale Kodi Professional utilizza tecnologie moderne e applica elevati standard di qualit\u00e0 nella produzione di prodotti per unghie che cambiano in meglio il mercato e la vita delle nail artist. Un esempio sorprendente \u00e8 la produzione di una fibra speciale per la riparazione e l&#8217;allungamento delle unghie.<\/p>\n<p style=\"font-weight: 400;\">Il materiale unico viene utilizzato per rinforzi rapidi, modellazione e riparazione delle unghie. Pu\u00f2 essere utilizzato anche per l&#8217;estensione delle unghie e il prolungamento del bordo libero in combinazione con sistemi per unghie artificiali. La particolarit\u00e0 del materiale \u00e8 che ha uno spessore naturale minimo con massima flessibilit\u00e0 e resistenza. Questo ti permette di risparmiare significativamente il tempo dedicato alla procedura e ottenere un risultato perfetto.<\/p>\n","protected":false},"featured_media":44317,"comment_status":"closed","ping_status":"open","template":"","meta":[],"product_brand":[],"product_cat":[177,2627,1509],"product_tag":[2820,3247],"class_list":{"0":"post-44316","1":"product","2":"type-product","3":"status-publish","4":"has-post-thumbnail","6":"product_cat-accessori","7":"product_cat-kodi","8":"product_cat-top-brand-professionali-unghie","9":"product_tag-fiber","10":"product_tag-fibra","12":"first","13":"instock","14":"shipping-taxable","15":"purchasable","16":"product-type-simple"},"_links":{"self":[{"href":"https:\/\/serverdedicato.lovenailsrivenditore.com\/index.php?rest_route=\/wp\/v2\/product\/44316","targetHints":{"allow":["GET"]}}],"collection":[{"href":"https:\/\/serverdedicato.lovenailsrivenditore.com\/index.php?rest_route=\/wp\/v2\/product"}],"about":[{"href":"https:\/\/serverdedicato.lovenailsrivenditore.com\/index.php?rest_route=\/wp\/v2\/types\/product"}],"replies":[{"embeddable":true,"href":"https:\/\/serverdedicato.lovenailsrivenditore.com\/index.php?rest_route=%2Fwp%2Fv2%2Fcomments&post=44316"}],"wp:featuredmedia":[{"embeddable":true,"href":"https:\/\/serverdedicato.lovenailsrivenditore.com\/index.php?rest_route=\/wp\/v2\/media\/44317"}],"wp:attachment":[{"href":"https:\/\/serverdedicato.lovenailsrivenditore.com\/index.php?rest_route=%2Fwp%2Fv2%2Fmedia&parent=44316"}],"wp:term":[{"taxonomy":"product_brand","embeddable":true,"href":"https:\/\/serverdedicato.lovenailsrivenditore.com\/index.php?rest_route=%2Fwp%2Fv2%2Fproduct_brand&post=44316"},{"taxonomy":"product_cat","embeddable":true,"href":"https:\/\/serverdedicato.lovenailsrivenditore.com\/index.php?rest_route=%2Fwp%2Fv2%2Fproduct_cat&post=44316"},{"taxonomy":"product_tag","embeddable":true,"href":"https:\/\/serverdedicato.lovenailsrivenditore.com\/index.php?rest_route=%2Fwp%2Fv2%2Fproduct_tag&post=44316"}],"curies":[{"name":"wp","href":"https:\/\/api.w.org\/{rel}","templated":true}]}}