{"id":44405,"date":"2026-02-28T18:44:37","date_gmt":"2026-02-28T17:44:37","guid":{"rendered":"https:\/\/serverdedicato.lovenailsrivenditore.com\/?product=clavier-fresa-per-unghie-fx-850-rose-silver"},"modified":"2026-04-20T16:29:25","modified_gmt":"2026-04-20T14:29:25","slug":"clavier-fresa-per-unghie-fx-850-rose-silver","status":"publish","type":"product","link":"https:\/\/serverdedicato.lovenailsrivenditore.com\/?product=clavier-fresa-per-unghie-fx-850-rose-silver","title":{"rendered":"CLAVIER &#8211; FRESA PER UNGHIE &#8211; FX 850 &#8211; ROSE-SILVER"},"content":{"rendered":"<h4 class=\"wp-block-heading\"><strong>La fresa per unghie FX 830 non \u00e8 solo un semplice strumento, ma un partner quotidiano per la stilista.<\/strong><\/h4>\n<p>La fresa professionale per unghie FX 830 per manicure e pedicure 65W 35.000 RPM \u00e8 un dispositivo creato appositamente per le stiliste che ogni giorno realizzano decine di styling e hanno bisogno di attrezzature su cui poter contare in ogni situazione. Si tratta di uno strumento che non solo facilita il lavoro, ma soprattutto lo rende pi\u00f9 veloce, pi\u00f9 preciso e confortevole, sia per la stilista che per la cliente.<\/p>\n<p>Grazie alla sua potenza ed efficienza, la fresa \u00e8 perfetta per ogni fase della modellatura delle unghie: dalla delicata lavorazione delle cuticole, alla preparazione della lamina per la manicure ibrida, fino alla rimozione senza problemi di gel o acrilici duri. \u00c8 anche un ottimo supporto per la pedicure, sia cosmetica che podologica, dove sono richieste affidabilit\u00e0 e potenza elevata del dispositivo.<\/p>\n<h2 class=\"wp-block-heading\">Se apprezzi la massima qualit\u00e0 e affidabilit\u00e0, questa fresa soddisfer\u00e0 tutte le tue aspettative.<\/h2>\n<p><strong>Caratteristiche principali della fresatrice per unghie:<\/strong><\/p>\n<ul class=\"wp-block-list\">\n<li><strong>Potenza 65 W:<\/strong>\u00a0ideale per un lavoro intenso nel salone, garantisce un funzionamento fluido ed efficace anche nei trattamenti di pedicure pi\u00f9 difficili.<\/li>\n<li><strong>Velocit\u00e0 fino a 35.000 giri\/min:<\/strong>\u00a0controllo completo della rotazione, possibilit\u00e0 di regolare la velocit\u00e0 in base al tipo di lavoro svolto.<\/li>\n<li><strong>Funzionamento stabile e silenzioso:<\/strong>\u00a0l\u2019assenza di vibrazioni e rumori fastidiosi garantisce un maggiore comfort durante le lunghe sessioni di styling.<\/li>\n<li><strong>Comando manuale e a pedale:<\/strong> libert\u00e0 di scelta del metodo di funzionamento, che rende il lavoro ancora pi\u00f9 ergonomico<\/li>\n<li><strong>Sistema Twist-Lock:<\/strong>\u00a0sostituzione rapida delle frese, senza bisogno di chiavi o perni aggiuntivi: pi\u00f9 veloce, pi\u00f9 comodo e senza rischio di danni.<\/li>\n<\/ul>\n<p><strong>Perch\u00e9 scegliere questa fresa?<\/strong><\/p>\n<p>Questa fresa cosmetica professionale combina tutto ci\u00f2 di cui ha bisogno una stilista delle unghie: potenza, precisione, comodit\u00e0 e affidabilit\u00e0. Grazie alla sua alta qualit\u00e0 di fabbricazione, il dispositivo garantisce un funzionamento fluido senza improvvisi cali di potenza, cosa particolarmente importante durante i trattamenti pi\u00f9 impegnativi. La sua struttura compatta e la testa ergonomica garantiscono una presa stabile e un comfort ottimale anche durante un uso prolungato.<\/p>\n<p>&nbsp;<\/p>\n<p><strong>Uso della fresatrice per manicure e pedicure:<\/strong><\/p>\n<ul class=\"wp-block-list\">\n<li>trattamento delle cuticole e preparazione dell\u2019unghia,<\/li>\n<li>rimozione di smalti ibridi, gel e acrilici,<\/li>\n<li>modellatura delle unghie naturali e ricostruite,<\/li>\n<li>pedicure estetica e podologica,<\/li>\n<li>uso professionale nei saloni di nail art, nei centri estetici e podologici.<\/li>\n<\/ul>\n","protected":false},"excerpt":{"rendered":"<ul>\n<li>Potenza 65 W<\/li>\n<li>Velocit\u00e0 fino a 35.000 giri\/min<\/li>\n<li>Funzionamento stabile e silenzioso<\/li>\n<li>Comando manuale e a pedale<\/li>\n<li>Sistema Twist-Lock<\/li>\n<li>Tre colori a scelta<\/li>\n<\/ul>\n","protected":false},"featured_media":44406,"comment_status":"closed","ping_status":"open","template":"","meta":[],"product_brand":[],"product_cat":[147,148],"product_tag":[175,3253],"class_list":{"0":"post-44405","1":"product","2":"type-product","3":"status-publish","4":"has-post-thumbnail","6":"product_cat-apparecchiature","7":"product_cat-micromotori-e-accessori","8":"product_tag-fresa","9":"product_tag-fresa-unghie","11":"first","12":"instock","13":"shipping-taxable","14":"purchasable","15":"product-type-simple"},"_links":{"self":[{"href":"https:\/\/serverdedicato.lovenailsrivenditore.com\/index.php?rest_route=\/wp\/v2\/product\/44405","targetHints":{"allow":["GET"]}}],"collection":[{"href":"https:\/\/serverdedicato.lovenailsrivenditore.com\/index.php?rest_route=\/wp\/v2\/product"}],"about":[{"href":"https:\/\/serverdedicato.lovenailsrivenditore.com\/index.php?rest_route=\/wp\/v2\/types\/product"}],"replies":[{"embeddable":true,"href":"https:\/\/serverdedicato.lovenailsrivenditore.com\/index.php?rest_route=%2Fwp%2Fv2%2Fcomments&post=44405"}],"wp:featuredmedia":[{"embeddable":true,"href":"https:\/\/serverdedicato.lovenailsrivenditore.com\/index.php?rest_route=\/wp\/v2\/media\/44406"}],"wp:attachment":[{"href":"https:\/\/serverdedicato.lovenailsrivenditore.com\/index.php?rest_route=%2Fwp%2Fv2%2Fmedia&parent=44405"}],"wp:term":[{"taxonomy":"product_brand","embeddable":true,"href":"https:\/\/serverdedicato.lovenailsrivenditore.com\/index.php?rest_route=%2Fwp%2Fv2%2Fproduct_brand&post=44405"},{"taxonomy":"product_cat","embeddable":true,"href":"https:\/\/serverdedicato.lovenailsrivenditore.com\/index.php?rest_route=%2Fwp%2Fv2%2Fproduct_cat&post=44405"},{"taxonomy":"product_tag","embeddable":true,"href":"https:\/\/serverdedicato.lovenailsrivenditore.com\/index.php?rest_route=%2Fwp%2Fv2%2Fproduct_tag&post=44405"}],"curies":[{"name":"wp","href":"https:\/\/api.w.org\/{rel}","templated":true}]}}