{"id":44635,"date":"2026-03-02T20:28:50","date_gmt":"2026-03-02T19:28:50","guid":{"rendered":"https:\/\/serverdedicato.lovenailsrivenditore.com\/?product=clavier-nail-drill-fx-1080-pink"},"modified":"2026-04-20T16:33:27","modified_gmt":"2026-04-20T14:33:27","slug":"clavier-nail-drill-fx-1080-pink","status":"publish","type":"product","link":"https:\/\/serverdedicato.lovenailsrivenditore.com\/?product=clavier-nail-drill-fx-1080-pink","title":{"rendered":"CLAVIER &#8211; NAIL DRILL FX-1080 &#8211; PINK"},"content":{"rendered":"<p>Fresa per Unghie di precisione ad alta potenza, priva di vibrazioni e molto silenziosa durante il funzionamento.<br \/>\nFresa per Unghie professionale 80W FX 1080 per manicure e pedicure. Il micromotore ermetico della testina riduce i livelli di rumorosit\u00e0 del 20% rispetto ai modelli convenzionali, garantendo un lavoro confortevole. La fresatrice \u00e8 caratterizzata da un\u2019elevata durata e affidabilit\u00e0 di funzionamento, con un design ergonomico della base e della penna. La fresatrice \u00e8 dotata di 6 fori per le frese, il che facilita notevolmente il lavoro. Un ulteriore attributo \u00e8 il foro per la testa.<\/p>\n<p>L\u2019impugnatura leggera, che non si riscalda, e l\u2019elevata potenza della fresa consentono una rapida abrasione.<br \/>\nLa regolazione infinita e completa da 0 a 40000 giri\/min. della fresa professionale da 80 W avviene dalla base e offre un comfort totale. Uno dei numerosi vantaggi dell\u2019impugnatura \u00e8 che \u00e8 raffreddata ad aria e non si riscalda, anche durante il lavoro prolungato ad alta velocit\u00e0.<\/p>\n<p>La testina TWIST-LOCK permette di cambiare le frese con un solo movimento, senza bisogno di chiavi o perni scomodi, ed \u00e8 ideale per le donne in filigrana perch\u00e9 non \u00e8 necessario usare la forza! Ideale per lo styling delle unghie naturali e le estensioni delle unghie, progettata per l\u2019uso professionale nei saloni di manicure e pedicure.<\/p>\n<p>Il display intelligente con funzione di memoria e di pausa e i due ingressi USB facilitano il vostro lavoro!<br \/>\nIl router professionale da 80 W \u00e8 caratterizzato da un ingombro ridotto e da un peso perfettamente bilanciato che ne garantisce la stabilit\u00e0. Il router \u00e8 dotato di un display intelligente con funzione di memoria e di una funzione di pausa che consente di sospendere il lavoro e di riprenderlo in qualsiasi momento con la velocit\u00e0 precedentemente impostata. Il dispositivo \u00e8 dotato di un ingresso USB di tipo C e di un ingresso USB, che consente di utilizzare due teste del router contemporaneamente o di ricaricare vari dispositivi elettronici, come ad esempio un telefono cellulare.<\/p>\n<p>L\u2019alta qualit\u00e0 e la precisione della fresatrice la rendono perfetta per i saloni di bellezza professionali e per la casa.<br \/>\nIl dispositivo si distingue per l\u2019alta qualit\u00e0 della lavorazione e per i componenti collaudati utilizzati per la sua produzione. Nell\u2019impugnatura deve essere sempre presente una fresa o una punta di ricambio. Se si lascia l\u2019impugnatura senza fresa, \u00e8 necessario usare la forza per sbloccare il lucchetto in posizione R o l\u2019icona del lucchetto aperto. La prima volta potrebbe essere necessaria una certa forza per sbloccare il blocco del manico, ma dopo un po\u2019 di tempo il manico funzioner\u00e0 in modo pi\u00f9 leggero. L\u2019impugnatura \u00e8 di ottima qualit\u00e0, leggera e realizzata in lega di alluminio e acciaio inox, priva di vibrazioni durante il funzionamento e in grado di supportare frese standard da 3\/32\u2033.<\/p>\n","protected":false},"excerpt":{"rendered":"<p>Fresa per Unghie di precisione ad alta potenza, priva di vibrazioni e molto silenziosa durante il funzionamento.<br \/>\nFresa per Unghie professionale 80W FX 1080 per manicure e pedicure. Il micromotore ermetico della testina riduce i livelli di rumorosit\u00e0 del 20% rispetto ai modelli convenzionali, garantendo un lavoro confortevole. La fresatrice \u00e8 caratterizzata da un\u2019elevata durata e affidabilit\u00e0 di funzionamento, con un design ergonomico della base e della penna. La fresatrice \u00e8 dotata di 6 fori per le frese, il che facilita notevolmente il lavoro. Un ulteriore attributo \u00e8 il foro per la testa.<\/p>\n<p>L\u2019impugnatura leggera, che non si riscalda, e l\u2019elevata potenza della fresa consentono una rapida abrasione.<br \/>\nLa regolazione infinita e completa da 0 a 40000 giri\/min. della fresa professionale da 80 W avviene dalla base e offre un comfort totale. Uno dei numerosi vantaggi dell\u2019impugnatura \u00e8 che \u00e8 raffreddata ad aria e non si riscalda, anche durante il lavoro prolungato ad alta velocit\u00e0.<\/p>\n","protected":false},"featured_media":44636,"comment_status":"closed","ping_status":"open","template":"","meta":[],"product_brand":[],"product_cat":[147,3250,148],"product_tag":[175,3259],"class_list":{"0":"post-44635","1":"product","2":"type-product","3":"status-publish","4":"has-post-thumbnail","6":"product_cat-apparecchiature","7":"product_cat-clavier","8":"product_cat-micromotori-e-accessori","9":"product_tag-fresa","10":"product_tag-fresa-40000-giri","12":"first","13":"instock","14":"shipping-taxable","15":"purchasable","16":"product-type-simple"},"_links":{"self":[{"href":"https:\/\/serverdedicato.lovenailsrivenditore.com\/index.php?rest_route=\/wp\/v2\/product\/44635","targetHints":{"allow":["GET"]}}],"collection":[{"href":"https:\/\/serverdedicato.lovenailsrivenditore.com\/index.php?rest_route=\/wp\/v2\/product"}],"about":[{"href":"https:\/\/serverdedicato.lovenailsrivenditore.com\/index.php?rest_route=\/wp\/v2\/types\/product"}],"replies":[{"embeddable":true,"href":"https:\/\/serverdedicato.lovenailsrivenditore.com\/index.php?rest_route=%2Fwp%2Fv2%2Fcomments&post=44635"}],"wp:featuredmedia":[{"embeddable":true,"href":"https:\/\/serverdedicato.lovenailsrivenditore.com\/index.php?rest_route=\/wp\/v2\/media\/44636"}],"wp:attachment":[{"href":"https:\/\/serverdedicato.lovenailsrivenditore.com\/index.php?rest_route=%2Fwp%2Fv2%2Fmedia&parent=44635"}],"wp:term":[{"taxonomy":"product_brand","embeddable":true,"href":"https:\/\/serverdedicato.lovenailsrivenditore.com\/index.php?rest_route=%2Fwp%2Fv2%2Fproduct_brand&post=44635"},{"taxonomy":"product_cat","embeddable":true,"href":"https:\/\/serverdedicato.lovenailsrivenditore.com\/index.php?rest_route=%2Fwp%2Fv2%2Fproduct_cat&post=44635"},{"taxonomy":"product_tag","embeddable":true,"href":"https:\/\/serverdedicato.lovenailsrivenditore.com\/index.php?rest_route=%2Fwp%2Fv2%2Fproduct_tag&post=44635"}],"curies":[{"name":"wp","href":"https:\/\/api.w.org\/{rel}","templated":true}]}}