{"id":44661,"date":"2026-03-03T09:18:49","date_gmt":"2026-03-03T08:18:49","guid":{"rendered":"https:\/\/serverdedicato.lovenailsrivenditore.com\/?product=clavier-princess-art-gel-fiona-5gr"},"modified":"2026-04-20T16:33:56","modified_gmt":"2026-04-20T14:33:56","slug":"clavier-princess-art-gel-fiona-5gr","status":"publish","type":"product","link":"https:\/\/serverdedicato.lovenailsrivenditore.com\/?product=clavier-princess-art-gel-fiona-5gr","title":{"rendered":"CLAVIER &#8211; PRINCESS ART GEL &#8211; FIONA &#8211; 5gr"},"content":{"rendered":"<div class=\"campoIndEle\">\n<p>Immergiti in un mondo di raffinata brillantezza e finiture di lusso con Art Gel Princess, un esclusivo gel trasparente per decorazioni che trasformer\u00e0 ogni styling. \u00c8 un prodotto creato per le stiliste che apprezzano la perfezione nei dettagli, la rapidit\u00e0 di applicazione e un effetto wow senza compromessi.<\/p>\n<p>Il gel decorativo Art Gel Princess \u00e8 un gel artistico a base trasparente, arricchito con paillettes di varie dimensioni, da particelle microscopiche a paillettes pi\u00f9 grandi. Grazie a questa combinazione, ottieni un effetto spettacolare e multidimensionale, perfetto sia per decorazioni delicate che come accento principale nella stilizzazione.<\/p>\n<\/div>\n<div class=\"campoCapProvEle\">\n<p>Il suo splendore delicato ma allo stesso tempo intenso rende Art Gel Princess perfetto per\u00a0 baby boomer, la manicure in stile princess nails o come accento nelle decorazioni di tipo \u201cflash effect\u201d. \u00c8 la scelta ideale quando si desidera aggiungere un tocco di lusso alle unghie senza esagerare.<\/p>\n<p><strong>Perch\u00e9 vale la pena averlo nella propria collezione?<\/strong><\/p>\n<ul class=\"wp-block-list\">\n<li><strong>Base trasparente e universale<\/strong><br \/>\nArt Gel Princess \u00e8 un gel trasparente per decorazioni, che lo rende un complemento ideale per qualsiasi stile, sia pastello che intenso. Non altera il colore di base, ma lo sottolinea con un sottile luccichio.<\/li>\n<li><strong>Paillettes di diverse dimensioni<\/strong><br \/>\nLe particelle appositamente selezionate creano l\u2019effetto di una lastra di ghiaccio, di un cielo stellato o di un bagliore glamour, a seconda del modo in cui vengono applicate. Sono perfette per tecniche come le unghie di vetro, su basi lattiginose e all\u2019interno di stili come \u201ceffetto sirena\u201d.<\/li>\n<li><strong>Consistenza gelatinosa<\/strong><br \/>\nIl gel ha una consistenza densa, grazie alla quale non cola e consente una distribuzione precisa dei glitter. Ideale per lavorare sia con il pennello che con la sonda o la spatola.<\/li>\n<\/ul>\n<\/div>\n","protected":false},"excerpt":{"rendered":"<div class=\"campoIndEle\">\n<p>Immergiti in un mondo di raffinata brillantezza e finiture di lusso con Art Gel Princess, un esclusivo gel trasparente per decorazioni che trasformer\u00e0 ogni styling. \u00c8 un prodotto creato per le stiliste che apprezzano la perfezione nei dettagli, la rapidit\u00e0 di applicazione e un effetto wow senza compromessi.<\/p>\n<p>Il gel decorativo Art Gel Princess \u00e8 un gel artistico a base trasparente, arricchito con paillettes di varie dimensioni, da particelle microscopiche a paillettes pi\u00f9 grandi. Grazie a questa combinazione, ottieni un effetto spettacolare e multidimensionale, perfetto sia per decorazioni delicate che come accento principale nella stilizzazione.<\/p>\n<\/div>\n<div class=\"campoCapProvEle\">\n<p>Il suo splendore delicato ma allo stesso tempo intenso rende Art Gel Princess perfetto per\u00a0 baby boomer, la manicure in stile princess nails o come accento nelle decorazioni di tipo \u201cflash effect\u201d. \u00c8 la scelta ideale quando si desidera aggiungere un tocco di lusso alle unghie senza esagerare.<\/p>\n<p><strong>Perch\u00e9 vale la pena averlo nella propria collezione?<\/strong><\/p>\n<ul class=\"wp-block-list\">\n<li><strong>Base trasparente e universale<\/strong><br \/>\nArt Gel Princess \u00e8 un gel trasparente per decorazioni, che lo rende un complemento ideale per qualsiasi stile, sia pastello che intenso. Non altera il colore di base, ma lo sottolinea con un sottile luccichio.<\/li>\n<li><strong>Paillettes di diverse dimensioni<\/strong><br \/>\nLe particelle appositamente selezionate creano l\u2019effetto di una lastra di ghiaccio, di un cielo stellato o di un bagliore glamour, a seconda del modo in cui vengono applicate. Sono perfette per tecniche come le unghie di vetro, su basi lattiginose e all\u2019interno di stili come \u201ceffetto sirena\u201d.<\/li>\n<li><strong>Consistenza gelatinosa<\/strong><br \/>\nIl gel ha una consistenza densa, grazie alla quale non cola e consente una distribuzione precisa dei glitter. Ideale per lavorare sia con il pennello che con la sonda o la spatola.<\/li>\n<\/ul>\n<\/div>\n","protected":false},"featured_media":44662,"comment_status":"closed","ping_status":"open","template":"","meta":[],"product_brand":[],"product_cat":[3250,24,25,3261],"product_tag":[350,499],"class_list":{"0":"post-44661","1":"product","2":"type-product","3":"status-publish","4":"has-post-thumbnail","6":"product_cat-clavier","7":"product_cat-colori","8":"product_cat-gel-color","9":"product_cat-gel-decorativi-clavier","10":"product_tag-glitter","11":"product_tag-paillettes","13":"first","14":"instock","15":"shipping-taxable","16":"purchasable","17":"product-type-simple"},"_links":{"self":[{"href":"https:\/\/serverdedicato.lovenailsrivenditore.com\/index.php?rest_route=\/wp\/v2\/product\/44661","targetHints":{"allow":["GET"]}}],"collection":[{"href":"https:\/\/serverdedicato.lovenailsrivenditore.com\/index.php?rest_route=\/wp\/v2\/product"}],"about":[{"href":"https:\/\/serverdedicato.lovenailsrivenditore.com\/index.php?rest_route=\/wp\/v2\/types\/product"}],"replies":[{"embeddable":true,"href":"https:\/\/serverdedicato.lovenailsrivenditore.com\/index.php?rest_route=%2Fwp%2Fv2%2Fcomments&post=44661"}],"wp:featuredmedia":[{"embeddable":true,"href":"https:\/\/serverdedicato.lovenailsrivenditore.com\/index.php?rest_route=\/wp\/v2\/media\/44662"}],"wp:attachment":[{"href":"https:\/\/serverdedicato.lovenailsrivenditore.com\/index.php?rest_route=%2Fwp%2Fv2%2Fmedia&parent=44661"}],"wp:term":[{"taxonomy":"product_brand","embeddable":true,"href":"https:\/\/serverdedicato.lovenailsrivenditore.com\/index.php?rest_route=%2Fwp%2Fv2%2Fproduct_brand&post=44661"},{"taxonomy":"product_cat","embeddable":true,"href":"https:\/\/serverdedicato.lovenailsrivenditore.com\/index.php?rest_route=%2Fwp%2Fv2%2Fproduct_cat&post=44661"},{"taxonomy":"product_tag","embeddable":true,"href":"https:\/\/serverdedicato.lovenailsrivenditore.com\/index.php?rest_route=%2Fwp%2Fv2%2Fproduct_tag&post=44661"}],"curies":[{"name":"wp","href":"https:\/\/api.w.org\/{rel}","templated":true}]}}