{"id":45186,"date":"2026-03-04T12:59:46","date_gmt":"2026-03-04T11:59:46","guid":{"rendered":"https:\/\/serverdedicato.lovenailsrivenditore.com\/?product=kodi-self-level-gel-milky-pink-30ml"},"modified":"2026-04-20T16:43:45","modified_gmt":"2026-04-20T14:43:45","slug":"kodi-self-level-gel-milky-pink-30ml","status":"publish","type":"product","link":"https:\/\/serverdedicato.lovenailsrivenditore.com\/?product=kodi-self-level-gel-milky-pink-30ml","title":{"rendered":"KODI &#8211; SELF LEVEL GEL &#8211; MILKY PINK &#8211; 30ml"},"content":{"rendered":"<p>Le nail artist adorano il gel autolivellante Builder per la sua confortevole viscosit\u00e0 media, consistenza e capacit\u00e0 autolivellante. Il gel \u00e8 perfetto per modellare unghie con la tecnica senza limatura. Si adatta perfettamente e permette l&#8217;utilizzo con dual form e nail form.<\/p>\n<p>Senza HEMA.<\/p>\n","protected":false},"excerpt":{"rendered":"<p>Le nail artist adorano il gel autolivellante Builder per la sua confortevole viscosit\u00e0 media, consistenza e capacit\u00e0 autolivellante. Il gel \u00e8 perfetto per modellare unghie con la tecnica senza limatura. Si adatta perfettamente e permette l&#8217;utilizzo con dual form e nail form.<\/p>\n<p>Senza HEMA.<\/p>\n","protected":false},"featured_media":45187,"comment_status":"closed","ping_status":"open","template":"","meta":[],"product_brand":[],"product_cat":[224,2662,223,2627,1509],"product_tag":[3163,2956,3246],"class_list":{"0":"post-45186","1":"product","2":"type-product","3":"status-publish","4":"has-post-thumbnail","6":"product_cat-costruttori","7":"product_cat-costruttori-kodi","8":"product_cat-gel-uv","9":"product_cat-kodi","10":"product_cat-top-brand-professionali-unghie","11":"product_tag-autolivellante","12":"product_tag-self-leveling","13":"product_tag-senza-limatura","15":"first","16":"instock","17":"shipping-taxable","18":"purchasable","19":"product-type-simple"},"_links":{"self":[{"href":"https:\/\/serverdedicato.lovenailsrivenditore.com\/index.php?rest_route=\/wp\/v2\/product\/45186","targetHints":{"allow":["GET"]}}],"collection":[{"href":"https:\/\/serverdedicato.lovenailsrivenditore.com\/index.php?rest_route=\/wp\/v2\/product"}],"about":[{"href":"https:\/\/serverdedicato.lovenailsrivenditore.com\/index.php?rest_route=\/wp\/v2\/types\/product"}],"replies":[{"embeddable":true,"href":"https:\/\/serverdedicato.lovenailsrivenditore.com\/index.php?rest_route=%2Fwp%2Fv2%2Fcomments&post=45186"}],"wp:featuredmedia":[{"embeddable":true,"href":"https:\/\/serverdedicato.lovenailsrivenditore.com\/index.php?rest_route=\/wp\/v2\/media\/45187"}],"wp:attachment":[{"href":"https:\/\/serverdedicato.lovenailsrivenditore.com\/index.php?rest_route=%2Fwp%2Fv2%2Fmedia&parent=45186"}],"wp:term":[{"taxonomy":"product_brand","embeddable":true,"href":"https:\/\/serverdedicato.lovenailsrivenditore.com\/index.php?rest_route=%2Fwp%2Fv2%2Fproduct_brand&post=45186"},{"taxonomy":"product_cat","embeddable":true,"href":"https:\/\/serverdedicato.lovenailsrivenditore.com\/index.php?rest_route=%2Fwp%2Fv2%2Fproduct_cat&post=45186"},{"taxonomy":"product_tag","embeddable":true,"href":"https:\/\/serverdedicato.lovenailsrivenditore.com\/index.php?rest_route=%2Fwp%2Fv2%2Fproduct_tag&post=45186"}],"curies":[{"name":"wp","href":"https:\/\/api.w.org\/{rel}","templated":true}]}}