{"id":45216,"date":"2026-03-04T20:30:05","date_gmt":"2026-03-04T19:30:05","guid":{"rendered":"https:\/\/serverdedicato.lovenailsrivenditore.com\/?product=kodi-set-smalto-classico"},"modified":"2026-04-20T16:44:11","modified_gmt":"2026-04-20T14:44:11","slug":"kodi-set-smalto-classico","status":"publish","type":"product","link":"https:\/\/serverdedicato.lovenailsrivenditore.com\/?product=kodi-set-smalto-classico","title":{"rendered":"KODI &#8211; SET SMALTO CLASSICO"},"content":{"rendered":"<p>L&#8217;alta qualit\u00e0 dei prodotti per unghie del popolare marchio internazionale Kodi Professional \u00e8 stata riconosciuta dai principali artigiani e dai loro clienti. Ora i tecnici del marchio presenteranno un set unico delle migliori tonalit\u00e0 base di smalto per unghie per una manicure classica.<\/p>\n<p>La collezione include 10 tonalit\u00e0, tra cui nero e bianco, oltre a colori pi\u00f9 interessanti e non banali per design lussuosi. Ogni tonalit\u00e0 \u00e8 unica, ricca e armoniosa, mentre sono facili da combinare tra loro. Le vernici sono facili da applicare con il pennello, distribuite uniformemente con un rischio minimo di diffusione. Si asciugano rapidamente e saranno una buona scelta quando c&#8217;\u00e8 una carenza critica di tempo. Il tempo di asciugatura \u00e8 di 5-15 minuti. Le vernici durano una settimana. Danno alle unghie una finitura lussuosa e lucida, come se fossero uscite dal salone.<\/p>\n<p>Il set \u00e8 confezionato in una bellissima scatola funzionale con una chiusura magnetica che pu\u00f2 essere usata come scatola.<\/p>\n","protected":false},"excerpt":{"rendered":"<p>L&#8217;alta qualit\u00e0 dei prodotti per unghie del popolare marchio internazionale Kodi Professional \u00e8 stata riconosciuta dai principali artigiani e dai loro clienti. Ora i tecnici del marchio presenteranno un set unico delle migliori tonalit\u00e0 base di smalto per unghie per una manicure classica.<\/p>\n<p>La collezione include 10 tonalit\u00e0, tra cui nero e bianco, oltre a colori pi\u00f9 interessanti e non banali per design lussuosi. Ogni tonalit\u00e0 \u00e8 unica, ricca e armoniosa, mentre sono facili da combinare tra loro. Le vernici sono facili da applicare con il pennello, distribuite uniformemente con un rischio minimo di diffusione. Si asciugano rapidamente e saranno una buona scelta quando c&#8217;\u00e8 una carenza critica di tempo. Il tempo di asciugatura \u00e8 di 5-15 minuti. Le vernici durano una settimana. Danno alle unghie una finitura lussuosa e lucida, come se fossero uscite dal salone.<\/p>\n<p>Il set \u00e8 confezionato in una bellissima scatola funzionale con una chiusura magnetica che pu\u00f2 essere usata come scatola.<\/p>\n","protected":false},"featured_media":45217,"comment_status":"closed","ping_status":"open","template":"","meta":[],"product_brand":[],"product_cat":[2627,1509],"product_tag":[699,3270,3271],"class_list":{"0":"post-45216","1":"product","2":"type-product","3":"status-publish","4":"has-post-thumbnail","6":"product_cat-kodi","7":"product_cat-top-brand-professionali-unghie","8":"product_tag-nail-polish","9":"product_tag-set-smalto","10":"product_tag-smalto-classico","12":"first","13":"instock","14":"shipping-taxable","15":"purchasable","16":"product-type-simple"},"_links":{"self":[{"href":"https:\/\/serverdedicato.lovenailsrivenditore.com\/index.php?rest_route=\/wp\/v2\/product\/45216","targetHints":{"allow":["GET"]}}],"collection":[{"href":"https:\/\/serverdedicato.lovenailsrivenditore.com\/index.php?rest_route=\/wp\/v2\/product"}],"about":[{"href":"https:\/\/serverdedicato.lovenailsrivenditore.com\/index.php?rest_route=\/wp\/v2\/types\/product"}],"replies":[{"embeddable":true,"href":"https:\/\/serverdedicato.lovenailsrivenditore.com\/index.php?rest_route=%2Fwp%2Fv2%2Fcomments&post=45216"}],"wp:featuredmedia":[{"embeddable":true,"href":"https:\/\/serverdedicato.lovenailsrivenditore.com\/index.php?rest_route=\/wp\/v2\/media\/45217"}],"wp:attachment":[{"href":"https:\/\/serverdedicato.lovenailsrivenditore.com\/index.php?rest_route=%2Fwp%2Fv2%2Fmedia&parent=45216"}],"wp:term":[{"taxonomy":"product_brand","embeddable":true,"href":"https:\/\/serverdedicato.lovenailsrivenditore.com\/index.php?rest_route=%2Fwp%2Fv2%2Fproduct_brand&post=45216"},{"taxonomy":"product_cat","embeddable":true,"href":"https:\/\/serverdedicato.lovenailsrivenditore.com\/index.php?rest_route=%2Fwp%2Fv2%2Fproduct_cat&post=45216"},{"taxonomy":"product_tag","embeddable":true,"href":"https:\/\/serverdedicato.lovenailsrivenditore.com\/index.php?rest_route=%2Fwp%2Fv2%2Fproduct_tag&post=45216"}],"curies":[{"name":"wp","href":"https:\/\/api.w.org\/{rel}","templated":true}]}}