{"id":45340,"date":"2026-03-05T11:56:08","date_gmt":"2026-03-05T10:56:08","guid":{"rendered":"https:\/\/serverdedicato.lovenailsrivenditore.com\/?product=kodi-acrygel-easy-duo-clear-30gr"},"modified":"2026-04-20T16:46:14","modified_gmt":"2026-04-20T14:46:14","slug":"kodi-acrygel-easy-duo-clear-30gr","status":"publish","type":"product","link":"https:\/\/serverdedicato.lovenailsrivenditore.com\/?product=kodi-acrygel-easy-duo-clear-30gr","title":{"rendered":"KODI &#8211; ACRYGEL EASY DUO &#8211; CLEAR &#8211; 30gr"},"content":{"rendered":"<p>Easy Duo Gel Medium Soft in una tonalit\u00e0 trasparente Clear \u00e8 un tandem unico di acrilico e gel, sviluppato da esperti di spicco del popolare marchio internazionale Kodi Professional. \u00c8 un materiale funzionale che pu\u00f2 essere utilizzato per costruire, correggere, riparare e rafforzare unghie sottili e indebolite.<\/p>\n<p>La caratteristica formula a grana fine, con alta elasticit\u00e0 e rigidit\u00e0, garantisce una distribuzione uniforme e confortevole. Il materiale mantiene bene l&#8217;altezza, pu\u00f2 essere usato sia con dual form che nail form o per fare mini allungamenti senza l&#8217;utilizzo di supporto.<\/p>\n<p>Ha una resistenza impeccabile, ma allo stesso tempo \u00e8 facile da limare.<\/p>\n","protected":false},"excerpt":{"rendered":"<p>Easy Duo Gel Medium Soft in una tonalit\u00e0 trasparente Clear \u00e8 un tandem unico di acrilico e gel, sviluppato da esperti di spicco del popolare marchio internazionale Kodi Professional. \u00c8 un materiale funzionale che pu\u00f2 essere utilizzato per costruire, correggere, riparare e rafforzare unghie sottili e indebolite.<\/p>\n<p>La caratteristica formula a grana fine, con alta elasticit\u00e0 e rigidit\u00e0, garantisce una distribuzione uniforme e confortevole. Il materiale mantiene bene l&#8217;altezza, pu\u00f2 essere usato sia con dual form che nail form o per fare mini allungamenti senza l&#8217;utilizzo di supporto.<\/p>\n<p>Ha una resistenza impeccabile, ma allo stesso tempo \u00e8 facile da limare.<\/p>\n","protected":false},"featured_media":45326,"comment_status":"closed","ping_status":"open","template":"","meta":[],"product_brand":[],"product_cat":[296,3272,2627,1509],"product_tag":[298,3273,1155],"class_list":{"0":"post-45340","1":"product","2":"type-product","3":"status-publish","4":"has-post-thumbnail","6":"product_cat-acrygel","7":"product_cat-acrygel-kodi","8":"product_cat-kodi","9":"product_cat-top-brand-professionali-unghie","10":"product_tag-acrygel","11":"product_tag-easy-duo","12":"product_tag-polygel","14":"first","15":"instock","16":"shipping-taxable","17":"purchasable","18":"product-type-simple"},"_links":{"self":[{"href":"https:\/\/serverdedicato.lovenailsrivenditore.com\/index.php?rest_route=\/wp\/v2\/product\/45340","targetHints":{"allow":["GET"]}}],"collection":[{"href":"https:\/\/serverdedicato.lovenailsrivenditore.com\/index.php?rest_route=\/wp\/v2\/product"}],"about":[{"href":"https:\/\/serverdedicato.lovenailsrivenditore.com\/index.php?rest_route=\/wp\/v2\/types\/product"}],"replies":[{"embeddable":true,"href":"https:\/\/serverdedicato.lovenailsrivenditore.com\/index.php?rest_route=%2Fwp%2Fv2%2Fcomments&post=45340"}],"wp:featuredmedia":[{"embeddable":true,"href":"https:\/\/serverdedicato.lovenailsrivenditore.com\/index.php?rest_route=\/wp\/v2\/media\/45326"}],"wp:attachment":[{"href":"https:\/\/serverdedicato.lovenailsrivenditore.com\/index.php?rest_route=%2Fwp%2Fv2%2Fmedia&parent=45340"}],"wp:term":[{"taxonomy":"product_brand","embeddable":true,"href":"https:\/\/serverdedicato.lovenailsrivenditore.com\/index.php?rest_route=%2Fwp%2Fv2%2Fproduct_brand&post=45340"},{"taxonomy":"product_cat","embeddable":true,"href":"https:\/\/serverdedicato.lovenailsrivenditore.com\/index.php?rest_route=%2Fwp%2Fv2%2Fproduct_cat&post=45340"},{"taxonomy":"product_tag","embeddable":true,"href":"https:\/\/serverdedicato.lovenailsrivenditore.com\/index.php?rest_route=%2Fwp%2Fv2%2Fproduct_tag&post=45340"}],"curies":[{"name":"wp","href":"https:\/\/api.w.org\/{rel}","templated":true}]}}