{"id":45342,"date":"2026-03-05T12:10:33","date_gmt":"2026-03-05T11:10:33","guid":{"rendered":"https:\/\/serverdedicato.lovenailsrivenditore.com\/?product=kodi-builder-modeling-gel-pastel-n-02-13ml"},"modified":"2026-04-20T16:46:20","modified_gmt":"2026-04-20T14:46:20","slug":"kodi-builder-modeling-gel-pastel-n-02-13ml","status":"publish","type":"product","link":"https:\/\/serverdedicato.lovenailsrivenditore.com\/?product=kodi-builder-modeling-gel-pastel-n-02-13ml","title":{"rendered":"KODI &#8211; BUILDER MODELING GEL PASTEL n.02 &#8211; 13ml"},"content":{"rendered":"<p><span dir=\"auto\">Pastel Gel del famoso marchio internazionale Kodi Professional \u00e8 una nuova linea di gel colorati per modellare in delicate tonalit\u00e0 pastello. Adatto sia ai principianti che alle artiste pi\u00f9 esperte.<\/span><\/p>\n<p><span dir=\"auto\">La tonalit\u00e0 02 \u00e8 un verde menta rinfrescante.. Il gel pu\u00f2 essere utilizzato per modellare, rinforzare e correggere le unghie. Fa parte di un sistema trifasico. Il prodotto ha una consistenza mediamente viscosa e ottime propriet\u00e0 autolivellanti. Adatto per lavori con la tecnica &#8220;no filing&#8221;. Non si restringe dopo la polimerizzazione.<\/span><\/p>\n","protected":false},"excerpt":{"rendered":"<p><span dir=\"auto\">Pastel Gel del famoso marchio internazionale Kodi Professional \u00e8 una nuova linea di gel colorati per modellare in delicate tonalit\u00e0 pastello. Adatto sia ai principianti che alle artiste pi\u00f9 esperte.<\/span><\/p>\n<p><span dir=\"auto\">La tonalit\u00e0 02 \u00e8 un verde menta rinfrescante.. Il gel pu\u00f2 essere utilizzato per modellare, rinforzare e correggere le unghie. Fa parte di un sistema trifasico. Il prodotto ha una consistenza mediamente viscosa e ottime propriet\u00e0 autolivellanti. Adatto per lavori con la tecnica &#8220;no filing&#8221;. Non si restringe dopo la polimerizzazione.<\/span><\/p>\n","protected":false},"featured_media":45343,"comment_status":"closed","ping_status":"open","template":"","meta":[],"product_brand":[],"product_cat":[2662,224,223,2627,1509],"product_tag":[2927,2928,2033],"class_list":{"0":"post-45342","1":"product","2":"type-product","3":"status-publish","4":"has-post-thumbnail","6":"product_cat-costruttori-kodi","7":"product_cat-costruttori","8":"product_cat-gel-uv","9":"product_cat-kodi","10":"product_cat-top-brand-professionali-unghie","11":"product_tag-builder-modeling","12":"product_tag-builder-pastel","13":"product_tag-gel-costruttore","15":"first","16":"instock","17":"shipping-taxable","18":"purchasable","19":"product-type-simple"},"_links":{"self":[{"href":"https:\/\/serverdedicato.lovenailsrivenditore.com\/index.php?rest_route=\/wp\/v2\/product\/45342","targetHints":{"allow":["GET"]}}],"collection":[{"href":"https:\/\/serverdedicato.lovenailsrivenditore.com\/index.php?rest_route=\/wp\/v2\/product"}],"about":[{"href":"https:\/\/serverdedicato.lovenailsrivenditore.com\/index.php?rest_route=\/wp\/v2\/types\/product"}],"replies":[{"embeddable":true,"href":"https:\/\/serverdedicato.lovenailsrivenditore.com\/index.php?rest_route=%2Fwp%2Fv2%2Fcomments&post=45342"}],"wp:featuredmedia":[{"embeddable":true,"href":"https:\/\/serverdedicato.lovenailsrivenditore.com\/index.php?rest_route=\/wp\/v2\/media\/45343"}],"wp:attachment":[{"href":"https:\/\/serverdedicato.lovenailsrivenditore.com\/index.php?rest_route=%2Fwp%2Fv2%2Fmedia&parent=45342"}],"wp:term":[{"taxonomy":"product_brand","embeddable":true,"href":"https:\/\/serverdedicato.lovenailsrivenditore.com\/index.php?rest_route=%2Fwp%2Fv2%2Fproduct_brand&post=45342"},{"taxonomy":"product_cat","embeddable":true,"href":"https:\/\/serverdedicato.lovenailsrivenditore.com\/index.php?rest_route=%2Fwp%2Fv2%2Fproduct_cat&post=45342"},{"taxonomy":"product_tag","embeddable":true,"href":"https:\/\/serverdedicato.lovenailsrivenditore.com\/index.php?rest_route=%2Fwp%2Fv2%2Fproduct_tag&post=45342"}],"curies":[{"name":"wp","href":"https:\/\/api.w.org\/{rel}","templated":true}]}}