{"id":45728,"date":"2026-03-07T20:00:29","date_gmt":"2026-03-07T19:00:29","guid":{"rendered":"https:\/\/serverdedicato.lovenailsrivenditore.com\/?product=kodi-acrygel-easy-duo-soft-art-n-01-30gr"},"modified":"2026-04-20T16:52:52","modified_gmt":"2026-04-20T14:52:52","slug":"kodi-acrygel-easy-duo-soft-art-n-01-30gr","status":"publish","type":"product","link":"https:\/\/serverdedicato.lovenailsrivenditore.com\/?product=kodi-acrygel-easy-duo-soft-art-n-01-30gr","title":{"rendered":"KODI &#8211; ACRYGEL EASY DUO &#8211; SOFT ART n.01 &#8211; 30gr"},"content":{"rendered":"<div>La palette di tonalit\u00e0 ampliata del sistema acrilico-gel Easy duo gel Medium Soft del popolare marchio internazionale Kodi Professional apre nuove sfaccettature di creativit\u00e0 per gli artigiani. Schemi di colori ancora pi\u00f9 originali per l&#8217;implementazione delle idee pi\u00f9 interessanti.<\/div>\n<div><\/div>\n<div>Allo stesso tempo, l&#8217;alta qualit\u00e0 \u00e8 rimasta invariata: il poligel \u00e8 facilmente e uniformemente distribuito, grazie alla sua consistenza plastica di spessore medio-massimo. Mantiene perfettamente l&#8217;altezza durante l&#8217;applicazione, grazie alla formula a grana fine. Il polygel pu\u00f2 essere utilizzato per creare allungamenti, per rinforzamento, correzione e riparazione. Inoltre, Easy Duo gel Medium Soft rende possibile lavorare non solo con dual form e nail form, ma consente anche di fare a meno dei template durante la costruzione. La serie Medium Soft \u00e8 un materiale pi\u00f9 elastico, ma meno pigmentato rispetto alla classica linea Easy Duo Gel.<\/div>\n<div><\/div>\n<div>La tonalit\u00e0 di Art 01 \u00e8 nero grafite. Per ottenere un colore ricco, si consiglia di utilizzare un substrato nero di smalto semipermanente<\/div>\n<div><\/div>\n<div>Il sistema acrilico-gel richiede Slip Fluide Smoothing e Alignment.\u00a0<strong>Tempo di indurimento:<\/strong>\u00a0180-240 secondi con lampada UV, 120-180 secondi con lampada LED.<\/div>\n<div><\/div>\n","protected":false},"excerpt":{"rendered":"<p>Il poligel \u00e8 facilmente e uniformemente distribuito, grazie alla sua consistenza plastica di spessore medio-massimo. Mantiene perfettamente l&#8217;altezza durante l&#8217;applicazione, grazie alla formula a grana fine. Il polygel pu\u00f2 essere utilizzato per creare allungamenti, per rinforzamento, correzione e riparazione. Inoltre, Easy Duo gel Medium Soft rende possibile lavorare non solo con dual form e nail form, ma consente anche di fare a meno dei template durante la costruzione. La serie Medium Soft \u00e8 un materiale pi\u00f9 elastico, ma meno pigmentato rispetto alla classica linea Easy Duo Gel.<\/p>\n<p>Alta qualit\u00e0<\/p>\n","protected":false},"featured_media":45729,"comment_status":"closed","ping_status":"open","template":"","meta":[],"product_brand":[],"product_cat":[3272,296,2627,3185,1509],"product_tag":[298,511,1155],"class_list":{"0":"post-45728","1":"product","2":"type-product","3":"status-publish","4":"has-post-thumbnail","6":"product_cat-acrygel-kodi","7":"product_cat-acrygel","8":"product_cat-kodi","9":"product_cat-novita","10":"product_cat-top-brand-professionali-unghie","11":"product_tag-acrygel","12":"product_tag-black","13":"product_tag-polygel","15":"first","16":"instock","17":"shipping-taxable","18":"purchasable","19":"product-type-simple"},"_links":{"self":[{"href":"https:\/\/serverdedicato.lovenailsrivenditore.com\/index.php?rest_route=\/wp\/v2\/product\/45728","targetHints":{"allow":["GET"]}}],"collection":[{"href":"https:\/\/serverdedicato.lovenailsrivenditore.com\/index.php?rest_route=\/wp\/v2\/product"}],"about":[{"href":"https:\/\/serverdedicato.lovenailsrivenditore.com\/index.php?rest_route=\/wp\/v2\/types\/product"}],"replies":[{"embeddable":true,"href":"https:\/\/serverdedicato.lovenailsrivenditore.com\/index.php?rest_route=%2Fwp%2Fv2%2Fcomments&post=45728"}],"wp:featuredmedia":[{"embeddable":true,"href":"https:\/\/serverdedicato.lovenailsrivenditore.com\/index.php?rest_route=\/wp\/v2\/media\/45729"}],"wp:attachment":[{"href":"https:\/\/serverdedicato.lovenailsrivenditore.com\/index.php?rest_route=%2Fwp%2Fv2%2Fmedia&parent=45728"}],"wp:term":[{"taxonomy":"product_brand","embeddable":true,"href":"https:\/\/serverdedicato.lovenailsrivenditore.com\/index.php?rest_route=%2Fwp%2Fv2%2Fproduct_brand&post=45728"},{"taxonomy":"product_cat","embeddable":true,"href":"https:\/\/serverdedicato.lovenailsrivenditore.com\/index.php?rest_route=%2Fwp%2Fv2%2Fproduct_cat&post=45728"},{"taxonomy":"product_tag","embeddable":true,"href":"https:\/\/serverdedicato.lovenailsrivenditore.com\/index.php?rest_route=%2Fwp%2Fv2%2Fproduct_tag&post=45728"}],"curies":[{"name":"wp","href":"https:\/\/api.w.org\/{rel}","templated":true}]}}