{"id":45758,"date":"2026-03-07T20:58:15","date_gmt":"2026-03-07T19:58:15","guid":{"rendered":"https:\/\/serverdedicato.lovenailsrivenditore.com\/?product=kodi-led-glow-lamp-86w"},"modified":"2026-04-20T16:53:15","modified_gmt":"2026-04-20T14:53:15","slug":"kodi-led-glow-lamp-86w","status":"publish","type":"product","link":"https:\/\/serverdedicato.lovenailsrivenditore.com\/?product=kodi-led-glow-lamp-86w","title":{"rendered":"KODI &#8211; LED GLOW LAMP &#8211; 86W"},"content":{"rendered":"<p>La LAMPADA PROFESSIONALE LUMINOSA LED \u00e8 l&#8217;ultimo sviluppo degli esperti del popolare marchio internazionale Kodi Professional. Questo dispositivo combina alte tradizioni di qualit\u00e0, affidabilit\u00e0 e funzionalit\u00e0, molto apprezzate dagli artigiani.<\/p>\n<p>Il modello offre un sistema di alimentazione wireless con batteria (batteria ricaricabile agli ioni di litio da 12,6W), che lo rende un dispositivo indispensabile per il funzionamento in assenza di elettricit\u00e0. Sar\u00e0 utile anche per nail artist che offrono servizi a domicilio, partecipano a competizioni, masterclass, ecc.<\/p>\n<p>Il rivestimento a specchio all&#8217;interno della lampada, in combinazione con 42 LED, polimerizza perfettamente uniformemente la superficie di tutti i sistemi di lavoro: semipermanente, acrygel e gel. Le lampadine sono posizionate secondo un sistema speciale per escludere le zone &#8220;morte&#8221; durante la polimerizzazione. C&#8217;\u00e8 un sensore di attivazione del movimento.<\/p>\n<p>Timer per 10, 30, 60 e 90 secondi. ti permette di selezionare la modalit\u00e0 ottimale per ogni processo, mentre il display HD-LCD ti permette di controllare il tempo. La lampada ha dimensioni piccole, compatte e un peso minimo. Il suo corpo resistente all&#8217;acetone \u00e8 facile da pulire da particelle di polvere e residui di materiali per unghie, mentre la lampada mantiene la sua presentabilit\u00e0 esterna. Nella parte superiore della custodia c&#8217;\u00e8 una maniglia per un trasporto comodo e la parte inferiore del corpo \u00e8 rimovibile, il che permette di usare la lampada anche per la pedicure.<\/p>\n<p>&nbsp;<\/p>\n<h2>Attrezzatura:<\/h2>\n<ul>\n<li>Caricatore\/Adattatore AC\/DC<\/li>\n<\/ul>\n<ul>\n<li>Manuale utente<\/li>\n<\/ul>\n<h2>Specifiche:<\/h2>\n<ul>\n<li>Dimensioni: 24,5x23x10cm<\/li>\n<\/ul>\n<ul>\n<li>Peso: 0,933 kg<\/li>\n<\/ul>\n<ul>\n<li>Lunghezza d&#8217;onda: 365+405nm<\/li>\n<\/ul>\n<ul>\n<li>Adattatore: Ingresso: 100-240V, 50\/60Hz, 1,5A max. Uscita: DC 15V, 3A<\/li>\n<\/ul>\n<ul>\n<li>Batteria: batteria Li-ion 12,6V (ricaricabile)<\/li>\n<\/ul>\n<ul>\n<li>Tensione di ingresso: 15V-3A<\/li>\n<\/ul>\n<ul>\n<li>Capacit\u00e0 nominale: 5200mAh<\/li>\n<\/ul>\n<ul>\n<li>Potenza: 86W<\/li>\n<\/ul>\n<ul>\n<li>Numero di lampadine: 42 lampadine LED<\/li>\n<\/ul>\n<ul>\n<li>Timer: 10s\/30s\/60s\/90s<\/li>\n<\/ul>\n<p>&nbsp;<\/p>\n<p>&nbsp;<\/p>\n<h6>Il periodo di garanzia \u00e8 di 6 mesi.<\/h6>\n","protected":false},"excerpt":{"rendered":"<p>La LAMPADA LUMINOSA LED \u00e8 l&#8217;ultimo sviluppo degli esperti del popolare marchio internazionale Kodi Professional. Questo dispositivo combina alte tradizioni di qualit\u00e0, affidabilit\u00e0 e funzionalit\u00e0, molto apprezzate dagli artigiani.<\/p>\n<p>Il modello offre un sistema di alimentazione wireless con batteria (batteria ricaricabile agli ioni di litio da 12,6W), che lo rende un dispositivo indispensabile per il funzionamento in assenza di elettricit\u00e0. Sar\u00e0 utile anche per nail artist che offrono servizi a domicilio, partecipano a competizioni, masterclass, ecc.<\/p>\n<p>Il rivestimento a specchio all&#8217;interno della lampada, in combinazione con 42 LED, polimerizza perfettamente uniformemente la superficie di tutti i sistemi di lavoro: semipermanente, acrygel e gel. Le lampadine sono posizionate secondo un sistema speciale per escludere le zone &#8220;morte&#8221; durante la polimerizzazione. C&#8217;\u00e8 un sensore di attivazione del movimento.<\/p>\n<p>Timer per 10, 30, 60 e 90 secondi. ti permette di selezionare la modalit\u00e0 ottimale per ogni processo, mentre il display HD-LCD ti permette di controllare il tempo. La lampada ha dimensioni piccole, compatte e un peso minimo. Il suo corpo resistente all&#8217;acetone \u00e8 facile da pulire da particelle di polvere e residui di materiali per unghie, mentre la lampada mantiene la sua presentabilit\u00e0 esterna. Nella parte superiore della custodia c&#8217;\u00e8 una maniglia per un trasporto comodo e la parte inferiore del corpo \u00e8 rimovibile, il che permette di usare la lampada anche per la pedicure.<\/p>\n","protected":false},"featured_media":45759,"comment_status":"closed","ping_status":"open","template":"","meta":[],"product_brand":[],"product_cat":[147,2627,170,1509],"product_tag":[171,3281,3282],"class_list":{"0":"post-45758","1":"product","2":"type-product","3":"status-publish","4":"has-post-thumbnail","6":"product_cat-apparecchiature","7":"product_cat-kodi","8":"product_cat-lampade","9":"product_cat-top-brand-professionali-unghie","10":"product_tag-lampada","11":"product_tag-lampada-led","12":"product_tag-lampada-professionale","14":"first","15":"instock","16":"shipping-taxable","17":"purchasable","18":"product-type-simple"},"_links":{"self":[{"href":"https:\/\/serverdedicato.lovenailsrivenditore.com\/index.php?rest_route=\/wp\/v2\/product\/45758","targetHints":{"allow":["GET"]}}],"collection":[{"href":"https:\/\/serverdedicato.lovenailsrivenditore.com\/index.php?rest_route=\/wp\/v2\/product"}],"about":[{"href":"https:\/\/serverdedicato.lovenailsrivenditore.com\/index.php?rest_route=\/wp\/v2\/types\/product"}],"replies":[{"embeddable":true,"href":"https:\/\/serverdedicato.lovenailsrivenditore.com\/index.php?rest_route=%2Fwp%2Fv2%2Fcomments&post=45758"}],"wp:featuredmedia":[{"embeddable":true,"href":"https:\/\/serverdedicato.lovenailsrivenditore.com\/index.php?rest_route=\/wp\/v2\/media\/45759"}],"wp:attachment":[{"href":"https:\/\/serverdedicato.lovenailsrivenditore.com\/index.php?rest_route=%2Fwp%2Fv2%2Fmedia&parent=45758"}],"wp:term":[{"taxonomy":"product_brand","embeddable":true,"href":"https:\/\/serverdedicato.lovenailsrivenditore.com\/index.php?rest_route=%2Fwp%2Fv2%2Fproduct_brand&post=45758"},{"taxonomy":"product_cat","embeddable":true,"href":"https:\/\/serverdedicato.lovenailsrivenditore.com\/index.php?rest_route=%2Fwp%2Fv2%2Fproduct_cat&post=45758"},{"taxonomy":"product_tag","embeddable":true,"href":"https:\/\/serverdedicato.lovenailsrivenditore.com\/index.php?rest_route=%2Fwp%2Fv2%2Fproduct_tag&post=45758"}],"curies":[{"name":"wp","href":"https:\/\/api.w.org\/{rel}","templated":true}]}}