{"id":45793,"date":"2026-03-08T18:05:23","date_gmt":"2026-03-08T17:05:23","guid":{"rendered":"https:\/\/serverdedicato.lovenailsrivenditore.com\/?product=kodi-cold-gel-transparent-25ml"},"modified":"2026-04-20T16:53:43","modified_gmt":"2026-04-20T14:53:43","slug":"kodi-cold-gel-transparent-25ml","status":"publish","type":"product","link":"https:\/\/serverdedicato.lovenailsrivenditore.com\/?product=kodi-cold-gel-transparent-25ml","title":{"rendered":"KODI &#8211; COLD GEL &#8211; TRANSPARENT &#8211; 25ml"},"content":{"rendered":"<p>Il prodotto combina innovazione, comfort di lavoro e risultati estetici senza difetti.<\/p>\n<p>Grazie alla sua consistenza di viscosit\u00e0 media, il gel \u00e8 distribuito uniformemente sulle unghie e un&#8217;elevata tixotropia garantisce un&#8217;eccellente qualit\u00e0 di adesione del materiale alla lamina ungueale naturale.<\/p>\n<p>Il gel pu\u00f2 essere usato per modellare unghie di qualsiasi forma con l&#8217;altezza dell&#8217;apice necessaria, per allineare e rafforzare le unghie. Ulteriori vantaggi saranno la possibilit\u00e0 di lavorare in tecnica senza limatura.<\/p>\n<p>Il gel ha una leggera reazione esotermica, quindi non brucia in lampada.<\/p>\n<p><b>Come usare:<\/b> prima di applicare il gel, si consiglia di applicare il gel base in modo sottile. La polimerizzazione di ogni strato in una lampada UV \u00e8 di 180 secondi, in una lampada LED di 120 secondi.<\/p>\n","protected":false},"excerpt":{"rendered":"<p>Il prodotto combina innovazione, comfort di lavoro e risultati estetici senza difetti.<\/p>\n<p>Grazie alla sua consistenza di viscosit\u00e0 media, il gel \u00e8 distribuito uniformemente sulle unghie e un&#8217;elevata tixotropia garantisce un&#8217;eccellente qualit\u00e0 di adesione del materiale alla lamina ungueale naturale.<\/p>\n<p>Il gel pu\u00f2 essere usato per modellare unghie di qualsiasi forma con l&#8217;altezza dell&#8217;apice necessaria, per allineare e rafforzare le unghie. Ulteriori vantaggi saranno la possibilit\u00e0 di lavorare in tecnica senza limatura.<\/p>\n<p>Il gel ha una leggera reazione esotermica, quindi non brucia in lampada.<\/p>\n<p>&nbsp;<\/p>\n<p><b>Come usare:<\/b> prima di applicare il gel, si consiglia di applicare il gel base in modo sottile. La polimerizzazione di ogni strato in una lampada UV \u00e8 di 180 secondi, in una lampada LED di 120 secondi.<\/p>\n","protected":false},"featured_media":45794,"comment_status":"closed","ping_status":"open","template":"","meta":[],"product_brand":[],"product_cat":[2662,224,223,2627,1509],"product_tag":[3268,2672,2033],"class_list":{"0":"post-45793","1":"product","2":"type-product","3":"status-publish","4":"has-post-thumbnail","6":"product_cat-costruttori-kodi","7":"product_cat-costruttori","8":"product_cat-gel-uv","9":"product_cat-kodi","10":"product_cat-top-brand-professionali-unghie","11":"product_tag-cold-gel","12":"product_tag-gel-builder","13":"product_tag-gel-costruttore","15":"first","16":"instock","17":"shipping-taxable","18":"purchasable","19":"product-type-simple"},"_links":{"self":[{"href":"https:\/\/serverdedicato.lovenailsrivenditore.com\/index.php?rest_route=\/wp\/v2\/product\/45793","targetHints":{"allow":["GET"]}}],"collection":[{"href":"https:\/\/serverdedicato.lovenailsrivenditore.com\/index.php?rest_route=\/wp\/v2\/product"}],"about":[{"href":"https:\/\/serverdedicato.lovenailsrivenditore.com\/index.php?rest_route=\/wp\/v2\/types\/product"}],"replies":[{"embeddable":true,"href":"https:\/\/serverdedicato.lovenailsrivenditore.com\/index.php?rest_route=%2Fwp%2Fv2%2Fcomments&post=45793"}],"wp:featuredmedia":[{"embeddable":true,"href":"https:\/\/serverdedicato.lovenailsrivenditore.com\/index.php?rest_route=\/wp\/v2\/media\/45794"}],"wp:attachment":[{"href":"https:\/\/serverdedicato.lovenailsrivenditore.com\/index.php?rest_route=%2Fwp%2Fv2%2Fmedia&parent=45793"}],"wp:term":[{"taxonomy":"product_brand","embeddable":true,"href":"https:\/\/serverdedicato.lovenailsrivenditore.com\/index.php?rest_route=%2Fwp%2Fv2%2Fproduct_brand&post=45793"},{"taxonomy":"product_cat","embeddable":true,"href":"https:\/\/serverdedicato.lovenailsrivenditore.com\/index.php?rest_route=%2Fwp%2Fv2%2Fproduct_cat&post=45793"},{"taxonomy":"product_tag","embeddable":true,"href":"https:\/\/serverdedicato.lovenailsrivenditore.com\/index.php?rest_route=%2Fwp%2Fv2%2Fproduct_tag&post=45793"}],"curies":[{"name":"wp","href":"https:\/\/api.w.org\/{rel}","templated":true}]}}