{"id":45937,"date":"2026-03-09T10:45:32","date_gmt":"2026-03-09T09:45:32","guid":{"rendered":"https:\/\/serverdedicato.lovenailsrivenditore.com\/?product=hey-love-nail-cushion-set-white-6-colours"},"modified":"2026-04-20T16:56:34","modified_gmt":"2026-04-20T14:56:34","slug":"hey-love-nail-cushion-set-white-6-colours","status":"publish","type":"product","link":"https:\/\/serverdedicato.lovenailsrivenditore.com\/?product=hey-love-nail-cushion-set-white-6-colours","title":{"rendered":"HEY LOVE &#8211; NAIL CUSHION SET WHITE &#8211; 6 COLOURS"},"content":{"rendered":"<p>HEYLOVE Nail Cushion Set White: Set 3-in-1 Ombre Gel Paint: Gradient, Stamping e Design \u2013 Questo set rende facile creare transizioni di colore morbide sulle unghie e realizzare una variet\u00e0 di elementi artistici senza usare aerografo o strumenti inutili. Il set include sei gel da 2g, tre spugne e un comodo supporto per spugna color oro rosa.<\/p>\n<p>Il Set CUSHION HEYLOVE Bianco \u00e8 un kit per decorazioni sfumate (in tonalit\u00e0 delicate) con sei colori gel: bianco, rosa, lavanda, beige, beige chiaro e azzurro chiaro.\u00a0\u00a0Ogni tonalit\u00e0 ha un fascino unico ed \u00e8 adatta a una variet\u00e0 di design per unghie. Possono essere combinati tra loro.<\/p>\n<p>Questi gel ombre hanno una consistenza media e sono realizzati con polimeri e pigmenti sicuri. Questi materiali offrono un colore ricco e una forte adesione alla lamina ungueale senza crepe o scheggiature. Polimerizzano rapidamente in lampada UV\/LED in 1 minuto.<\/p>\n<p>Importante: i gel sono sensibili alla luce UV, quindi tieni i barattoli aperti lontano dalla luce diretta del sole e della lampada durante il lavoro per evitare una polimerizzazione prematura.<\/p>\n<p>Questo set di unghie gel ombre presenta spugne in lattice morbide a forma di cubo. Il materiale assorbe bene il gel e lo distribuisce uniformemente sulla superficie dell&#8217;unghia senza creare bordi netti o striature. L&#8217;elasticit\u00e0 delle spugne permette loro di adattarsi alla forma dell&#8217;unghia, facilitando il lavoro anche sui bordi. Possono essere pulite e riutilizzate pi\u00f9 volte mantenendo integrit\u00e0 ed elasticit\u00e0.<\/p>\n<p>Per una manicure a gradiente ordinata, il set include un supporto per spugna color oro rosa. \u00c8 lungo 12 cm e ha un diametro di 1 cm. \u00c8 realizzato in metallo, un materiale durevole e resistente alla corrosione. Il supporto pu\u00f2 essere disinfettato dopo l&#8217;uso. Il suo design studiato con superficie testurizzata rende il supporto comodo da tenere, antiscivolo e riduce lo stress sulle dita.<\/p>\n<p>I gel sono contenuti in barattoli singoli a forma di cuscino con un dispenser a rete. Premendo delicatamente sul dispenser a rete, la spugna si satura uniformemente di pigmento senza eccessi. Questo design previene l&#8217;essiccazione del contenuto, facilita l&#8217;applicazione e aiuta a usare il prodotto con parsimonia.<\/p>\n<p><strong>Incluso:<\/strong><\/p>\n<p>&#8211; 6 colori gel (ciascuno da 2g): bianco, rosa, lavanda, beige, beige chiaro e azzurro chiaro<br \/>\n&#8211; 3 spugne in lattice;<br \/>\n&#8211; un supporto per spugna in metallo color oro rosa;<\/p>\n<p><strong>Come usare:<br \/>\n<\/strong>&#8211; Esegui la manicure e applica una base.<br \/>\n&#8211; Apri il barattolo e rimuovi la linguetta protettiva bianca.<br \/>\n&#8211; Prendi la spugna con il supporto.<br \/>\n&#8211; Seleziona una tonalit\u00e0 dal HEYLOVE Nail Cushion Set Brown e premi delicatamente la spugna sul dispenser a rete nel barattolo per distribuire uniformemente il pigmento. Per un effetto pi\u00f9 intenso, puoi usare il dispenser a rete senza la spugna.<br \/>\n&#8211; Crea un gradiente in due passaggi: prima, applica la base e polimerizza nella lampada per 60 secondi, poi aggiungi il colore sulla punta della lamina ungueale per creare una transizione morbida.<\/p>\n<p>Applica il materiale con movimenti leggeri a tamponamento. Polimerizza nella lampada per 60 secondi. Se applichi troppo gel, puoi facilmente rimuovere l&#8217;eccesso con una spugna pulita.<br \/>\n&#8211; Completa il look con uno strato sottile di top coat.<\/p>\n","protected":false},"excerpt":{"rendered":"<p>HEYLOVE Nail Cushion Set White : Set 3-in-1 Ombre Gel Paint: Gradient, Stamping e Design \u2013 Questo set rende facile creare transizioni di colore morbide sulle unghie e realizzare una variet\u00e0 di elementi artistici senza usare aerografo o strumenti inutili. Il set include sei gel da 2g, tre spugne e un comodo supporto per spugna color oro rosa.<\/p>\n<p>Il Set CUSHION HEYLOVE Bianco \u00e8 un kit per decorazioni sfumate (in tonalit\u00e0 delicate) con sei colori gel: bianco, rosa, lavanda, beige, beige chiaro e azzurro chiaro.\u00a0\u00a0Ogni tonalit\u00e0 ha un fascino unico ed \u00e8 adatta a una variet\u00e0 di design per unghie. Possono essere combinati tra loro.<\/p>\n<p>Questi gel ombre hanno una consistenza media e sono realizzati con polimeri e pigmenti sicuri. Questi materiali offrono un colore ricco e una forte adesione alla lamina ungueale senza crepe o scheggiature. Polimerizzano rapidamente in lampada UV\/LED in 1 minuto.<\/p>\n","protected":false},"featured_media":45938,"comment_status":"closed","ping_status":"open","template":"","meta":[],"product_brand":[],"product_cat":[177,3004,2973],"product_tag":[3140,1021,3141],"class_list":{"0":"post-45937","1":"product","2":"type-product","3":"status-publish","4":"has-post-thumbnail","6":"product_cat-accessori","7":"product_cat-gel-decorativi-hey-love","8":"product_cat-hey-love","9":"product_tag-nail-cushion-set","10":"product_tag-ombre","11":"product_tag-sfumature","13":"first","14":"instock","15":"shipping-taxable","16":"purchasable","17":"product-type-simple"},"_links":{"self":[{"href":"https:\/\/serverdedicato.lovenailsrivenditore.com\/index.php?rest_route=\/wp\/v2\/product\/45937","targetHints":{"allow":["GET"]}}],"collection":[{"href":"https:\/\/serverdedicato.lovenailsrivenditore.com\/index.php?rest_route=\/wp\/v2\/product"}],"about":[{"href":"https:\/\/serverdedicato.lovenailsrivenditore.com\/index.php?rest_route=\/wp\/v2\/types\/product"}],"replies":[{"embeddable":true,"href":"https:\/\/serverdedicato.lovenailsrivenditore.com\/index.php?rest_route=%2Fwp%2Fv2%2Fcomments&post=45937"}],"wp:featuredmedia":[{"embeddable":true,"href":"https:\/\/serverdedicato.lovenailsrivenditore.com\/index.php?rest_route=\/wp\/v2\/media\/45938"}],"wp:attachment":[{"href":"https:\/\/serverdedicato.lovenailsrivenditore.com\/index.php?rest_route=%2Fwp%2Fv2%2Fmedia&parent=45937"}],"wp:term":[{"taxonomy":"product_brand","embeddable":true,"href":"https:\/\/serverdedicato.lovenailsrivenditore.com\/index.php?rest_route=%2Fwp%2Fv2%2Fproduct_brand&post=45937"},{"taxonomy":"product_cat","embeddable":true,"href":"https:\/\/serverdedicato.lovenailsrivenditore.com\/index.php?rest_route=%2Fwp%2Fv2%2Fproduct_cat&post=45937"},{"taxonomy":"product_tag","embeddable":true,"href":"https:\/\/serverdedicato.lovenailsrivenditore.com\/index.php?rest_route=%2Fwp%2Fv2%2Fproduct_tag&post=45937"}],"curies":[{"name":"wp","href":"https:\/\/api.w.org\/{rel}","templated":true}]}}