{"id":46036,"date":"2026-03-09T13:46:47","date_gmt":"2026-03-09T12:46:47","guid":{"rendered":"https:\/\/serverdedicato.lovenailsrivenditore.com\/?product=molly-nails-flashing-lights-n-618-intensity-8ml"},"modified":"2026-04-20T17:35:15","modified_gmt":"2026-04-20T15:35:15","slug":"molly-nails-flashing-lights-n-618-intensity-8ml","status":"publish","type":"product","link":"https:\/\/serverdedicato.lovenailsrivenditore.com\/?product=molly-nails-flashing-lights-n-618-intensity-8ml","title":{"rendered":"MOLLY NAILS &#8211; Flashing Lights N. 618 &#8211;  Intensity &#8211;  8ml"},"content":{"rendered":"<p>La collezione di colori sofisticati di MollyLac nasconde due facce.<\/p>\n<p>La prima \u00e8 una versione fumosa del colore con una fine polvere di stelle.<br \/>\nIl secondo, a sua volta, mostra milioni di particelle d\u2019argento scintillanti bagnate da splendidi colori. Quale versione sar\u00e0 visibile dipende solo dalla luce e dalla sua intensit\u00e0!<br \/>\n9 colori intriganti con una polvere argentea unica sono una proposta unica per una manicure estiva. Colori estremamente universali: saranno assolutamente perfetti per ogni occasione! Cambia il tuo look per una manicure e lucentezza! Milioni di particelle di diamanti racchiusi in una bottiglia di design ti faranno sentire una vera star di Hollywood sul tappeto rosso! I colori apparentemente scuri e ovattati aprono le loro ali con un po\u2019 di luce, che accende in loro una nuova, scintillante vita!<\/p>\n<p>&nbsp;<\/p>\n","protected":false},"excerpt":{"rendered":"<p><b>618.\u00a0<\/b>Intensit\u00e0 maestosa e misteriosa. Se ti piacciono i colori scuri, ma sei gi\u00e0 annoiato dal nero clich\u00e9, scegli una tonalit\u00e0 grafite con un milione di particelle.<\/p>\n","protected":false},"featured_media":46037,"comment_status":"closed","ping_status":"open","template":"","meta":[],"product_brand":[],"product_cat":[24,82,81,83,1509],"product_tag":[682,350,84,809,188],"class_list":{"0":"post-46036","1":"product","2":"type-product","3":"status-publish","4":"has-post-thumbnail","6":"product_cat-colori","7":"product_cat-colori-semipermanente","8":"product_cat-molly-lac","9":"product_cat-semipermanenti","10":"product_cat-top-brand-professionali-unghie","11":"product_tag-flashing-lights","12":"product_tag-glitter","13":"product_tag-molly-lac","14":"product_tag-natale","15":"product_tag-verde","17":"first","18":"instock","19":"shipping-taxable","20":"purchasable","21":"product-type-simple"},"_links":{"self":[{"href":"https:\/\/serverdedicato.lovenailsrivenditore.com\/index.php?rest_route=\/wp\/v2\/product\/46036","targetHints":{"allow":["GET"]}}],"collection":[{"href":"https:\/\/serverdedicato.lovenailsrivenditore.com\/index.php?rest_route=\/wp\/v2\/product"}],"about":[{"href":"https:\/\/serverdedicato.lovenailsrivenditore.com\/index.php?rest_route=\/wp\/v2\/types\/product"}],"replies":[{"embeddable":true,"href":"https:\/\/serverdedicato.lovenailsrivenditore.com\/index.php?rest_route=%2Fwp%2Fv2%2Fcomments&post=46036"}],"wp:featuredmedia":[{"embeddable":true,"href":"https:\/\/serverdedicato.lovenailsrivenditore.com\/index.php?rest_route=\/wp\/v2\/media\/46037"}],"wp:attachment":[{"href":"https:\/\/serverdedicato.lovenailsrivenditore.com\/index.php?rest_route=%2Fwp%2Fv2%2Fmedia&parent=46036"}],"wp:term":[{"taxonomy":"product_brand","embeddable":true,"href":"https:\/\/serverdedicato.lovenailsrivenditore.com\/index.php?rest_route=%2Fwp%2Fv2%2Fproduct_brand&post=46036"},{"taxonomy":"product_cat","embeddable":true,"href":"https:\/\/serverdedicato.lovenailsrivenditore.com\/index.php?rest_route=%2Fwp%2Fv2%2Fproduct_cat&post=46036"},{"taxonomy":"product_tag","embeddable":true,"href":"https:\/\/serverdedicato.lovenailsrivenditore.com\/index.php?rest_route=%2Fwp%2Fv2%2Fproduct_tag&post=46036"}],"curies":[{"name":"wp","href":"https:\/\/api.w.org\/{rel}","templated":true}]}}