{"id":46260,"date":"2026-03-10T12:04:26","date_gmt":"2026-03-10T11:04:26","guid":{"rendered":"https:\/\/serverdedicato.lovenailsrivenditore.com\/?product=claresa-cipria-pressata-blur-super-powder-beige-10gr"},"modified":"2026-04-20T17:38:57","modified_gmt":"2026-04-20T15:38:57","slug":"claresa-cipria-pressata-blur-super-powder-beige-10gr","status":"publish","type":"product","link":"https:\/\/serverdedicato.lovenailsrivenditore.com\/?product=claresa-cipria-pressata-blur-super-powder-beige-10gr","title":{"rendered":"CLARESA &#8211; CIPRIA PRESSATA &#8211; BLUR SUPER POW(D)ER &#8211; BEIGE &#8211; 10gr"},"content":{"rendered":"<p>BLUR BEIGE SUPER POW(D)ER! Cipria pressata per levigare otticamente la pelle<\/p>\n<p>La forma comoda e la custodia con specchio la rendono perfetta per la tua borsa e per viaggiare.<\/p>\n<p>Sogni un effetto &#8220;sfocato&#8221; alla moda sul viso? Questo fantastico effetto di levigatura ottica dei pori e delle rughe sottili sar\u00e0 fornito da BLUR BEIGE SUPER POW(D)ER! La cipria fisser\u00e0 il trucco e ti permetter\u00e0 di godere di un look radioso e fresco per tutto il giorno. Grazie alla sua texture ultraleggera, \u00e8 anche ideale come cipria per gli occhi e per ritocchi durante il giorno.<\/p>\n<p>&nbsp;<\/p>\n<p>CURIOSIT\u00c0:<\/p>\n<p>La silice contenuta nella composizione,\u00a0 liscia otticamente la pelle, mentre la tapioca la idrata intensamente. La formula \u00e8 ricca di antiossidanti che favoriscono la protezione contro il fotoinvecchiamento della pelle, e nell&#8217;olio di marula e nell&#8217;olio di rosa, che hanno un effetto rigenerante e nutriente.<\/p>\n","protected":false},"excerpt":{"rendered":"<p>BLUR BEIGE SUPER POW(D)ER! Cipria pressata per levigare otticamente la pelle<\/p>\n<p>La forma comoda e la custodia con specchio la rendono perfetta per la tua borsa e per viaggiare.<\/p>\n<p>Sogni un effetto &#8220;sfocato&#8221; alla moda sul viso? Questo fantastico effetto di levigatura ottica dei pori e delle rughe sottili sar\u00e0 fornito da BLUR BEIGE SUPER POW(D)ER! La cipria fisser\u00e0 il trucco e ti permetter\u00e0 di godere di un look radioso e fresco per tutto il giorno. Grazie alla sua texture ultraleggera, \u00e8 anche ideale come cipria per gli occhi e per ritocchi durante il giorno.<\/p>\n","protected":false},"featured_media":46261,"comment_status":"closed","ping_status":"open","template":"","meta":[],"product_brand":[],"product_cat":[2319,1856,2329],"product_tag":[120,2359,2655],"class_list":{"0":"post-46260","1":"product","2":"type-product","3":"status-publish","4":"has-post-thumbnail","6":"product_cat-claresa-make-up","7":"product_cat-make-up","8":"product_cat-viso-claresa-make-up","9":"product_tag-blur","10":"product_tag-cipria","11":"product_tag-cipria-compatta","13":"first","14":"instock","15":"shipping-taxable","16":"purchasable","17":"product-type-simple"},"_links":{"self":[{"href":"https:\/\/serverdedicato.lovenailsrivenditore.com\/index.php?rest_route=\/wp\/v2\/product\/46260","targetHints":{"allow":["GET"]}}],"collection":[{"href":"https:\/\/serverdedicato.lovenailsrivenditore.com\/index.php?rest_route=\/wp\/v2\/product"}],"about":[{"href":"https:\/\/serverdedicato.lovenailsrivenditore.com\/index.php?rest_route=\/wp\/v2\/types\/product"}],"replies":[{"embeddable":true,"href":"https:\/\/serverdedicato.lovenailsrivenditore.com\/index.php?rest_route=%2Fwp%2Fv2%2Fcomments&post=46260"}],"wp:featuredmedia":[{"embeddable":true,"href":"https:\/\/serverdedicato.lovenailsrivenditore.com\/index.php?rest_route=\/wp\/v2\/media\/46261"}],"wp:attachment":[{"href":"https:\/\/serverdedicato.lovenailsrivenditore.com\/index.php?rest_route=%2Fwp%2Fv2%2Fmedia&parent=46260"}],"wp:term":[{"taxonomy":"product_brand","embeddable":true,"href":"https:\/\/serverdedicato.lovenailsrivenditore.com\/index.php?rest_route=%2Fwp%2Fv2%2Fproduct_brand&post=46260"},{"taxonomy":"product_cat","embeddable":true,"href":"https:\/\/serverdedicato.lovenailsrivenditore.com\/index.php?rest_route=%2Fwp%2Fv2%2Fproduct_cat&post=46260"},{"taxonomy":"product_tag","embeddable":true,"href":"https:\/\/serverdedicato.lovenailsrivenditore.com\/index.php?rest_route=%2Fwp%2Fv2%2Fproduct_tag&post=46260"}],"curies":[{"name":"wp","href":"https:\/\/api.w.org\/{rel}","templated":true}]}}