{"id":46279,"date":"2026-03-10T12:27:56","date_gmt":"2026-03-10T11:27:56","guid":{"rendered":"https:\/\/serverdedicato.lovenailsrivenditore.com\/?product=molly-nails-french-manicure-n-137-8gr"},"modified":"2026-04-20T17:39:17","modified_gmt":"2026-04-20T15:39:17","slug":"molly-nails-french-manicure-n-137-8gr","status":"publish","type":"product","link":"https:\/\/serverdedicato.lovenailsrivenditore.com\/?product=molly-nails-french-manicure-n-137-8gr","title":{"rendered":"MOLLY NAILS &#8211; FRENCH MANICURE n.137 &#8211; 8gr"},"content":{"rendered":"<p>La\u00a0<strong>consistenza perfettamente cremosa<\/strong>\u00a0e la\u00a0<strong>formula innovativa<\/strong>\u00a0garantiscono una facilit\u00e0 di applicazione dello smalto ibrido.<\/p>\n<p>Il\u00a0<strong>pennello di precisione \u00e8 adattato alla densit\u00e0 del prodotto.<\/strong><\/p>\n<p><b>137. Rosa pesca &#8211;\u00a0<\/b>Questa \u00e8 una tonalit\u00e0 delicata che combina la sottigliezza di una tonalit\u00e0 calda pesca con un delicato rosa<\/p>\n<p><strong>Formula senza HEMA\/Di-HEMA.<\/strong><\/p>\n","protected":false},"excerpt":{"rendered":"<p>La\u00a0<strong>consistenza perfettamente cremosa<\/strong>\u00a0e la\u00a0<strong>formula innovativa<\/strong>\u00a0garantiscono una facilit\u00e0 di applicazione dello smalto ibrido.<\/p>\n<p>Il\u00a0<strong>pennello di precisione \u00e8 adattato alla densit\u00e0 del prodotto.<\/strong><\/p>\n<p><b>137. Rosa pesca &#8211;\u00a0<\/b>Questa \u00e8 una tonalit\u00e0 delicata che combina la sottigliezza di una tonalit\u00e0 calda pesca con un delicato rosa<\/p>\n<p><strong>Formula senza HEMA\/Di-HEMA.<\/strong><\/p>\n","protected":false},"featured_media":46280,"comment_status":"closed","ping_status":"open","template":"","meta":[],"product_brand":[],"product_cat":[24,82,81,83,1509],"product_tag":[76,1442,3234],"class_list":{"0":"post-46279","1":"product","2":"type-product","3":"status-publish","4":"has-post-thumbnail","6":"product_cat-colori","7":"product_cat-colori-semipermanente","8":"product_cat-molly-lac","9":"product_cat-semipermanenti","10":"product_cat-top-brand-professionali-unghie","11":"product_tag-glass","12":"product_tag-natural","13":"product_tag-semitrasparente","15":"first","16":"outofstock","17":"shipping-taxable","18":"purchasable","19":"product-type-simple"},"_links":{"self":[{"href":"https:\/\/serverdedicato.lovenailsrivenditore.com\/index.php?rest_route=\/wp\/v2\/product\/46279","targetHints":{"allow":["GET"]}}],"collection":[{"href":"https:\/\/serverdedicato.lovenailsrivenditore.com\/index.php?rest_route=\/wp\/v2\/product"}],"about":[{"href":"https:\/\/serverdedicato.lovenailsrivenditore.com\/index.php?rest_route=\/wp\/v2\/types\/product"}],"replies":[{"embeddable":true,"href":"https:\/\/serverdedicato.lovenailsrivenditore.com\/index.php?rest_route=%2Fwp%2Fv2%2Fcomments&post=46279"}],"wp:featuredmedia":[{"embeddable":true,"href":"https:\/\/serverdedicato.lovenailsrivenditore.com\/index.php?rest_route=\/wp\/v2\/media\/46280"}],"wp:attachment":[{"href":"https:\/\/serverdedicato.lovenailsrivenditore.com\/index.php?rest_route=%2Fwp%2Fv2%2Fmedia&parent=46279"}],"wp:term":[{"taxonomy":"product_brand","embeddable":true,"href":"https:\/\/serverdedicato.lovenailsrivenditore.com\/index.php?rest_route=%2Fwp%2Fv2%2Fproduct_brand&post=46279"},{"taxonomy":"product_cat","embeddable":true,"href":"https:\/\/serverdedicato.lovenailsrivenditore.com\/index.php?rest_route=%2Fwp%2Fv2%2Fproduct_cat&post=46279"},{"taxonomy":"product_tag","embeddable":true,"href":"https:\/\/serverdedicato.lovenailsrivenditore.com\/index.php?rest_route=%2Fwp%2Fv2%2Fproduct_tag&post=46279"}],"curies":[{"name":"wp","href":"https:\/\/api.w.org\/{rel}","templated":true}]}}