{"id":46317,"date":"2026-03-10T13:20:01","date_gmt":"2026-03-10T12:20:01","guid":{"rendered":"https:\/\/serverdedicato.lovenailsrivenditore.com\/?product=kodi-professional-mascara-queens-choice-smeraldo-10ml"},"modified":"2026-04-20T17:39:53","modified_gmt":"2026-04-20T15:39:53","slug":"kodi-professional-mascara-queens-choice-smeraldo-10ml","status":"publish","type":"product","link":"https:\/\/serverdedicato.lovenailsrivenditore.com\/?product=kodi-professional-mascara-queens-choice-smeraldo-10ml","title":{"rendered":"KODI PROFESSIONAL -MASCARA QUEEN&#8217;S CHOICE &#8211; SMERALDO &#8211; 10ml"},"content":{"rendered":"<p>La collezione di mascara Queens Choice \u00e8 un nuovo prodotto all&#8217;avanguardia creato dagli esperti di Kodi Professional Makeup. La formula migliorata del prodotto decorativo \u00e8 stata sviluppata tenendo conto di tutti i desideri dei truccatori professionisti. La composizione bilanciata garantisce una durata impeccabile, senza colare n\u00e9 lasciare segni sulle palpebre. La texture cremosa e cerosa del mascara crea un effetto vellutato sulle ciglia, le allunga perfettamente, le incurva e dona loro ulteriore volume. La speciale configurazione del pennello facilita la modellazione della linea delle ciglia, consentendoti di creare l&#8217;effetto desiderato sui tuoi occhi. La formula del mascara \u00e8 ricca di pigmenti ultra resistenti. Il colore 03 smeraldo \u00e8 una tonalit\u00e0 di verde che metter\u00e0 immediatamente in risalto gli occhi, dando al trucco un tocco interessante. Tutti i mascara della collezione Queens Choice si risciacquano facilmente con acqua tiepida, rendendo la rimozione del trucco immediata.<\/p>\n","protected":false},"excerpt":{"rendered":"<p>La collezione di mascara Queens Choice \u00e8 un nuovo prodotto all&#8217;avanguardia creato dagli esperti di Kodi Professional Makeup. La formula migliorata del prodotto decorativo \u00e8 stata sviluppata tenendo conto di tutti i desideri dei truccatori professionisti. La composizione bilanciata garantisce una durata impeccabile, senza colare n\u00e9 lasciare segni sulle palpebre. La texture cremosa e cerosa del mascara crea un effetto vellutato sulle ciglia, le allunga perfettamente, le incurva e dona loro ulteriore volume. La speciale configurazione del pennello facilita la modellazione della linea delle ciglia, consentendoti di creare l&#8217;effetto desiderato sui tuoi occhi. La formula del mascara \u00e8 ricca di pigmenti ultra resistenti. Il colore 03 smeraldo \u00e8 una tonalit\u00e0 di verde che metter\u00e0 immediatamente in risalto gli occhi, dando al trucco un tocco interessante. Tutti i mascara della collezione Queens Choice si risciacquano facilmente con acqua tiepida, rendendo la rimozione del trucco immediata.<\/p>\n","protected":false},"featured_media":46318,"comment_status":"closed","ping_status":"open","template":"","meta":[],"product_brand":[],"product_cat":[2627,2628,1856,2318,2643,1509],"product_tag":[1867,2645],"class_list":{"0":"post-46317","1":"product","2":"type-product","3":"status-publish","4":"has-post-thumbnail","6":"product_cat-kodi","7":"product_cat-kodi-professional","8":"product_cat-make-up","9":"product_cat-occhi","10":"product_cat-occhi-kodi-professional","11":"product_cat-top-brand-professionali-unghie","12":"product_tag-mascara","13":"product_tag-mascara-blue","15":"first","16":"instock","17":"shipping-taxable","18":"purchasable","19":"product-type-simple"},"_links":{"self":[{"href":"https:\/\/serverdedicato.lovenailsrivenditore.com\/index.php?rest_route=\/wp\/v2\/product\/46317","targetHints":{"allow":["GET"]}}],"collection":[{"href":"https:\/\/serverdedicato.lovenailsrivenditore.com\/index.php?rest_route=\/wp\/v2\/product"}],"about":[{"href":"https:\/\/serverdedicato.lovenailsrivenditore.com\/index.php?rest_route=\/wp\/v2\/types\/product"}],"replies":[{"embeddable":true,"href":"https:\/\/serverdedicato.lovenailsrivenditore.com\/index.php?rest_route=%2Fwp%2Fv2%2Fcomments&post=46317"}],"wp:featuredmedia":[{"embeddable":true,"href":"https:\/\/serverdedicato.lovenailsrivenditore.com\/index.php?rest_route=\/wp\/v2\/media\/46318"}],"wp:attachment":[{"href":"https:\/\/serverdedicato.lovenailsrivenditore.com\/index.php?rest_route=%2Fwp%2Fv2%2Fmedia&parent=46317"}],"wp:term":[{"taxonomy":"product_brand","embeddable":true,"href":"https:\/\/serverdedicato.lovenailsrivenditore.com\/index.php?rest_route=%2Fwp%2Fv2%2Fproduct_brand&post=46317"},{"taxonomy":"product_cat","embeddable":true,"href":"https:\/\/serverdedicato.lovenailsrivenditore.com\/index.php?rest_route=%2Fwp%2Fv2%2Fproduct_cat&post=46317"},{"taxonomy":"product_tag","embeddable":true,"href":"https:\/\/serverdedicato.lovenailsrivenditore.com\/index.php?rest_route=%2Fwp%2Fv2%2Fproduct_tag&post=46317"}],"curies":[{"name":"wp","href":"https:\/\/api.w.org\/{rel}","templated":true}]}}