{"id":46346,"date":"2026-03-10T14:45:43","date_gmt":"2026-03-10T13:45:43","guid":{"rendered":"https:\/\/serverdedicato.lovenailsrivenditore.com\/?product=kodi-powder-blush-persimmon-7gr"},"modified":"2026-04-20T17:40:23","modified_gmt":"2026-04-20T15:40:23","slug":"kodi-powder-blush-persimmon-7gr","status":"publish","type":"product","link":"https:\/\/serverdedicato.lovenailsrivenditore.com\/?product=kodi-powder-blush-persimmon-7gr","title":{"rendered":"KODI &#8211; POWDER BLUSH &#8211; PERSIMMON &#8211; 7gr"},"content":{"rendered":"<p>Quando si esegue il trucco professionale, il blush non \u00e8 un prodotto decorativo di importanza fondamentale, ma sotto molti aspetti \u00e8 l&#8217;uso del blush a determinare la percezione estetica del viso e dell&#8217;immagine nel suo complesso. Il blush d\u00e0 al viso il sollievo e la freschezza necessari, rende i tratti pi\u00f9 sofisticati.<\/p>\n<p>Il blush compatto KODI PROFESSIONAL Make-up ha una base minerale e una texture opaca fine. Il prodotto \u00e8 molto facile da usare e corregge facilmente la forma del viso, donando alla pelle un rossore naturale e sano. Per ottenere l&#8217;effetto di volume, \u00e8 necessario definire la linea dello zigomo. Il blush \u00e8 ben distribuito e sfumato sulla pelle, rendendo il trucco completo e la pelle morbida e setosa.<\/p>\n<p>Come usare: Prendi la quantit\u00e0 richiesta del prodotto con un pennello e applicala sulla pelle in polvere.<\/p>\n","protected":false},"excerpt":{"rendered":"<p>Quando si esegue il trucco professionale, il blush non \u00e8 un prodotto decorativo di importanza fondamentale, ma sotto molti aspetti \u00e8 l&#8217;uso del blush a determinare la percezione estetica del viso e dell&#8217;immagine nel suo complesso. Il blush d\u00e0 al viso il sollievo e la freschezza necessari, rende i tratti pi\u00f9 sofisticati.<\/p>\n<p>Il blush compatto KODI PROFESSIONAL Make-up ha una base minerale e una texture opaca fine. Il prodotto \u00e8 molto facile da usare e corregge facilmente la forma del viso, donando alla pelle un rossore naturale e sano. Per ottenere l&#8217;effetto di volume, \u00e8 necessario definire la linea dello zigomo. Il blush \u00e8 ben distribuito e sfumato sulla pelle, rendendo il trucco completo e la pelle morbida e setosa.<\/p>\n<p>Come usare: Prendi la quantit\u00e0 richiesta del prodotto con un pennello e applicala sulla pelle in polvere.<\/p>\n","protected":false},"featured_media":46347,"comment_status":"closed","ping_status":"open","template":"","meta":[],"product_brand":[],"product_cat":[2628,1856,2629],"product_tag":[1805,3290],"class_list":{"0":"post-46346","1":"product","2":"type-product","3":"status-publish","4":"has-post-thumbnail","6":"product_cat-kodi-professional","7":"product_cat-make-up","8":"product_cat-viso-kodi-professional","9":"product_tag-blush","10":"product_tag-blush-lavender","12":"first","13":"instock","14":"shipping-taxable","15":"purchasable","16":"product-type-simple"},"_links":{"self":[{"href":"https:\/\/serverdedicato.lovenailsrivenditore.com\/index.php?rest_route=\/wp\/v2\/product\/46346","targetHints":{"allow":["GET"]}}],"collection":[{"href":"https:\/\/serverdedicato.lovenailsrivenditore.com\/index.php?rest_route=\/wp\/v2\/product"}],"about":[{"href":"https:\/\/serverdedicato.lovenailsrivenditore.com\/index.php?rest_route=\/wp\/v2\/types\/product"}],"replies":[{"embeddable":true,"href":"https:\/\/serverdedicato.lovenailsrivenditore.com\/index.php?rest_route=%2Fwp%2Fv2%2Fcomments&post=46346"}],"wp:featuredmedia":[{"embeddable":true,"href":"https:\/\/serverdedicato.lovenailsrivenditore.com\/index.php?rest_route=\/wp\/v2\/media\/46347"}],"wp:attachment":[{"href":"https:\/\/serverdedicato.lovenailsrivenditore.com\/index.php?rest_route=%2Fwp%2Fv2%2Fmedia&parent=46346"}],"wp:term":[{"taxonomy":"product_brand","embeddable":true,"href":"https:\/\/serverdedicato.lovenailsrivenditore.com\/index.php?rest_route=%2Fwp%2Fv2%2Fproduct_brand&post=46346"},{"taxonomy":"product_cat","embeddable":true,"href":"https:\/\/serverdedicato.lovenailsrivenditore.com\/index.php?rest_route=%2Fwp%2Fv2%2Fproduct_cat&post=46346"},{"taxonomy":"product_tag","embeddable":true,"href":"https:\/\/serverdedicato.lovenailsrivenditore.com\/index.php?rest_route=%2Fwp%2Fv2%2Fproduct_tag&post=46346"}],"curies":[{"name":"wp","href":"https:\/\/api.w.org\/{rel}","templated":true}]}}